{"id":5521,"date":"2020-12-01T17:43:40","date_gmt":"2020-12-01T23:43:40","guid":{"rendered":"https:\/\/willowhouse.org\/grupo-de-apoyo-para-el-duelo-en-espanol\/"},"modified":"2021-02-03T10:39:15","modified_gmt":"2021-02-03T16:39:15","slug":"grupo-de-apoyo-para-el-duelo-en-espanol","status":"publish","type":"page","link":"https:\/\/original.willowhouse.org\/es\/grupo-de-apoyo-para-el-duelo-en-espanol\/","title":{"rendered":"Talleres de duelo en espa\u00f1ol"},"content":{"rendered":"\t\t<div data-elementor-type=\"wp-post\" data-elementor-id=\"5521\" class=\"elementor elementor-5521 elementor-5505\">\n\t\t\t\t\t\t<div class=\"elementor-inner\">\n\t\t\t\t<div class=\"elementor-section-wrap\">\n\t\t\t\t\t\t\t\t\t<section class=\"elementor-section elementor-top-section elementor-element elementor-element-522 elementor-section-stretched elementor-section-full_width elementor-section-height-min-height elementor-section-height-default elementor-section-items-middle\" data-id=\"522\" data-element_type=\"section\" data-settings=\"{&quot;stretch_section&quot;:&quot;section-stretched&quot;,&quot;background_background&quot;:&quot;classic&quot;}\">\n\t\t\t\t\t\t<div class=\"elementor-container elementor-column-gap-default\">\n\t\t\t\t\t\t\t<div class=\"elementor-row\">\n\t\t\t\t\t<div class=\"elementor-column elementor-col-100 elementor-top-column elementor-element elementor-element-6553\" data-id=\"6553\" data-element_type=\"column\">\n\t\t\t<div class=\"elementor-column-wrap elementor-element-populated\">\n\t\t\t\t\t\t\t<div class=\"elementor-widget-wrap\">\n\t\t\t\t\t\t<div class=\"elementor-element elementor-element-4017 elementor-widget elementor-widget-heading\" data-id=\"4017\" data-element_type=\"widget\" data-widget_type=\"heading.default\">\n\t\t\t\t<div class=\"elementor-widget-container\">\n\t\t\t<h1 class=\"elementor-heading-title elementor-size-default\">Talleres de duelo en espa\u00f1ol<\/h1>\t\t<\/div>\n\t\t\t\t<\/div>\n\t\t\t\t\t\t<\/div>\n\t\t\t\t\t<\/div>\n\t\t<\/div>\n\t\t\t\t\t\t\t\t<\/div>\n\t\t\t\t\t<\/div>\n\t\t<\/section>\n\t\t\t\t<section class=\"elementor-section elementor-top-section elementor-element elementor-element-b5ea2aa elementor-section-boxed elementor-section-height-default elementor-section-height-default\" data-id=\"b5ea2aa\" data-element_type=\"section\">\n\t\t\t\t\t\t<div class=\"elementor-container elementor-column-gap-default\">\n\t\t\t\t\t\t\t<div class=\"elementor-row\">\n\t\t\t\t\t<div class=\"elementor-column elementor-col-100 elementor-top-column elementor-element elementor-element-e9a43ad\" data-id=\"e9a43ad\" data-element_type=\"column\">\n\t\t\t<div class=\"elementor-column-wrap elementor-element-populated\">\n\t\t\t\t\t\t\t<div class=\"elementor-widget-wrap\">\n\t\t\t\t\t\t<div class=\"elementor-element elementor-element-41ca22d elementor-widget elementor-widget-spacer\" data-id=\"41ca22d\" data-element_type=\"widget\" data-widget_type=\"spacer.default\">\n\t\t\t\t<div class=\"elementor-widget-container\">\n\t\t\t\t\t<div class=\"elementor-spacer\">\n\t\t\t<div class=\"elementor-spacer-inner\"><\/div>\n\t\t<\/div>\n\t\t\t\t<\/div>\n\t\t\t\t<\/div>\n\t\t\t\t<div class=\"elementor-element elementor-element-5ecebc0 elementor-widget elementor-widget-text-editor\" data-id=\"5ecebc0\" data-element_type=\"widget\" data-widget_type=\"text-editor.default\">\n\t\t\t\t<div class=\"elementor-widget-container\">\n\t\t\t\t\t\t\t\t<div class=\"elementor-text-editor elementor-clearfix\">\n\t\t\t\t<p style=\"text-align: center;\"><span class=\"JsGRdQ\">\u00danase a nosotros en nuestros talleres virtuales de duelo en espa\u00f1ol. Ven a un taller o a todos, \u00a1gratis! Cada sesi\u00f3n se centrar\u00e1 en un tema diferente relacionado con el duelo. Habr\u00e1 tiempo para aprender y compartir sus propios sentimientos sobre su viaje de duelo. Los talleres est\u00e1n destinados a adultos.<br \/>\n<\/span><\/p>\n<p style=\"text-align: center;\"><span class=\"JsGRdQ\">Complete el registro a continuaci\u00f3n para inscribirse en los talleres. Se enviar\u00e1 un enlace para unirse al taller el d\u00eda del taller. Si tiene problemas para registrarse, comun\u00edquese con Willow House enviando un correo electr\u00f3nico a info@willowhouse.org.\u00a0<\/span><\/p>\n\t\t\t\t\t<\/div>\n\t\t\t\t\t\t<\/div>\n\t\t\t\t<\/div>\n\t\t\t\t<div class=\"elementor-element elementor-element-ed82497 elementor-widget elementor-widget-heading\" data-id=\"ed82497\" data-element_type=\"widget\" data-widget_type=\"heading.default\">\n\t\t\t\t<div class=\"elementor-widget-container\">\n\t\t\t<h4 class=\"elementor-heading-title elementor-size-default\">Fechas y temas del taller<\/h4>\t\t<\/div>\n\t\t\t\t<\/div>\n\t\t\t\t<div class=\"elementor-element elementor-element-dd6d5e9 elementor-widget elementor-widget-text-editor\" data-id=\"dd6d5e9\" data-element_type=\"widget\" data-widget_type=\"text-editor.default\">\n\t\t\t\t<div class=\"elementor-widget-container\">\n\t\t\t\t\t\t\t\t<div class=\"elementor-text-editor elementor-clearfix\">\n\t\t\t\t<p>Todos los talleres se re\u00fanen de 7:30 a 8:30 p. M. Los lunes.<\/p>\n<ul>\n<li>8 y 15 de febrero &#8211; El Proceso de Duelo<\/li>\n<li>8 y 22 de marzo &#8211; Ni\u00f1os y Adolescentes en duelo<\/li>\n<li>12 y 19 de abril &#8211; Estrategias de Afrontamiento<\/li>\n<li>3 y 17 de mayo &#8211; Familia Resiliente<\/li>\n<\/ul>\n\t\t\t\t\t<\/div>\n\t\t\t\t\t\t<\/div>\n\t\t\t\t<\/div>\n\t\t\t\t<div class=\"elementor-element elementor-element-ffbda35 elementor-widget elementor-widget-spacer\" data-id=\"ffbda35\" data-element_type=\"widget\" data-widget_type=\"spacer.default\">\n\t\t\t\t<div class=\"elementor-widget-container\">\n\t\t\t\t\t<div class=\"elementor-spacer\">\n\t\t\t<div class=\"elementor-spacer-inner\"><\/div>\n\t\t<\/div>\n\t\t\t\t<\/div>\n\t\t\t\t<\/div>\n\t\t\t\t\t\t<\/div>\n\t\t\t\t\t<\/div>\n\t\t<\/div>\n\t\t\t\t\t\t\t\t<\/div>\n\t\t\t\t\t<\/div>\n\t\t<\/section>\n\t\t\t\t<section class=\"elementor-section elementor-top-section elementor-element elementor-element-db8bb96 elementor-section-full_width elementor-section-height-default elementor-section-height-default\" data-id=\"db8bb96\" data-element_type=\"section\">\n\t\t\t\t\t\t<div class=\"elementor-container elementor-column-gap-default\">\n\t\t\t\t\t\t\t<div class=\"elementor-row\">\n\t\t\t\t\t<div class=\"elementor-column elementor-col-100 elementor-top-column elementor-element elementor-element-160cad9\" data-id=\"160cad9\" data-element_type=\"column\">\n\t\t\t<div class=\"elementor-column-wrap elementor-element-populated\">\n\t\t\t\t\t\t\t<div class=\"elementor-widget-wrap\">\n\t\t\t\t\t\t<div class=\"elementor-element elementor-element-251feff elementor-widget elementor-widget-text-editor\" data-id=\"251feff\" data-element_type=\"widget\" data-widget_type=\"text-editor.default\">\n\t\t\t\t<div class=\"elementor-widget-container\">\n\t\t\t\t\t\t\t\t<div class=\"elementor-text-editor elementor-clearfix\">\n\t\t\t\t<p><iframe src=\"https:\/\/www.getfeedback.com\/e\/qJpZwNfc\" width=\"100%\" height=\"1000\" frameborder=\"0\" marginwidth=\"0\" marginheight=\"0\">Loading&#8230;<\/iframe><\/p>\n\t\t\t\t\t<\/div>\n\t\t\t\t\t\t<\/div>\n\t\t\t\t<\/div>\n\t\t\t\t\t\t<\/div>\n\t\t\t\t\t<\/div>\n\t\t<\/div>\n\t\t\t\t\t\t\t\t<\/div>\n\t\t\t\t\t<\/div>\n\t\t<\/section>\n\t\t\t\t\t\t\t\t\t<\/div>\n\t\t\t<\/div>\n\t\t\t\t\t<\/div>\n\t\t","protected":false},"excerpt":{"rendered":"<p>Talleres de duelo en espa\u00f1ol \u00danase a nosotros en nuestros talleres virtuales de duelo en espa\u00f1ol. Ven a un taller o a todos, \u00a1gratis! Cada&hellip;<\/p>\n","protected":false},"author":6,"featured_media":4290,"parent":0,"menu_order":0,"comment_status":"closed","ping_status":"closed","template":"","meta":[],"yoast_head":"<!-- This site is optimized with the Yoast SEO plugin v19.3 - https:\/\/yoast.com\/wordpress\/plugins\/seo\/ -->\n<title>Talleres de duelo en espa\u00f1ol<\/title>\n<meta name=\"description\" content=\"Willow House ofrece un grupo virtual de apoyo para el duelo de cuatro semanas en espa\u00f1ol. Comun\u00edquese con nosotros o complete el formulario en nuestro sitio para obtener m\u00e1s informaci\u00f3n.\" \/>\n<meta name=\"robots\" content=\"index, follow, max-snippet:-1, max-image-preview:large, max-video-preview:-1\" \/>\n<link rel=\"canonical\" href=\"https:\/\/original.willowhouse.org\/es\/grupo-de-apoyo-para-el-duelo-en-espanol\/\" \/>\n<meta property=\"og:locale\" content=\"es_ES\" \/>\n<meta property=\"og:type\" content=\"article\" \/>\n<meta property=\"og:title\" content=\"Talleres de duelo en espa\u00f1ol\" \/>\n<meta property=\"og:description\" content=\"Willow House ofrece un grupo virtual de apoyo para el duelo de cuatro semanas en espa\u00f1ol. Comun\u00edquese con nosotros o complete el formulario en nuestro sitio para obtener m\u00e1s informaci\u00f3n.\" \/>\n<meta property=\"og:url\" content=\"https:\/\/original.willowhouse.org\/es\/grupo-de-apoyo-para-el-duelo-en-espanol\/\" \/>\n<meta property=\"og:site_name\" content=\"Willow House\" \/>\n<meta property=\"article:modified_time\" content=\"2021-02-03T16:39:15+00:00\" \/>\n<meta property=\"og:image\" content=\"https:\/\/original.willowhouse.org\/wp-content\/uploads\/2020\/10\/The-Willow-House-CARES-Grief-COVID-Seminar-Series-1.png\" \/>\n<meta name=\"twitter:card\" content=\"summary_large_image\" \/>\n<meta name=\"twitter:label1\" content=\"Tiempo de lectura\" \/>\n\t<meta name=\"twitter:data1\" content=\"1 minuto\" \/>\n<!-- \/ Yoast SEO plugin. -->","yoast_head_json":{"title":"Talleres de duelo en espa\u00f1ol","description":"Willow House ofrece un grupo virtual de apoyo para el duelo de cuatro semanas en espa\u00f1ol. Comun\u00edquese con nosotros o complete el formulario en nuestro sitio para obtener m\u00e1s informaci\u00f3n.","robots":{"index":"index","follow":"follow","max-snippet":"max-snippet:-1","max-image-preview":"max-image-preview:large","max-video-preview":"max-video-preview:-1"},"canonical":"https:\/\/original.willowhouse.org\/es\/grupo-de-apoyo-para-el-duelo-en-espanol\/","og_locale":"es_ES","og_type":"article","og_title":"Talleres de duelo en espa\u00f1ol","og_description":"Willow House ofrece un grupo virtual de apoyo para el duelo de cuatro semanas en espa\u00f1ol. Comun\u00edquese con nosotros o complete el formulario en nuestro sitio para obtener m\u00e1s informaci\u00f3n.","og_url":"https:\/\/original.willowhouse.org\/es\/grupo-de-apoyo-para-el-duelo-en-espanol\/","og_site_name":"Willow House","article_modified_time":"2021-02-03T16:39:15+00:00","og_image":[{"url":"https:\/\/original.willowhouse.org\/wp-content\/uploads\/2020\/10\/The-Willow-House-CARES-Grief-COVID-Seminar-Series-1.png"}],"twitter_card":"summary_large_image","twitter_misc":{"Tiempo de lectura":"1 minuto"},"schema":{"@context":"https:\/\/schema.org","@graph":[{"@type":"Organization","@id":"https:\/\/original.willowhouse.org\/#organization","name":"Willow House","url":"https:\/\/original.willowhouse.org\/","sameAs":[],"logo":{"@type":"ImageObject","inLanguage":"es","@id":"https:\/\/original.willowhouse.org\/#\/schema\/logo\/image\/","url":"https:\/\/original.willowhouse.org\/wp-content\/uploads\/2019\/04\/WH_Logo_Horiz_tagline-1.png","contentUrl":"https:\/\/original.willowhouse.org\/wp-content\/uploads\/2019\/04\/WH_Logo_Horiz_tagline-1.png","width":1947,"height":576,"caption":"Willow House"},"image":{"@id":"https:\/\/original.willowhouse.org\/#\/schema\/logo\/image\/"}},{"@type":"WebSite","@id":"https:\/\/original.willowhouse.org\/#website","url":"https:\/\/original.willowhouse.org\/","name":"Willow House","description":"Where HOPE lives and HEALING begins.","publisher":{"@id":"https:\/\/original.willowhouse.org\/#organization"},"potentialAction":[{"@type":"SearchAction","target":{"@type":"EntryPoint","urlTemplate":"https:\/\/original.willowhouse.org\/?s={search_term_string}"},"query-input":"required name=search_term_string"}],"inLanguage":"es"},{"@type":"ImageObject","inLanguage":"es","@id":"https:\/\/original.willowhouse.org\/es\/grupo-de-apoyo-para-el-duelo-en-espanol\/#primaryimage","url":"https:\/\/original.willowhouse.org\/wp-content\/uploads\/2019\/04\/Meta_Tag_Banner-01.png","contentUrl":"https:\/\/original.willowhouse.org\/wp-content\/uploads\/2019\/04\/Meta_Tag_Banner-01.png","width":5000,"height":2625,"caption":"Willow House"},{"@type":"WebPage","@id":"https:\/\/original.willowhouse.org\/es\/grupo-de-apoyo-para-el-duelo-en-espanol\/","url":"https:\/\/original.willowhouse.org\/es\/grupo-de-apoyo-para-el-duelo-en-espanol\/","name":"Talleres de duelo en espa\u00f1ol","isPartOf":{"@id":"https:\/\/original.willowhouse.org\/#website"},"primaryImageOfPage":{"@id":"https:\/\/original.willowhouse.org\/es\/grupo-de-apoyo-para-el-duelo-en-espanol\/#primaryimage"},"datePublished":"2020-12-01T23:43:40+00:00","dateModified":"2021-02-03T16:39:15+00:00","description":"Willow House ofrece un grupo virtual de apoyo para el duelo de cuatro semanas en espa\u00f1ol. Comun\u00edquese con nosotros o complete el formulario en nuestro sitio para obtener m\u00e1s informaci\u00f3n.","breadcrumb":{"@id":"https:\/\/original.willowhouse.org\/es\/grupo-de-apoyo-para-el-duelo-en-espanol\/#breadcrumb"},"inLanguage":"es","potentialAction":[{"@type":"ReadAction","target":["https:\/\/original.willowhouse.org\/es\/grupo-de-apoyo-para-el-duelo-en-espanol\/"]}]},{"@type":"BreadcrumbList","@id":"https:\/\/original.willowhouse.org\/es\/grupo-de-apoyo-para-el-duelo-en-espanol\/#breadcrumb","itemListElement":[{"@type":"ListItem","position":1,"name":"Home","item":"https:\/\/original.willowhouse.org\/es\/"},{"@type":"ListItem","position":2,"name":"Talleres de duelo en espa\u00f1ol"}]}]}},"_links":{"self":[{"href":"https:\/\/original.willowhouse.org\/es\/wp-json\/wp\/v2\/pages\/5521"}],"collection":[{"href":"https:\/\/original.willowhouse.org\/es\/wp-json\/wp\/v2\/pages"}],"about":[{"href":"https:\/\/original.willowhouse.org\/es\/wp-json\/wp\/v2\/types\/page"}],"author":[{"embeddable":true,"href":"https:\/\/original.willowhouse.org\/es\/wp-json\/wp\/v2\/users\/6"}],"replies":[{"embeddable":true,"href":"https:\/\/original.willowhouse.org\/es\/wp-json\/wp\/v2\/comments?post=5521"}],"version-history":[{"count":3,"href":"https:\/\/original.willowhouse.org\/es\/wp-json\/wp\/v2\/pages\/5521\/revisions"}],"predecessor-version":[{"id":5736,"href":"https:\/\/original.willowhouse.org\/es\/wp-json\/wp\/v2\/pages\/5521\/revisions\/5736"}],"wp:featuredmedia":[{"embeddable":true,"href":"https:\/\/original.willowhouse.org\/es\/wp-json\/wp\/v2\/media\/4290"}],"wp:attachment":[{"href":"https:\/\/original.willowhouse.org\/es\/wp-json\/wp\/v2\/media?parent=5521"}],"curies":[{"name":"wp","href":"https:\/\/api.w.org\/{rel}","templated":true}]}}