{"id":4816,"date":"2020-11-26T13:46:47","date_gmt":"2020-11-26T19:46:47","guid":{"rendered":"https:\/\/willowhouse.org\/junta-de-jovenes-profesionales\/"},"modified":"2020-11-29T12:49:57","modified_gmt":"2020-11-29T18:49:57","slug":"junta-de-jovenes-profesionales","status":"publish","type":"page","link":"https:\/\/original.willowhouse.org\/es\/junta-de-jovenes-profesionales\/","title":{"rendered":"Junta de J\u00f3venes Profesionales"},"content":{"rendered":"\t\t<div data-elementor-type=\"wp-post\" data-elementor-id=\"4816\" class=\"elementor elementor-4816 elementor-1402\">\n\t\t\t\t\t\t<div class=\"elementor-inner\">\n\t\t\t\t<div class=\"elementor-section-wrap\">\n\t\t\t\t\t\t\t\t\t<section class=\"elementor-section elementor-top-section elementor-element elementor-element-522 elementor-section-stretched elementor-section-full_width elementor-section-height-min-height elementor-section-height-default elementor-section-items-middle\" data-id=\"522\" data-element_type=\"section\" data-settings=\"{&quot;stretch_section&quot;:&quot;section-stretched&quot;,&quot;background_background&quot;:&quot;classic&quot;}\">\n\t\t\t\t\t\t<div class=\"elementor-container elementor-column-gap-default\">\n\t\t\t\t\t\t\t<div class=\"elementor-row\">\n\t\t\t\t\t<div class=\"elementor-column elementor-col-100 elementor-top-column elementor-element elementor-element-6553\" data-id=\"6553\" data-element_type=\"column\">\n\t\t\t<div class=\"elementor-column-wrap elementor-element-populated\">\n\t\t\t\t\t\t\t<div class=\"elementor-widget-wrap\">\n\t\t\t\t\t\t<div class=\"elementor-element elementor-element-4017 elementor-widget elementor-widget-heading\" data-id=\"4017\" data-element_type=\"widget\" data-widget_type=\"heading.default\">\n\t\t\t\t<div class=\"elementor-widget-container\">\n\t\t\t<h1 class=\"elementor-heading-title elementor-size-default\">Junta de J\u00f3venes Profesionales<\/h1>\t\t<\/div>\n\t\t\t\t<\/div>\n\t\t\t\t\t\t<\/div>\n\t\t\t\t\t<\/div>\n\t\t<\/div>\n\t\t\t\t\t\t\t\t<\/div>\n\t\t\t\t\t<\/div>\n\t\t<\/section>\n\t\t\t\t<section class=\"elementor-section elementor-top-section elementor-element elementor-element-3cebec8 elementor-section-stretched elementor-section-boxed elementor-section-height-default elementor-section-height-default\" data-id=\"3cebec8\" data-element_type=\"section\" data-settings=\"{&quot;stretch_section&quot;:&quot;section-stretched&quot;,&quot;background_background&quot;:&quot;classic&quot;}\">\n\t\t\t\t\t\t<div class=\"elementor-container elementor-column-gap-default\">\n\t\t\t\t\t\t\t<div class=\"elementor-row\">\n\t\t\t\t\t<div class=\"elementor-column elementor-col-100 elementor-top-column elementor-element elementor-element-d3cd63e\" data-id=\"d3cd63e\" data-element_type=\"column\">\n\t\t\t<div class=\"elementor-column-wrap elementor-element-populated\">\n\t\t\t\t\t\t\t<div class=\"elementor-widget-wrap\">\n\t\t\t\t\t\t<div class=\"elementor-element elementor-element-59d5e0a elementor-widget elementor-widget-heading\" data-id=\"59d5e0a\" data-element_type=\"widget\" data-widget_type=\"heading.default\">\n\t\t\t\t<div class=\"elementor-widget-container\">\n\t\t\t<h1 class=\"elementor-heading-title elementor-size-default\">\u00a1Hazte miembro!<\/h1>\t\t<\/div>\n\t\t\t\t<\/div>\n\t\t\t\t<div class=\"elementor-element elementor-element-0d8369a elementor-widget elementor-widget-text-editor\" data-id=\"0d8369a\" data-element_type=\"widget\" data-widget_type=\"text-editor.default\">\n\t\t\t\t<div class=\"elementor-widget-container\">\n\t\t\t\t\t\t\t\t<div class=\"elementor-text-editor elementor-clearfix\">\n\t\t\t\t<p>La Junta de J\u00f3venes Profesionales de Willow House es un grupo de j\u00f3venes profesionales enfocados y trabajadores dedicados a ayudar a Willow House en su misi\u00f3n de apoyar a los ni\u00f1os, las familias, las escuelas y las comunidades que enfrentan el dolor a trav\u00e9s de actividades de alcance comunitario, recaudaci\u00f3n de fondos y eventos de servicio.<\/p>\n<p>Adem\u00e1s de ayudar a Willow House a planificar y organizar sus eventos anuales (<strong><a href=\"https:\/\/willowhouse.org\/?page_id=2143\">Walk &#038; 5K Run<\/a><\/strong>,<strong><a href=\"https:\/\/willowhouse.org\/es\/gala-de-bienvenida-del-20-aniversario\/\"> Gala de recaudaci\u00f3n de fondos<\/a><\/strong>, etc.), la Junta de j\u00f3venes profesionales organizar\u00e1 una variedad de otros eventos que van desde una barbacoa de bienvenida, torneo de kickball, servicio comunitario o campa\u00f1as de donaci\u00f3n (por nombrar algunas) con el objetivo de unir y conectar a las familias de Willow House y la comunidad que las rodea de formas distintas a los eventos \u201ct\u00edpicos\u201d de Willow House.<\/p>\n<p>Con esto en mente, esperamos facilitar el manejo del duelo al mostrar verdaderamente el significado de la familia. Al conectar a las personas y beneficiar a la comunidad, esperamos crear lazos que duren toda la vida mientras impactan positivamente la vida de los dem\u00e1s. Pero solo hay una cosa: <u>\u00a1NECESITAMOS SU AYUDA!<\/u><\/p>\n\t\t\t\t\t<\/div>\n\t\t\t\t\t\t<\/div>\n\t\t\t\t<\/div>\n\t\t\t\t<div class=\"elementor-element elementor-element-697e887 elementor-align-center elementor-widget elementor-widget-button\" data-id=\"697e887\" data-element_type=\"widget\" data-widget_type=\"button.default\">\n\t\t\t\t<div class=\"elementor-widget-container\">\n\t\t\t\t\t<div class=\"elementor-button-wrapper\">\n\t\t\t<a href=\"https:\/\/original.willowhouse.org\/young-professionals-board-form\/\" target=\"_blank\" class=\"elementor-button-link elementor-button elementor-size-md\" role=\"button\">\n\t\t\t\t\t\t<span class=\"elementor-button-content-wrapper\">\n\t\t\t\t\t\t<span class=\"elementor-button-text\">Consulta de la Junta de J\u00f3venes Profesionales<\/span>\n\t\t<\/span>\n\t\t\t\t\t<\/a>\n\t\t<\/div>\n\t\t\t\t<\/div>\n\t\t\t\t<\/div>\n\t\t\t\t<section class=\"elementor-section elementor-inner-section elementor-element elementor-element-4931c0b elementor-section-boxed elementor-section-height-default elementor-section-height-default\" data-id=\"4931c0b\" data-element_type=\"section\">\n\t\t\t\t\t\t<div class=\"elementor-container elementor-column-gap-default\">\n\t\t\t\t\t\t\t<div class=\"elementor-row\">\n\t\t\t\t\t<div class=\"elementor-column elementor-col-50 elementor-inner-column elementor-element elementor-element-903b7da\" data-id=\"903b7da\" data-element_type=\"column\">\n\t\t\t<div class=\"elementor-column-wrap elementor-element-populated\">\n\t\t\t\t\t\t\t<div class=\"elementor-widget-wrap\">\n\t\t\t\t\t\t<div class=\"elementor-element elementor-element-0f497a9 elementor-widget elementor-widget-heading\" data-id=\"0f497a9\" data-element_type=\"widget\" data-widget_type=\"heading.default\">\n\t\t\t\t<div class=\"elementor-widget-container\">\n\t\t\t<h2 class=\"elementor-heading-title elementor-size-default\">Calificaciones<\/h2>\t\t<\/div>\n\t\t\t\t<\/div>\n\t\t\t\t<div class=\"elementor-element elementor-element-3307cd0 elementor-widget elementor-widget-text-editor\" data-id=\"3307cd0\" data-element_type=\"widget\" data-widget_type=\"text-editor.default\">\n\t\t\t\t<div class=\"elementor-widget-container\">\n\t\t\t\t\t\t\t\t<div class=\"elementor-text-editor elementor-clearfix\">\n\t\t\t\t<p>Para convertirse en miembro de la Junta de J\u00f3venes Profesionales, debe cumplir con los siguientes criterios:<\/p>\n<ul>\n<li><strong>Ser un &#8220;Joven Profesional&#8221;<\/strong> (esto no necesariamente significa que est\u00e1n fuera de la universidad y tienen poco m\u00e1s de 20 a\u00f1os, pero son apasionados y dedicados a ayudar a las familias a lidiar con el duelo y pueden proporcionar ideas nuevas y creativas para ayudar a hacer crecer el impacto de Willow House)<\/li>\n<li><strong>Organizados, motivados y trabajador<\/strong><\/li>\n<li><strong>Disponible para reunirse una o dos veces al mes<\/strong><\/li>\n<li><strong>\u00a1Divertido e inspirador!<\/strong><\/li>\n<li><strong>Debe tener al menos 21 a\u00f1os o m\u00e1s<\/strong><\/li>\n<\/ul>\n<p><em><strong><\/strong><\/em><\/p>\n\t\t\t\t\t<\/div>\n\t\t\t\t\t\t<\/div>\n\t\t\t\t<\/div>\n\t\t\t\t\t\t<\/div>\n\t\t\t\t\t<\/div>\n\t\t<\/div>\n\t\t\t\t<div class=\"elementor-column elementor-col-50 elementor-inner-column elementor-element elementor-element-1fad3b8\" data-id=\"1fad3b8\" data-element_type=\"column\">\n\t\t\t<div class=\"elementor-column-wrap elementor-element-populated\">\n\t\t\t\t\t\t\t<div class=\"elementor-widget-wrap\">\n\t\t\t\t\t\t<div class=\"elementor-element elementor-element-0a6808f elementor-widget elementor-widget-heading\" data-id=\"0a6808f\" data-element_type=\"widget\" data-widget_type=\"heading.default\">\n\t\t\t\t<div class=\"elementor-widget-container\">\n\t\t\t<h2 class=\"elementor-heading-title elementor-size-default\">Posiciones disponibles<\/h2>\t\t<\/div>\n\t\t\t\t<\/div>\n\t\t\t\t<div class=\"elementor-element elementor-element-5c96a60 elementor-widget elementor-widget-text-editor\" data-id=\"5c96a60\" data-element_type=\"widget\" data-widget_type=\"text-editor.default\">\n\t\t\t\t<div class=\"elementor-widget-container\">\n\t\t\t\t\t\t\t\t<div class=\"elementor-text-editor elementor-clearfix\">\n\t\t\t\t<p><strong>Presidente de alcance (2):<\/strong> las responsabilidades principales incluyen reclutar nuevos miembros de la junta, contactar a las familias con respecto a nuestros eventos, as\u00ed como administrar nuestro sitio web y cuentas de redes sociales.<\/p>\n<p><strong>Presidente de Finanzas (2):<\/strong> Lluvia de ideas sobre formas de recaudar dinero y presupuestarlo en consecuencia para que podamos organizar todos nuestros eventos geniales.<\/p>\n<p><strong>Presidente de planificaci\u00f3n de eventos (2):<\/strong> Planifique eventos de divulgaci\u00f3n social y comunitaria. \u00bfTienes un mont\u00f3n de ideas? \u00a1Excelente! \u00a1Cuantos m\u00e1s, mejor!<\/p>\n\t\t\t\t\t<\/div>\n\t\t\t\t\t\t<\/div>\n\t\t\t\t<\/div>\n\t\t\t\t\t\t<\/div>\n\t\t\t\t\t<\/div>\n\t\t<\/div>\n\t\t\t\t\t\t\t\t<\/div>\n\t\t\t\t\t<\/div>\n\t\t<\/section>\n\t\t\t\t\t\t<\/div>\n\t\t\t\t\t<\/div>\n\t\t<\/div>\n\t\t\t\t\t\t\t\t<\/div>\n\t\t\t\t\t<\/div>\n\t\t<\/section>\n\t\t\t\t\t\t\t\t\t<\/div>\n\t\t\t<\/div>\n\t\t\t\t\t<\/div>\n\t\t","protected":false},"excerpt":{"rendered":"<p>Junta de J\u00f3venes Profesionales \u00a1Hazte miembro! La Junta de J\u00f3venes Profesionales de Willow House es un grupo de j\u00f3venes profesionales enfocados y trabajadores dedicados a&hellip;<\/p>\n","protected":false},"author":2,"featured_media":4290,"parent":0,"menu_order":0,"comment_status":"closed","ping_status":"closed","template":"","meta":[],"yoast_head":"<!-- This site is optimized with the Yoast SEO plugin v19.3 - https:\/\/yoast.com\/wordpress\/plugins\/seo\/ -->\n<title>Junta de J\u00f3venes Profesionales<\/title>\n<meta name=\"description\" content=\"La Junta de J\u00f3venes Profesionales de Willow House es un grupo de j\u00f3venes profesionales enfocados y trabajadores dedicados a ayudar a Willow House en su misi\u00f3n.\" \/>\n<meta name=\"robots\" content=\"index, follow, max-snippet:-1, max-image-preview:large, max-video-preview:-1\" \/>\n<link rel=\"canonical\" href=\"https:\/\/original.willowhouse.org\/es\/junta-de-jovenes-profesionales\/\" \/>\n<meta property=\"og:locale\" content=\"es_ES\" \/>\n<meta property=\"og:type\" content=\"article\" \/>\n<meta property=\"og:title\" content=\"Junta de J\u00f3venes Profesionales\" \/>\n<meta property=\"og:description\" content=\"La Junta de J\u00f3venes Profesionales de Willow House es un grupo de j\u00f3venes profesionales enfocados y trabajadores dedicados a ayudar a Willow House en su misi\u00f3n.\" \/>\n<meta property=\"og:url\" content=\"https:\/\/original.willowhouse.org\/es\/junta-de-jovenes-profesionales\/\" \/>\n<meta property=\"og:site_name\" content=\"Willow House\" \/>\n<meta property=\"article:modified_time\" content=\"2020-11-29T18:49:57+00:00\" \/>\n<meta property=\"og:image\" content=\"https:\/\/original.willowhouse.org\/wp-content\/uploads\/2019\/04\/Meta_Tag_Banner-01-1024x538.png\" \/>\n\t<meta property=\"og:image:width\" content=\"1024\" \/>\n\t<meta property=\"og:image:height\" content=\"538\" \/>\n\t<meta property=\"og:image:type\" content=\"image\/png\" \/>\n<meta name=\"twitter:card\" content=\"summary_large_image\" \/>\n<meta name=\"twitter:label1\" content=\"Tiempo de lectura\" \/>\n\t<meta name=\"twitter:data1\" content=\"2 minutos\" \/>\n<!-- \/ Yoast SEO plugin. -->","yoast_head_json":{"title":"Junta de J\u00f3venes Profesionales","description":"La Junta de J\u00f3venes Profesionales de Willow House es un grupo de j\u00f3venes profesionales enfocados y trabajadores dedicados a ayudar a Willow House en su misi\u00f3n.","robots":{"index":"index","follow":"follow","max-snippet":"max-snippet:-1","max-image-preview":"max-image-preview:large","max-video-preview":"max-video-preview:-1"},"canonical":"https:\/\/original.willowhouse.org\/es\/junta-de-jovenes-profesionales\/","og_locale":"es_ES","og_type":"article","og_title":"Junta de J\u00f3venes Profesionales","og_description":"La Junta de J\u00f3venes Profesionales de Willow House es un grupo de j\u00f3venes profesionales enfocados y trabajadores dedicados a ayudar a Willow House en su misi\u00f3n.","og_url":"https:\/\/original.willowhouse.org\/es\/junta-de-jovenes-profesionales\/","og_site_name":"Willow House","article_modified_time":"2020-11-29T18:49:57+00:00","og_image":[{"width":1024,"height":538,"url":"https:\/\/original.willowhouse.org\/wp-content\/uploads\/2019\/04\/Meta_Tag_Banner-01-1024x538.png","type":"image\/png"}],"twitter_card":"summary_large_image","twitter_misc":{"Tiempo de lectura":"2 minutos"},"schema":{"@context":"https:\/\/schema.org","@graph":[{"@type":"Organization","@id":"https:\/\/original.willowhouse.org\/#organization","name":"Willow House","url":"https:\/\/original.willowhouse.org\/","sameAs":[],"logo":{"@type":"ImageObject","inLanguage":"es","@id":"https:\/\/original.willowhouse.org\/#\/schema\/logo\/image\/","url":"https:\/\/original.willowhouse.org\/wp-content\/uploads\/2019\/04\/WH_Logo_Horiz_tagline-1.png","contentUrl":"https:\/\/original.willowhouse.org\/wp-content\/uploads\/2019\/04\/WH_Logo_Horiz_tagline-1.png","width":1947,"height":576,"caption":"Willow House"},"image":{"@id":"https:\/\/original.willowhouse.org\/#\/schema\/logo\/image\/"}},{"@type":"WebSite","@id":"https:\/\/original.willowhouse.org\/#website","url":"https:\/\/original.willowhouse.org\/","name":"Willow House","description":"Where HOPE lives and HEALING begins.","publisher":{"@id":"https:\/\/original.willowhouse.org\/#organization"},"potentialAction":[{"@type":"SearchAction","target":{"@type":"EntryPoint","urlTemplate":"https:\/\/original.willowhouse.org\/?s={search_term_string}"},"query-input":"required name=search_term_string"}],"inLanguage":"es"},{"@type":"ImageObject","inLanguage":"es","@id":"https:\/\/original.willowhouse.org\/es\/junta-de-jovenes-profesionales\/#primaryimage","url":"https:\/\/original.willowhouse.org\/wp-content\/uploads\/2019\/04\/Meta_Tag_Banner-01.png","contentUrl":"https:\/\/original.willowhouse.org\/wp-content\/uploads\/2019\/04\/Meta_Tag_Banner-01.png","width":5000,"height":2625,"caption":"Willow House"},{"@type":"WebPage","@id":"https:\/\/original.willowhouse.org\/es\/junta-de-jovenes-profesionales\/","url":"https:\/\/original.willowhouse.org\/es\/junta-de-jovenes-profesionales\/","name":"Junta de J\u00f3venes Profesionales","isPartOf":{"@id":"https:\/\/original.willowhouse.org\/#website"},"primaryImageOfPage":{"@id":"https:\/\/original.willowhouse.org\/es\/junta-de-jovenes-profesionales\/#primaryimage"},"datePublished":"2020-11-26T19:46:47+00:00","dateModified":"2020-11-29T18:49:57+00:00","description":"La Junta de J\u00f3venes Profesionales de Willow House es un grupo de j\u00f3venes profesionales enfocados y trabajadores dedicados a ayudar a Willow House en su misi\u00f3n.","breadcrumb":{"@id":"https:\/\/original.willowhouse.org\/es\/junta-de-jovenes-profesionales\/#breadcrumb"},"inLanguage":"es","potentialAction":[{"@type":"ReadAction","target":["https:\/\/original.willowhouse.org\/es\/junta-de-jovenes-profesionales\/"]}]},{"@type":"BreadcrumbList","@id":"https:\/\/original.willowhouse.org\/es\/junta-de-jovenes-profesionales\/#breadcrumb","itemListElement":[{"@type":"ListItem","position":1,"name":"Home","item":"https:\/\/original.willowhouse.org\/es\/"},{"@type":"ListItem","position":2,"name":"Junta de J\u00f3venes Profesionales"}]}]}},"_links":{"self":[{"href":"https:\/\/original.willowhouse.org\/es\/wp-json\/wp\/v2\/pages\/4816"}],"collection":[{"href":"https:\/\/original.willowhouse.org\/es\/wp-json\/wp\/v2\/pages"}],"about":[{"href":"https:\/\/original.willowhouse.org\/es\/wp-json\/wp\/v2\/types\/page"}],"author":[{"embeddable":true,"href":"https:\/\/original.willowhouse.org\/es\/wp-json\/wp\/v2\/users\/2"}],"replies":[{"embeddable":true,"href":"https:\/\/original.willowhouse.org\/es\/wp-json\/wp\/v2\/comments?post=4816"}],"version-history":[{"count":7,"href":"https:\/\/original.willowhouse.org\/es\/wp-json\/wp\/v2\/pages\/4816\/revisions"}],"predecessor-version":[{"id":5495,"href":"https:\/\/original.willowhouse.org\/es\/wp-json\/wp\/v2\/pages\/4816\/revisions\/5495"}],"wp:featuredmedia":[{"embeddable":true,"href":"https:\/\/original.willowhouse.org\/es\/wp-json\/wp\/v2\/media\/4290"}],"wp:attachment":[{"href":"https:\/\/original.willowhouse.org\/es\/wp-json\/wp\/v2\/media?parent=4816"}],"curies":[{"name":"wp","href":"https:\/\/api.w.org\/{rel}","templated":true}]}}