{"id":4814,"date":"2020-11-26T13:45:22","date_gmt":"2020-11-26T19:45:22","guid":{"rendered":"https:\/\/willowhouse.org\/nuevo-director-ejecutivo-de-willow-house-david-scheffler\/"},"modified":"2020-11-29T12:43:04","modified_gmt":"2020-11-29T18:43:04","slug":"nuevo-director-ejecutivo-de-willow-house-david-scheffler","status":"publish","type":"page","link":"https:\/\/original.willowhouse.org\/es\/nuevo-director-ejecutivo-de-willow-house-david-scheffler\/","title":{"rendered":"Nuevo director ejecutivo de Willow House, David Scheffler"},"content":{"rendered":"\t\t<div data-elementor-type=\"wp-post\" data-elementor-id=\"4814\" class=\"elementor elementor-4814 elementor-3349\">\n\t\t\t\t\t\t<div class=\"elementor-inner\">\n\t\t\t\t<div class=\"elementor-section-wrap\">\n\t\t\t\t\t\t\t\t\t<section class=\"elementor-section elementor-top-section elementor-element elementor-element-194c elementor-section-stretched elementor-section-full_width elementor-section-height-min-height elementor-section-height-default elementor-section-items-middle\" data-id=\"194c\" data-element_type=\"section\" data-settings=\"{&quot;stretch_section&quot;:&quot;section-stretched&quot;,&quot;background_background&quot;:&quot;classic&quot;}\">\n\t\t\t\t\t\t<div class=\"elementor-container elementor-column-gap-default\">\n\t\t\t\t\t\t\t<div class=\"elementor-row\">\n\t\t\t\t\t<div class=\"elementor-column elementor-col-100 elementor-top-column elementor-element elementor-element-4428\" data-id=\"4428\" data-element_type=\"column\">\n\t\t\t<div class=\"elementor-column-wrap elementor-element-populated\">\n\t\t\t\t\t\t\t<div class=\"elementor-widget-wrap\">\n\t\t\t\t\t\t<div class=\"elementor-element elementor-element-2aae elementor-widget elementor-widget-heading\" data-id=\"2aae\" data-element_type=\"widget\" data-widget_type=\"heading.default\">\n\t\t\t\t<div class=\"elementor-widget-container\">\n\t\t\t<h1 class=\"elementor-heading-title elementor-size-default\">Willow House da la bienvenida a David Scheffler <br> como su nuevo Director Ejecutivo<\/h1>\t\t<\/div>\n\t\t\t\t<\/div>\n\t\t\t\t\t\t<\/div>\n\t\t\t\t\t<\/div>\n\t\t<\/div>\n\t\t\t\t\t\t\t\t<\/div>\n\t\t\t\t\t<\/div>\n\t\t<\/section>\n\t\t\t\t<section class=\"elementor-section elementor-top-section elementor-element elementor-element-518a elementor-section-stretched elementor-section-height-min-height elementor-section-boxed elementor-section-height-default elementor-section-items-middle\" data-id=\"518a\" data-element_type=\"section\" data-settings=\"{&quot;stretch_section&quot;:&quot;section-stretched&quot;,&quot;background_background&quot;:&quot;classic&quot;}\">\n\t\t\t\t\t\t<div class=\"elementor-container elementor-column-gap-default\">\n\t\t\t\t\t\t\t<div class=\"elementor-row\">\n\t\t\t\t\t<div class=\"elementor-column elementor-col-100 elementor-top-column elementor-element elementor-element-68a5\" data-id=\"68a5\" data-element_type=\"column\">\n\t\t\t<div class=\"elementor-column-wrap elementor-element-populated\">\n\t\t\t\t\t\t\t<div class=\"elementor-widget-wrap\">\n\t\t\t\t\t\t<div class=\"elementor-element elementor-element-1217 elementor-widget elementor-widget-text-editor\" data-id=\"1217\" data-element_type=\"widget\" data-widget_type=\"text-editor.default\">\n\t\t\t\t<div class=\"elementor-widget-container\">\n\t\t\t\t\t\t\t\t<div class=\"elementor-text-editor elementor-clearfix\">\n\t\t\t\t<p><img class=\"tama\u00f1o-mediano wp-image-4571 alignright\" title=\"imagen recortada de dave 1\" src=\"https:\/\/willowhouse.org\/wp-content\/uploads\/2020\/08\/dave-cropped-picture-1.jpg \"alt=\"dave imagen recortada 1\" width=\"259\" height=\"300\" srcset=\"https:\/\/original.willowhouse.org\/wp-content\/uploads\/2020\/08\/dave-cropped-picture-1.jpg 400w, https:\/\/original.willowhouse.org\/wp-content\/uploads\/2020\/08\/dave-cropped-picture-1-259x300.jpg 259w\" sizes=\"(max-width: 259px) 100vw, 259px\" \/><\/p>\n<p>BANNOCKBURN, ILLINOIS &#8211; La Junta Directiva de Willow House se complace en anunciar y presentar a David Scheffler como el pr\u00f3ximo Director Ejecutivo de Willow House. David Scheffler asumi\u00f3 oficialmente este cargo el 29 de julio de 2020 de manos del director ejecutivo interino Ethan Norris, quien permanecer\u00e1 en la organizaci\u00f3n como voluntario mientras persigue una nueva carrera en una gran firma de contabilidad p\u00fablica.<\/p>\n<p>&#8220;La Junta Directiva de Willow House ha seleccionado a David Scheffler para ser nuestro nuevo Director Ejecutivo,&#8221; dice el presidente de la Junta, Kirk Kohls. &#8220;Ahora que Willow House comienza su 22 \u00b0 a\u00f1o de brindar servicios gratuitos de apoyo para el duelo para familias llorando la muerte de un ni\u00f1o o un padre, encontramos un l\u00edder que comprende lo que Willow House y sus servicios significan para tantas familias e individuos. David aporta una s\u00f3lida experiencia empresarial y operativa en el liderazgo de organizaciones sin fines de lucro para continuar haciendo que Willow House avance en el servicio a los grandes Comunidad de Chicago.&#8221;<\/p>\n<p>Junto con la Junta de Directores, Scheffler implementar\u00e1 un plan estrat\u00e9gico para expandir los servicios de apoyo grupal y escolar y aumentar el impacto de los servicios en la comunidad, incluidos los de primeros auxilios y proveedores de atenci\u00f3n m\u00e9dica que se ocupan de COVID-19. Adem\u00e1s, supervisar\u00e1 una campa\u00f1a de marketing integral para informar y educar mejor al p\u00fablico sobre la disponibilidad de estos servicios gratuitos en el \u00e1rea metropolitana de Chicago y el impacto que tiene para alguien en duelo para asegurarse de que nadie lo haga solo.<\/p>\n<p>&#8220;Es un honor para m\u00ed servir y liderar como Directora Ejecutiva de Willow House. Mi participaci\u00f3n en Willow House comenz\u00f3 hace casi 20 a\u00f1os cuando mi hija Lauren de 3 a\u00f1os falleci\u00f3 repentinamente. Willow House estuvo all\u00ed para mi familia y para m\u00ed para ayudarnos, por lo que esta es una excelente manera de agradecer y aprovechar la experiencia de perder a un ser querido a <span style=\"font-size: 16px;\">para ayudar a otras familias y comunidades a sobrellevar el dolor. Con la ayuda de nuestro personal, miembros de la junta, y voluntarios sobresalientes, nuestro objetivo es hacer crecer la organizaci\u00f3n para satisfacer las demandas de nuestros servicios, particularmente a medida que las familias y comunidades enfrentan la p\u00e9rdida y el dolor relacionados con COVID-19 ,\u201d dice Scheffler. \u201cLas restricciones y limitaciones asociadas con COVID-19 han significado un cambio en la forma en que celebramos funerales, conmemoraciones y nos despedimos de nuestros seres queridos. Con mis experiencias, la fortaleza de nuestro personal, voluntarios dedicados y la Junta, espero asegurarme de que ning\u00fan ni\u00f1o, padre o comunidad sufra solo.\u201d<\/span><\/p>\n<p><span style=\"font-size: 16px;\">Durante los \u00faltimos 20 a\u00f1os, Scheffler se desempe\u00f1\u00f3 como vicepresidente de operaciones de otra organizaci\u00f3n sin fines de lucro del condado de Lake y durante los \u00faltimos dos a\u00f1os y un medio a\u00f1o como representante financiero de una organizaci\u00f3n nacional de servicios financieros. Tiene una Maestr\u00eda en Administraci\u00f3n de Empresas de Keller Graduate School y una Licenciatura en Asesor\u00eda Financiera de la Universidad de Purdue.<\/span><\/p>\n\t\t\t\t\t<\/div>\n\t\t\t\t\t\t<\/div>\n\t\t\t\t<\/div>\n\t\t\t\t\t\t<\/div>\n\t\t\t\t\t<\/div>\n\t\t<\/div>\n\t\t\t\t\t\t\t\t<\/div>\n\t\t\t\t\t<\/div>\n\t\t<\/section>\n\t\t\t\t\t\t\t\t\t<\/div>\n\t\t\t<\/div>\n\t\t\t\t\t<\/div>\n\t\t","protected":false},"excerpt":{"rendered":"<p>Willow House da la bienvenida a David Scheffler como su nuevo Director Ejecutivo BANNOCKBURN, ILLINOIS &#8211; La Junta Directiva de Willow House se complace en&hellip;<\/p>\n","protected":false},"author":6,"featured_media":4290,"parent":0,"menu_order":0,"comment_status":"closed","ping_status":"closed","template":"","meta":[],"yoast_head":"<!-- This site is optimized with the Yoast SEO plugin v19.3 - https:\/\/yoast.com\/wordpress\/plugins\/seo\/ -->\n<title>Willow House da la bienvenida al nuevo director ejecutivo<\/title>\n<meta name=\"description\" content=\"BANNOCKBURN, ILLINOIS - La Junta Directiva de Willow House se complace en anunciar y presentar a David Scheffler como el pr\u00f3ximo Director Ejecutivo de Willow House.\" \/>\n<meta name=\"robots\" content=\"index, follow, max-snippet:-1, max-image-preview:large, max-video-preview:-1\" \/>\n<link rel=\"canonical\" href=\"https:\/\/original.willowhouse.org\/es\/nuevo-director-ejecutivo-de-willow-house-david-scheffler\/\" \/>\n<meta property=\"og:locale\" content=\"es_ES\" \/>\n<meta property=\"og:type\" content=\"article\" \/>\n<meta property=\"og:title\" content=\"Willow House da la bienvenida al nuevo director ejecutivo\" \/>\n<meta property=\"og:description\" content=\"BANNOCKBURN, ILLINOIS - La Junta Directiva de Willow House se complace en anunciar y presentar a David Scheffler como el pr\u00f3ximo Director Ejecutivo de Willow House.\" \/>\n<meta property=\"og:url\" content=\"https:\/\/original.willowhouse.org\/es\/nuevo-director-ejecutivo-de-willow-house-david-scheffler\/\" \/>\n<meta property=\"og:site_name\" content=\"Willow House\" \/>\n<meta property=\"article:modified_time\" content=\"2020-11-29T18:43:04+00:00\" \/>\n<meta property=\"og:image\" content=\"https:\/\/original.willowhouse.org\/wp-content\/uploads\/2019\/04\/Meta_Tag_Banner-01-1024x538.png\" \/>\n\t<meta property=\"og:image:width\" content=\"1024\" \/>\n\t<meta property=\"og:image:height\" content=\"538\" \/>\n\t<meta property=\"og:image:type\" content=\"image\/png\" \/>\n<meta name=\"twitter:card\" content=\"summary_large_image\" \/>\n<meta name=\"twitter:label1\" content=\"Tiempo de lectura\" \/>\n\t<meta name=\"twitter:data1\" content=\"3 minutos\" \/>\n<!-- \/ Yoast SEO plugin. -->","yoast_head_json":{"title":"Willow House da la bienvenida al nuevo director ejecutivo","description":"BANNOCKBURN, ILLINOIS - La Junta Directiva de Willow House se complace en anunciar y presentar a David Scheffler como el pr\u00f3ximo Director Ejecutivo de Willow House.","robots":{"index":"index","follow":"follow","max-snippet":"max-snippet:-1","max-image-preview":"max-image-preview:large","max-video-preview":"max-video-preview:-1"},"canonical":"https:\/\/original.willowhouse.org\/es\/nuevo-director-ejecutivo-de-willow-house-david-scheffler\/","og_locale":"es_ES","og_type":"article","og_title":"Willow House da la bienvenida al nuevo director ejecutivo","og_description":"BANNOCKBURN, ILLINOIS - La Junta Directiva de Willow House se complace en anunciar y presentar a David Scheffler como el pr\u00f3ximo Director Ejecutivo de Willow House.","og_url":"https:\/\/original.willowhouse.org\/es\/nuevo-director-ejecutivo-de-willow-house-david-scheffler\/","og_site_name":"Willow House","article_modified_time":"2020-11-29T18:43:04+00:00","og_image":[{"width":1024,"height":538,"url":"https:\/\/original.willowhouse.org\/wp-content\/uploads\/2019\/04\/Meta_Tag_Banner-01-1024x538.png","type":"image\/png"}],"twitter_card":"summary_large_image","twitter_misc":{"Tiempo de lectura":"3 minutos"},"schema":{"@context":"https:\/\/schema.org","@graph":[{"@type":"Organization","@id":"https:\/\/original.willowhouse.org\/#organization","name":"Willow House","url":"https:\/\/original.willowhouse.org\/","sameAs":[],"logo":{"@type":"ImageObject","inLanguage":"es","@id":"https:\/\/original.willowhouse.org\/#\/schema\/logo\/image\/","url":"https:\/\/original.willowhouse.org\/wp-content\/uploads\/2019\/04\/WH_Logo_Horiz_tagline-1.png","contentUrl":"https:\/\/original.willowhouse.org\/wp-content\/uploads\/2019\/04\/WH_Logo_Horiz_tagline-1.png","width":1947,"height":576,"caption":"Willow House"},"image":{"@id":"https:\/\/original.willowhouse.org\/#\/schema\/logo\/image\/"}},{"@type":"WebSite","@id":"https:\/\/original.willowhouse.org\/#website","url":"https:\/\/original.willowhouse.org\/","name":"Willow House","description":"Where HOPE lives and HEALING begins.","publisher":{"@id":"https:\/\/original.willowhouse.org\/#organization"},"potentialAction":[{"@type":"SearchAction","target":{"@type":"EntryPoint","urlTemplate":"https:\/\/original.willowhouse.org\/?s={search_term_string}"},"query-input":"required name=search_term_string"}],"inLanguage":"es"},{"@type":"ImageObject","inLanguage":"es","@id":"https:\/\/original.willowhouse.org\/es\/nuevo-director-ejecutivo-de-willow-house-david-scheffler\/#primaryimage","url":"https:\/\/original.willowhouse.org\/wp-content\/uploads\/2019\/04\/Meta_Tag_Banner-01.png","contentUrl":"https:\/\/original.willowhouse.org\/wp-content\/uploads\/2019\/04\/Meta_Tag_Banner-01.png","width":5000,"height":2625,"caption":"Willow House"},{"@type":"WebPage","@id":"https:\/\/original.willowhouse.org\/es\/nuevo-director-ejecutivo-de-willow-house-david-scheffler\/","url":"https:\/\/original.willowhouse.org\/es\/nuevo-director-ejecutivo-de-willow-house-david-scheffler\/","name":"Willow House da la bienvenida al nuevo director ejecutivo","isPartOf":{"@id":"https:\/\/original.willowhouse.org\/#website"},"primaryImageOfPage":{"@id":"https:\/\/original.willowhouse.org\/es\/nuevo-director-ejecutivo-de-willow-house-david-scheffler\/#primaryimage"},"datePublished":"2020-11-26T19:45:22+00:00","dateModified":"2020-11-29T18:43:04+00:00","description":"BANNOCKBURN, ILLINOIS - La Junta Directiva de Willow House se complace en anunciar y presentar a David Scheffler como el pr\u00f3ximo Director Ejecutivo de Willow House.","breadcrumb":{"@id":"https:\/\/original.willowhouse.org\/es\/nuevo-director-ejecutivo-de-willow-house-david-scheffler\/#breadcrumb"},"inLanguage":"es","potentialAction":[{"@type":"ReadAction","target":["https:\/\/original.willowhouse.org\/es\/nuevo-director-ejecutivo-de-willow-house-david-scheffler\/"]}]},{"@type":"BreadcrumbList","@id":"https:\/\/original.willowhouse.org\/es\/nuevo-director-ejecutivo-de-willow-house-david-scheffler\/#breadcrumb","itemListElement":[{"@type":"ListItem","position":1,"name":"Home","item":"https:\/\/original.willowhouse.org\/es\/"},{"@type":"ListItem","position":2,"name":"Nuevo director ejecutivo de Willow House, David Scheffler"}]}]}},"_links":{"self":[{"href":"https:\/\/original.willowhouse.org\/es\/wp-json\/wp\/v2\/pages\/4814"}],"collection":[{"href":"https:\/\/original.willowhouse.org\/es\/wp-json\/wp\/v2\/pages"}],"about":[{"href":"https:\/\/original.willowhouse.org\/es\/wp-json\/wp\/v2\/types\/page"}],"author":[{"embeddable":true,"href":"https:\/\/original.willowhouse.org\/es\/wp-json\/wp\/v2\/users\/6"}],"replies":[{"embeddable":true,"href":"https:\/\/original.willowhouse.org\/es\/wp-json\/wp\/v2\/comments?post=4814"}],"version-history":[{"count":5,"href":"https:\/\/original.willowhouse.org\/es\/wp-json\/wp\/v2\/pages\/4814\/revisions"}],"predecessor-version":[{"id":5489,"href":"https:\/\/original.willowhouse.org\/es\/wp-json\/wp\/v2\/pages\/4814\/revisions\/5489"}],"wp:featuredmedia":[{"embeddable":true,"href":"https:\/\/original.willowhouse.org\/es\/wp-json\/wp\/v2\/media\/4290"}],"wp:attachment":[{"href":"https:\/\/original.willowhouse.org\/es\/wp-json\/wp\/v2\/media?parent=4814"}],"curies":[{"name":"wp","href":"https:\/\/api.w.org\/{rel}","templated":true}]}}