{"id":4810,"date":"2020-11-26T13:41:41","date_gmt":"2020-11-26T19:41:41","guid":{"rendered":"https:\/\/willowhouse.org\/boletin-de-willow-house\/"},"modified":"2020-11-29T12:36:23","modified_gmt":"2020-11-29T18:36:23","slug":"boletin-de-willow-house","status":"publish","type":"page","link":"https:\/\/original.willowhouse.org\/es\/boletin-de-willow-house\/","title":{"rendered":"Bolet\u00edn de Willow House"},"content":{"rendered":"\t\t<div data-elementor-type=\"wp-post\" data-elementor-id=\"4810\" class=\"elementor elementor-4810 elementor-1352\">\n\t\t\t\t\t\t<div class=\"elementor-inner\">\n\t\t\t\t<div class=\"elementor-section-wrap\">\n\t\t\t\t\t\t\t\t\t<section class=\"elementor-section elementor-top-section elementor-element elementor-element-522 elementor-section-stretched elementor-section-full_width elementor-section-height-min-height elementor-section-height-default elementor-section-items-middle\" data-id=\"522\" data-element_type=\"section\" data-settings=\"{&quot;stretch_section&quot;:&quot;section-stretched&quot;,&quot;background_background&quot;:&quot;classic&quot;}\">\n\t\t\t\t\t\t<div class=\"elementor-container elementor-column-gap-default\">\n\t\t\t\t\t\t\t<div class=\"elementor-row\">\n\t\t\t\t\t<div class=\"elementor-column elementor-col-100 elementor-top-column elementor-element elementor-element-6553\" data-id=\"6553\" data-element_type=\"column\">\n\t\t\t<div class=\"elementor-column-wrap elementor-element-populated\">\n\t\t\t\t\t\t\t<div class=\"elementor-widget-wrap\">\n\t\t\t\t\t\t<div class=\"elementor-element elementor-element-4017 elementor-widget elementor-widget-heading\" data-id=\"4017\" data-element_type=\"widget\" data-widget_type=\"heading.default\">\n\t\t\t\t<div class=\"elementor-widget-container\">\n\t\t\t<h1 class=\"elementor-heading-title elementor-size-default\">Bolet\u00edn de Willow House<\/h1>\t\t<\/div>\n\t\t\t\t<\/div>\n\t\t\t\t\t\t<\/div>\n\t\t\t\t\t<\/div>\n\t\t<\/div>\n\t\t\t\t\t\t\t\t<\/div>\n\t\t\t\t\t<\/div>\n\t\t<\/section>\n\t\t\t\t<section class=\"elementor-section elementor-top-section elementor-element elementor-element-3cebec8 elementor-section-stretched elementor-section-boxed elementor-section-height-default elementor-section-height-default\" data-id=\"3cebec8\" data-element_type=\"section\" data-settings=\"{&quot;stretch_section&quot;:&quot;section-stretched&quot;,&quot;background_background&quot;:&quot;classic&quot;}\">\n\t\t\t\t\t\t<div class=\"elementor-container elementor-column-gap-default\">\n\t\t\t\t\t\t\t<div class=\"elementor-row\">\n\t\t\t\t\t<div class=\"elementor-column elementor-col-100 elementor-top-column elementor-element elementor-element-d3cd63e\" data-id=\"d3cd63e\" data-element_type=\"column\">\n\t\t\t<div class=\"elementor-column-wrap elementor-element-populated\">\n\t\t\t\t\t\t\t<div class=\"elementor-widget-wrap\">\n\t\t\t\t\t\t<div class=\"elementor-element elementor-element-076ad9d elementor-widget elementor-widget-text-editor\" data-id=\"076ad9d\" data-element_type=\"widget\" data-widget_type=\"text-editor.default\">\n\t\t\t\t<div class=\"elementor-widget-container\">\n\t\t\t\t\t\t\t\t<div class=\"elementor-text-editor elementor-clearfix\">\n\t\t\t\t<p>El bolet\u00edn de Willow House est\u00e1 lleno de informaci\u00f3n educativa relacionada con el duelo, historias actuales de los miembros de la familia de Willow House, c\u00f3mo estamos sirviendo activamente a la comunidad, pr\u00f3ximos eventos y programas, y mucho m\u00e1s&#8230; Queremos que este bolet\u00edn sea valioso para usted, as\u00ed que comparta sus comentarios, contenido y sugerencias.<\/p>\n\t\t\t\t\t<\/div>\n\t\t\t\t\t\t<\/div>\n\t\t\t\t<\/div>\n\t\t\t\t<div class=\"elementor-element elementor-element-507371e elementor-align-center elementor-widget elementor-widget-button\" data-id=\"507371e\" data-element_type=\"widget\" data-widget_type=\"button.default\">\n\t\t\t\t<div class=\"elementor-widget-container\">\n\t\t\t\t\t<div class=\"elementor-button-wrapper\">\n\t\t\t<a href=\"https:\/\/us6.list-manage.com\/subscribe?u=53dad5ab0f&#038;id=f1f55ed8be\" class=\"elementor-button-link elementor-button elementor-size-md\" role=\"button\">\n\t\t\t\t\t\t<span class=\"elementor-button-content-wrapper\">\n\t\t\t\t\t\t<span class=\"elementor-button-text\">Suscr\u00edbete al bolet\u00edn<\/span>\n\t\t<\/span>\n\t\t\t\t\t<\/a>\n\t\t<\/div>\n\t\t\t\t<\/div>\n\t\t\t\t<\/div>\n\t\t\t\t\t\t<\/div>\n\t\t\t\t\t<\/div>\n\t\t<\/div>\n\t\t\t\t\t\t\t\t<\/div>\n\t\t\t\t\t<\/div>\n\t\t<\/section>\n\t\t\t\t<section class=\"elementor-section elementor-top-section elementor-element elementor-element-5c2124b elementor-section-stretched elementor-section-boxed elementor-section-height-default elementor-section-height-default\" data-id=\"5c2124b\" data-element_type=\"section\" data-settings=\"{&quot;stretch_section&quot;:&quot;section-stretched&quot;,&quot;background_background&quot;:&quot;classic&quot;}\">\n\t\t\t\t\t\t<div class=\"elementor-container elementor-column-gap-default\">\n\t\t\t\t\t\t\t<div class=\"elementor-row\">\n\t\t\t\t\t<div class=\"elementor-column elementor-col-100 elementor-top-column elementor-element elementor-element-2050363\" data-id=\"2050363\" data-element_type=\"column\">\n\t\t\t<div class=\"elementor-column-wrap elementor-element-populated\">\n\t\t\t\t\t\t\t<div class=\"elementor-widget-wrap\">\n\t\t\t\t\t\t<div class=\"elementor-element elementor-element-767fe0d elementor-widget elementor-widget-heading\" data-id=\"767fe0d\" data-element_type=\"widget\" data-widget_type=\"heading.default\">\n\t\t\t\t<div class=\"elementor-widget-container\">\n\t\t\t<h2 class=\"elementor-heading-title elementor-size-default\">Boletines anteriores<\/h2>\t\t<\/div>\n\t\t\t\t<\/div>\n\t\t\t\t<section class=\"elementor-section elementor-inner-section elementor-element elementor-element-25fd062 elementor-section-boxed elementor-section-height-default elementor-section-height-default\" data-id=\"25fd062\" data-element_type=\"section\">\n\t\t\t\t\t\t<div class=\"elementor-container elementor-column-gap-default\">\n\t\t\t\t\t\t\t<div class=\"elementor-row\">\n\t\t\t\t\t<div class=\"elementor-column elementor-col-100 elementor-inner-column elementor-element elementor-element-cf92a92\" data-id=\"cf92a92\" data-element_type=\"column\">\n\t\t\t<div class=\"elementor-column-wrap elementor-element-populated\">\n\t\t\t\t\t\t\t<div class=\"elementor-widget-wrap\">\n\t\t\t\t\t\t<div class=\"elementor-element elementor-element-7ff5c12 elementor-widget elementor-widget-text-editor\" data-id=\"7ff5c12\" data-element_type=\"widget\" data-widget_type=\"text-editor.default\">\n\t\t\t\t<div class=\"elementor-widget-container\">\n\t\t\t\t\t\t\t\t<div class=\"elementor-text-editor elementor-clearfix\">\n\t\t\t\t<p><strong><a href=\"https:\/\/mailchi.mp\/7808a1707f03\/2019-969769\" target=\"_blank\" rel=\"noopener\">Trabajadores sociales y socios de la industria, enero de 2020<\/a><\/strong><\/p>\n<p><strong><a href=\"https:\/\/mailchi.mp\/willowhouse\/willow-house-newsletter-969713\" target=\"_blank\" rel=\"noopener\">Diciembre de 2019<\/a><\/strong><\/p>\n<p><a href=\"https:\/\/mailchi.mp\/willowhouse\/2019a\" target=\"_blank\" rel=\"noopener\"><strong>Apelaci\u00f3n anual, diciembre de 2019<\/strong><\/a><\/p>\n<p><a href=\"https:\/\/mailchi.mp\/willowhouse\/willow-house-newsletter-969721\" target=\"_blank\" rel=\"noopener\"><strong>Dando gracias, noviembre de 2019<\/strong><\/a><\/p>\n<p><strong><a href=\"https:\/\/mailchi.mp\/willowhouse\/international-joke-day-willow-house-kids\" target=\"_blank\" rel=\"noopener\">D\u00eda Internacional de la Broma, julio de 2019<\/a><\/strong><\/p>\n<p><strong>Willow House tiene un nuevo aspecto, abril de 2019<\/strong><\/p>\n<p><strong><a href=\"https:\/\/mailchi.mp\/willowhouse\/whats-new-at-willow-house\" target=\"_blank\" rel=\"noopener\">noviembre de 2018<\/a><\/strong><\/p>\n<p><a href=\"https:\/\/mailchi.mp\/willowhouse\/welcomeerin\" target=\"_blank\" rel=\"noopener\"><strong>Bienvenido Erin Leyden, directora ejecutiva, junio de 2018<\/strong><\/a><\/p>\n<p><strong><a href=\"http:\/\/mailchi.mp\/willowhouse\/december-willow-house-newsletter\" target=\"_blank\" rel=\"noopener\">Diciembre de 2017<\/a><\/strong><\/p>\n<p><strong><a href=\"http:\/\/mailchi.mp\/willowhouse\/giving-tuesday-tomorrow-a-special-opportunity\" target=\"_blank\" rel=\"noopener\">Martes de donaciones de 2017:<em>A Willow Historia de House Family<\/em><\/a><\/strong><\/p>\n<p><strong><a href=\"http:\/\/mailchi.mp\/willowhouse\/li3b6f45ur\" target=\"_blank\" rel=\"noopener\">Junio \u200b\u200bde 2017<\/a><\/strong><\/p>\n<p><strong><a href=\"http:\/\/us6.campaign-archive2.com\/?u=53dad5ab0f&amp;id=eaaf218d7e\" target=\"_blank\" rel=\"noopener\">Marzo de 2017<\/a><\/strong><\/p>\n<p><strong><a href=\"http:\/\/us6.campaign-archive1.com\/?u=53dad5ab0f&amp;id=66f46c4c17\" target=\"_blank\" rel=\"noopener\">Febrero de 2017<\/a><\/strong><\/p>\n<p><strong><a href=\"http:\/\/us6.campaign-archive1.com\/?u=53dad5ab0f&amp;id=80bfc6aeb8\" target=\"_blank\" rel=\"noopener\">Febrero de 2017: <em>Historia de Willow House de un ni\u00f1o de 8 a\u00f1os<\/em><\/a><\/strong><\/p>\n<p><strong><a href=\"http:\/\/us6.campaign-archive1.com\/?u=53dad5ab0f&amp;id=1c17afd730\" target=\"_blank\" rel=\"noopener\">noviembre de 2016<\/a><\/strong><\/p>\n<p><strong><a href=\"http:\/\/us6.campaign-archive2.com\/?u=53dad5ab0f&amp;id=843621395e&amp;e=[UNIQID]\" target=\"_blank\" rel=\"noopener\">Octubre de 2016<\/a><\/strong><\/p>\n<p><strong><a href=\"http:\/\/us6.campaign-archive2.com\/?u=53dad5ab0f&amp;id=9b21cb6841\" target=\"_blank\" rel=\"noopener\">Septiembre de 2016<\/a><\/strong><\/p>\n<p><strong><a href=\"http:\/\/us6.campaign-archive2.com\/?u=53dad5ab0f&amp;id=4d12d47dd3&amp;e=bcf00bef6d\" target=\"_blank\" rel=\"noopener\">Agosto de 2016<\/a><\/strong><\/p>\n<p><a href=\"\/september-11-2015.html\"><strong>11 de septiembre de 2015<\/strong><strong>, <em>Heroes of Freedom Memorial<\/em><\/strong><\/a><\/p>\n\t\t\t\t\t<\/div>\n\t\t\t\t\t\t<\/div>\n\t\t\t\t<\/div>\n\t\t\t\t\t\t<\/div>\n\t\t\t\t\t<\/div>\n\t\t<\/div>\n\t\t\t\t\t\t\t\t<\/div>\n\t\t\t\t\t<\/div>\n\t\t<\/section>\n\t\t\t\t\t\t<\/div>\n\t\t\t\t\t<\/div>\n\t\t<\/div>\n\t\t\t\t\t\t\t\t<\/div>\n\t\t\t\t\t<\/div>\n\t\t<\/section>\n\t\t\t\t<section class=\"elementor-section elementor-top-section elementor-element elementor-element-39f8d0b elementor-section-stretched elementor-section-boxed elementor-section-height-default elementor-section-height-default\" data-id=\"39f8d0b\" data-element_type=\"section\" data-settings=\"{&quot;stretch_section&quot;:&quot;section-stretched&quot;,&quot;background_background&quot;:&quot;classic&quot;}\">\n\t\t\t\t\t\t<div class=\"elementor-container elementor-column-gap-default\">\n\t\t\t\t\t\t\t<div class=\"elementor-row\">\n\t\t\t\t\t<div class=\"elementor-column elementor-col-100 elementor-top-column elementor-element elementor-element-2846c92\" data-id=\"2846c92\" data-element_type=\"column\">\n\t\t\t<div class=\"elementor-column-wrap elementor-element-populated\">\n\t\t\t\t\t\t\t<div class=\"elementor-widget-wrap\">\n\t\t\t\t\t\t<div class=\"elementor-element elementor-element-4164e9c elementor-widget elementor-widget-heading\" data-id=\"4164e9c\" data-element_type=\"widget\" data-widget_type=\"heading.default\">\n\t\t\t\t<div class=\"elementor-widget-container\">\n\t\t\t<h2 class=\"elementor-heading-title elementor-size-default\">Recetas familiares de Willow House<\/h2>\t\t<\/div>\n\t\t\t\t<\/div>\n\t\t\t\t<section class=\"elementor-section elementor-inner-section elementor-element elementor-element-947a85d elementor-section-boxed elementor-section-height-default elementor-section-height-default\" data-id=\"947a85d\" data-element_type=\"section\">\n\t\t\t\t\t\t<div class=\"elementor-container elementor-column-gap-default\">\n\t\t\t\t\t\t\t<div class=\"elementor-row\">\n\t\t\t\t\t<div class=\"elementor-column elementor-col-50 elementor-inner-column elementor-element elementor-element-10c6561\" data-id=\"10c6561\" data-element_type=\"column\">\n\t\t\t<div class=\"elementor-column-wrap elementor-element-populated\">\n\t\t\t\t\t\t\t<div class=\"elementor-widget-wrap\">\n\t\t\t\t\t\t<div class=\"elementor-element elementor-element-fb2a654 elementor-widget elementor-widget-text-editor\" data-id=\"fb2a654\" data-element_type=\"widget\" data-widget_type=\"text-editor.default\">\n\t\t\t\t<div class=\"elementor-widget-container\">\n\t\t\t\t\t\t\t\t<div class=\"elementor-text-editor elementor-clearfix\">\n\t\t\t\t<p><span style=\"color: #ffffff;\"><strong><a style=\"color: #ffffff;\" href=\"https:\/\/willowhouse.org\/es\/pastel-de-nueces-receta-de-la-familia-lindell\/\">Pastel de nueces &#8211; Familia Lindell<\/a><\/strong><br \/><strong><a style=\"color: #ffffff;\" href=\"https:\/\/willowhouse.org\/es\/haleem-receta-de-la-familia-mulani\/\">Haleem &#8211; Familia Mulani<\/a><\/strong><br \/><strong><a style=\"color: #ffffff;\" href=\"https:\/\/willowhouse.org\/es\/pastel-de-manzana-receta-de-la-familia-ries\/\">Pastel de manzana &#8211; Familia Ries<\/a><\/strong><br \/><strong><a style=\"color: #ffffff;\" href=\"https:\/\/willowhouse.org\/es\/pollo-al-curry-de-coco-familia-kenski-y-mccormack\/\">Pollo al curry &#8211; Familia Kenski\/McCormack<\/a><\/strong><\/span><\/p>\n\t\t\t\t\t<\/div>\n\t\t\t\t\t\t<\/div>\n\t\t\t\t<\/div>\n\t\t\t\t\t\t<\/div>\n\t\t\t\t\t<\/div>\n\t\t<\/div>\n\t\t\t\t<div class=\"elementor-column elementor-col-50 elementor-inner-column elementor-element elementor-element-370ee7e\" data-id=\"370ee7e\" data-element_type=\"column\">\n\t\t\t<div class=\"elementor-column-wrap elementor-element-populated\">\n\t\t\t\t\t\t\t<div class=\"elementor-widget-wrap\">\n\t\t\t\t\t\t<div class=\"elementor-element elementor-element-1f69143 elementor-widget elementor-widget-image\" data-id=\"1f69143\" data-element_type=\"widget\" data-widget_type=\"image.default\">\n\t\t\t\t<div class=\"elementor-widget-container\">\n\t\t\t\t\t\t\t\t<div class=\"elementor-image\">\n\t\t\t\t\t\t\t\t\t\t\t\t<img width=\"163\" height=\"140\" src=\"https:\/\/original.willowhouse.org\/wp-content\/uploads\/2019\/02\/recipe-1_orig.png\" class=\"attachment-full size-full\" alt=\"\" \/>\t\t\t\t\t\t\t\t\t\t\t\t\t\t<\/div>\n\t\t\t\t\t\t<\/div>\n\t\t\t\t<\/div>\n\t\t\t\t\t\t<\/div>\n\t\t\t\t\t<\/div>\n\t\t<\/div>\n\t\t\t\t\t\t\t\t<\/div>\n\t\t\t\t\t<\/div>\n\t\t<\/section>\n\t\t\t\t<section class=\"elementor-section elementor-inner-section elementor-element elementor-element-277fb2d elementor-section-boxed elementor-section-height-default elementor-section-height-default\" data-id=\"277fb2d\" data-element_type=\"section\">\n\t\t\t\t\t\t<div class=\"elementor-container elementor-column-gap-default\">\n\t\t\t\t\t\t\t<div class=\"elementor-row\">\n\t\t\t\t\t<div class=\"elementor-column elementor-col-25 elementor-inner-column elementor-element elementor-element-3adf25c\" data-id=\"3adf25c\" data-element_type=\"column\">\n\t\t\t<div class=\"elementor-column-wrap elementor-element-populated\">\n\t\t\t\t\t\t\t<div class=\"elementor-widget-wrap\">\n\t\t\t\t\t\t<div class=\"elementor-element elementor-element-584e252 elementor-widget elementor-widget-image\" data-id=\"584e252\" data-element_type=\"widget\" data-widget_type=\"image.default\">\n\t\t\t\t<div class=\"elementor-widget-container\">\n\t\t\t\t\t\t\t\t<div class=\"elementor-image\">\n\t\t\t\t\t\t\t\t\t\t\t\t\t<a href=\"https:\/\/willowhouse.org\/es\/pastel-de-nueces-receta-de-la-familia-lindell\/\">\n\t\t\t\t\t\t\t<img src=\"https:\/\/original.willowhouse.org\/wp-content\/uploads\/elementor\/thumbs\/boblindell2_3-ozclkfhtif20zjvx294gwlp1sc2jgugxt0nfv7gaw0.jpg\" title=\"boblindell2_3\" alt=\"boblindell2_3\" \/>\t\t\t\t\t\t\t\t<\/a>\n\t\t\t\t\t\t\t\t\t\t\t\t\t\t<\/div>\n\t\t\t\t\t\t<\/div>\n\t\t\t\t<\/div>\n\t\t\t\t\t\t<\/div>\n\t\t\t\t\t<\/div>\n\t\t<\/div>\n\t\t\t\t<div class=\"elementor-column elementor-col-25 elementor-inner-column elementor-element elementor-element-169248e\" data-id=\"169248e\" data-element_type=\"column\">\n\t\t\t<div class=\"elementor-column-wrap elementor-element-populated\">\n\t\t\t\t\t\t\t<div class=\"elementor-widget-wrap\">\n\t\t\t\t\t\t<div class=\"elementor-element elementor-element-b08f3bf elementor-widget elementor-widget-image\" data-id=\"b08f3bf\" data-element_type=\"widget\" data-widget_type=\"image.default\">\n\t\t\t\t<div class=\"elementor-widget-container\">\n\t\t\t\t\t\t\t\t<div class=\"elementor-image\">\n\t\t\t\t\t\t\t\t\t\t\t\t\t<a href=\"https:\/\/willowhouse.org\/es\/haleem-receta-de-la-familia-mulani\/\">\n\t\t\t\t\t\t\t<img src=\"https:\/\/original.willowhouse.org\/wp-content\/uploads\/elementor\/thumbs\/mulani-2-orig_orig-ozclkhdhw34lmrt6r9xq1l7yz3t9w8oeh9yetrdijk.jpg\" title=\"mulani-2-orig_orig\" alt=\"mulani-2-orig_orig\" \/>\t\t\t\t\t\t\t\t<\/a>\n\t\t\t\t\t\t\t\t\t\t\t\t\t\t<\/div>\n\t\t\t\t\t\t<\/div>\n\t\t\t\t<\/div>\n\t\t\t\t\t\t<\/div>\n\t\t\t\t\t<\/div>\n\t\t<\/div>\n\t\t\t\t<div class=\"elementor-column elementor-col-25 elementor-inner-column elementor-element elementor-element-542a626\" data-id=\"542a626\" data-element_type=\"column\">\n\t\t\t<div class=\"elementor-column-wrap elementor-element-populated\">\n\t\t\t\t\t\t\t<div class=\"elementor-widget-wrap\">\n\t\t\t\t\t\t<div class=\"elementor-element elementor-element-d2ad9a6 elementor-widget elementor-widget-image\" data-id=\"d2ad9a6\" data-element_type=\"widget\" data-widget_type=\"image.default\">\n\t\t\t\t<div class=\"elementor-widget-container\">\n\t\t\t\t\t\t\t\t<div class=\"elementor-image\">\n\t\t\t\t\t\t\t\t\t\t\t\t\t<a href=\"https:\/\/willowhouse.org\/es\/pastel-de-manzana-receta-de-la-familia-ries\/\">\n\t\t\t\t\t\t\t<img src=\"https:\/\/original.willowhouse.org\/wp-content\/uploads\/elementor\/thumbs\/ries-ozclkhdhw34lmrt6r9xq1l7yz3t9w8oeh9yetrdijk.png\" title=\"ries\" alt=\"ries\" \/>\t\t\t\t\t\t\t\t<\/a>\n\t\t\t\t\t\t\t\t\t\t\t\t\t\t<\/div>\n\t\t\t\t\t\t<\/div>\n\t\t\t\t<\/div>\n\t\t\t\t\t\t<\/div>\n\t\t\t\t\t<\/div>\n\t\t<\/div>\n\t\t\t\t<div class=\"elementor-column elementor-col-25 elementor-inner-column elementor-element elementor-element-7614f8d\" data-id=\"7614f8d\" data-element_type=\"column\">\n\t\t\t<div class=\"elementor-column-wrap elementor-element-populated\">\n\t\t\t\t\t\t\t<div class=\"elementor-widget-wrap\">\n\t\t\t\t\t\t<div class=\"elementor-element elementor-element-90076fd elementor-widget elementor-widget-image\" data-id=\"90076fd\" data-element_type=\"widget\" data-widget_type=\"image.default\">\n\t\t\t\t<div class=\"elementor-widget-container\">\n\t\t\t\t\t\t\t\t<div class=\"elementor-image\">\n\t\t\t\t\t\t\t\t\t\t\t\t\t<a href=\"https:\/\/willowhouse.org\/es\/pollo-al-curry-de-coco-familia-kenski-y-mccormack\/\">\n\t\t\t\t\t\t\t<img src=\"https:\/\/original.willowhouse.org\/wp-content\/uploads\/elementor\/thumbs\/kenski_orig-ozclkgfnp93bb5ujwrj3h3gidpxwojko55axchewps.jpg\" title=\"kenski_orig\" alt=\"kenski_orig\" \/>\t\t\t\t\t\t\t\t<\/a>\n\t\t\t\t\t\t\t\t\t\t\t\t\t\t<\/div>\n\t\t\t\t\t\t<\/div>\n\t\t\t\t<\/div>\n\t\t\t\t\t\t<\/div>\n\t\t\t\t\t<\/div>\n\t\t<\/div>\n\t\t\t\t\t\t\t\t<\/div>\n\t\t\t\t\t<\/div>\n\t\t<\/section>\n\t\t\t\t\t\t<\/div>\n\t\t\t\t\t<\/div>\n\t\t<\/div>\n\t\t\t\t\t\t\t\t<\/div>\n\t\t\t\t\t<\/div>\n\t\t<\/section>\n\t\t\t\t\t\t\t\t\t<\/div>\n\t\t\t<\/div>\n\t\t\t\t\t<\/div>\n\t\t","protected":false},"excerpt":{"rendered":"<p>Bolet\u00edn de Willow House El bolet\u00edn de Willow House est\u00e1 lleno de informaci\u00f3n educativa relacionada con el duelo, historias actuales de los miembros de la&hellip;<\/p>\n","protected":false},"author":2,"featured_media":4290,"parent":0,"menu_order":0,"comment_status":"closed","ping_status":"closed","template":"","meta":[],"yoast_head":"<!-- This site is optimized with the Yoast SEO plugin v19.3 - https:\/\/yoast.com\/wordpress\/plugins\/seo\/ -->\n<title>Bolet\u00edn de Willow House<\/title>\n<meta name=\"description\" content=\"El bolet\u00edn de Willow House est\u00e1 lleno de informaci\u00f3n educativa relacionada con el duelo, historias actuales de miembros de la familia, pr\u00f3ximos eventos y programas, y mucho m\u00e1s ...\" \/>\n<meta name=\"robots\" content=\"index, follow, max-snippet:-1, max-image-preview:large, max-video-preview:-1\" \/>\n<link rel=\"canonical\" href=\"https:\/\/original.willowhouse.org\/es\/boletin-de-willow-house\/\" \/>\n<meta property=\"og:locale\" content=\"es_ES\" \/>\n<meta property=\"og:type\" content=\"article\" \/>\n<meta property=\"og:title\" content=\"Bolet\u00edn de Willow House\" \/>\n<meta property=\"og:description\" content=\"El bolet\u00edn de Willow House est\u00e1 lleno de informaci\u00f3n educativa relacionada con el duelo, historias actuales de miembros de la familia, pr\u00f3ximos eventos y programas, y mucho m\u00e1s ...\" \/>\n<meta property=\"og:url\" content=\"https:\/\/original.willowhouse.org\/es\/boletin-de-willow-house\/\" \/>\n<meta property=\"og:site_name\" content=\"Willow House\" \/>\n<meta property=\"article:modified_time\" content=\"2020-11-29T18:36:23+00:00\" \/>\n<meta property=\"og:image\" content=\"https:\/\/original.willowhouse.org\/wp-content\/uploads\/2019\/04\/Meta_Tag_Banner-01-1024x538.png\" \/>\n\t<meta property=\"og:image:width\" content=\"1024\" \/>\n\t<meta property=\"og:image:height\" content=\"538\" \/>\n\t<meta property=\"og:image:type\" content=\"image\/png\" \/>\n<meta name=\"twitter:card\" content=\"summary_large_image\" \/>\n<meta name=\"twitter:label1\" content=\"Tiempo de lectura\" \/>\n\t<meta name=\"twitter:data1\" content=\"1 minuto\" \/>\n<!-- \/ Yoast SEO plugin. -->","yoast_head_json":{"title":"Bolet\u00edn de Willow House","description":"El bolet\u00edn de Willow House est\u00e1 lleno de informaci\u00f3n educativa relacionada con el duelo, historias actuales de miembros de la familia, pr\u00f3ximos eventos y programas, y mucho m\u00e1s ...","robots":{"index":"index","follow":"follow","max-snippet":"max-snippet:-1","max-image-preview":"max-image-preview:large","max-video-preview":"max-video-preview:-1"},"canonical":"https:\/\/original.willowhouse.org\/es\/boletin-de-willow-house\/","og_locale":"es_ES","og_type":"article","og_title":"Bolet\u00edn de Willow House","og_description":"El bolet\u00edn de Willow House est\u00e1 lleno de informaci\u00f3n educativa relacionada con el duelo, historias actuales de miembros de la familia, pr\u00f3ximos eventos y programas, y mucho m\u00e1s ...","og_url":"https:\/\/original.willowhouse.org\/es\/boletin-de-willow-house\/","og_site_name":"Willow House","article_modified_time":"2020-11-29T18:36:23+00:00","og_image":[{"width":1024,"height":538,"url":"https:\/\/original.willowhouse.org\/wp-content\/uploads\/2019\/04\/Meta_Tag_Banner-01-1024x538.png","type":"image\/png"}],"twitter_card":"summary_large_image","twitter_misc":{"Tiempo de lectura":"1 minuto"},"schema":{"@context":"https:\/\/schema.org","@graph":[{"@type":"Organization","@id":"https:\/\/original.willowhouse.org\/#organization","name":"Willow House","url":"https:\/\/original.willowhouse.org\/","sameAs":[],"logo":{"@type":"ImageObject","inLanguage":"es","@id":"https:\/\/original.willowhouse.org\/#\/schema\/logo\/image\/","url":"https:\/\/original.willowhouse.org\/wp-content\/uploads\/2019\/04\/WH_Logo_Horiz_tagline-1.png","contentUrl":"https:\/\/original.willowhouse.org\/wp-content\/uploads\/2019\/04\/WH_Logo_Horiz_tagline-1.png","width":1947,"height":576,"caption":"Willow House"},"image":{"@id":"https:\/\/original.willowhouse.org\/#\/schema\/logo\/image\/"}},{"@type":"WebSite","@id":"https:\/\/original.willowhouse.org\/#website","url":"https:\/\/original.willowhouse.org\/","name":"Willow House","description":"Where HOPE lives and HEALING begins.","publisher":{"@id":"https:\/\/original.willowhouse.org\/#organization"},"potentialAction":[{"@type":"SearchAction","target":{"@type":"EntryPoint","urlTemplate":"https:\/\/original.willowhouse.org\/?s={search_term_string}"},"query-input":"required name=search_term_string"}],"inLanguage":"es"},{"@type":"ImageObject","inLanguage":"es","@id":"https:\/\/original.willowhouse.org\/es\/boletin-de-willow-house\/#primaryimage","url":"https:\/\/original.willowhouse.org\/wp-content\/uploads\/2019\/04\/Meta_Tag_Banner-01.png","contentUrl":"https:\/\/original.willowhouse.org\/wp-content\/uploads\/2019\/04\/Meta_Tag_Banner-01.png","width":5000,"height":2625,"caption":"Willow House"},{"@type":"WebPage","@id":"https:\/\/original.willowhouse.org\/es\/boletin-de-willow-house\/","url":"https:\/\/original.willowhouse.org\/es\/boletin-de-willow-house\/","name":"Bolet\u00edn de Willow House","isPartOf":{"@id":"https:\/\/original.willowhouse.org\/#website"},"primaryImageOfPage":{"@id":"https:\/\/original.willowhouse.org\/es\/boletin-de-willow-house\/#primaryimage"},"datePublished":"2020-11-26T19:41:41+00:00","dateModified":"2020-11-29T18:36:23+00:00","description":"El bolet\u00edn de Willow House est\u00e1 lleno de informaci\u00f3n educativa relacionada con el duelo, historias actuales de miembros de la familia, pr\u00f3ximos eventos y programas, y mucho m\u00e1s ...","breadcrumb":{"@id":"https:\/\/original.willowhouse.org\/es\/boletin-de-willow-house\/#breadcrumb"},"inLanguage":"es","potentialAction":[{"@type":"ReadAction","target":["https:\/\/original.willowhouse.org\/es\/boletin-de-willow-house\/"]}]},{"@type":"BreadcrumbList","@id":"https:\/\/original.willowhouse.org\/es\/boletin-de-willow-house\/#breadcrumb","itemListElement":[{"@type":"ListItem","position":1,"name":"Home","item":"https:\/\/original.willowhouse.org\/es\/"},{"@type":"ListItem","position":2,"name":"Bolet\u00edn de Willow House"}]}]}},"_links":{"self":[{"href":"https:\/\/original.willowhouse.org\/es\/wp-json\/wp\/v2\/pages\/4810"}],"collection":[{"href":"https:\/\/original.willowhouse.org\/es\/wp-json\/wp\/v2\/pages"}],"about":[{"href":"https:\/\/original.willowhouse.org\/es\/wp-json\/wp\/v2\/types\/page"}],"author":[{"embeddable":true,"href":"https:\/\/original.willowhouse.org\/es\/wp-json\/wp\/v2\/users\/2"}],"replies":[{"embeddable":true,"href":"https:\/\/original.willowhouse.org\/es\/wp-json\/wp\/v2\/comments?post=4810"}],"version-history":[{"count":5,"href":"https:\/\/original.willowhouse.org\/es\/wp-json\/wp\/v2\/pages\/4810\/revisions"}],"predecessor-version":[{"id":5481,"href":"https:\/\/original.willowhouse.org\/es\/wp-json\/wp\/v2\/pages\/4810\/revisions\/5481"}],"wp:featuredmedia":[{"embeddable":true,"href":"https:\/\/original.willowhouse.org\/es\/wp-json\/wp\/v2\/media\/4290"}],"wp:attachment":[{"href":"https:\/\/original.willowhouse.org\/es\/wp-json\/wp\/v2\/media?parent=4810"}],"curies":[{"name":"wp","href":"https:\/\/api.w.org\/{rel}","templated":true}]}}