{"id":4803,"date":"2020-11-26T13:28:39","date_gmt":"2020-11-26T19:28:39","guid":{"rendered":"https:\/\/willowhouse.org\/formulario-de-solicitud-de-facilitador-voluntario\/"},"modified":"2020-11-29T11:16:18","modified_gmt":"2020-11-29T17:16:18","slug":"formulario-de-solicitud-de-facilitador-voluntario","status":"publish","type":"page","link":"https:\/\/original.willowhouse.org\/es\/formulario-de-solicitud-de-facilitador-voluntario\/","title":{"rendered":"Formulario de solicitud de facilitador voluntario"},"content":{"rendered":"\t\t<div data-elementor-type=\"wp-post\" data-elementor-id=\"4803\" class=\"elementor elementor-4803 elementor-1393\">\n\t\t\t\t\t\t<div class=\"elementor-inner\">\n\t\t\t\t<div class=\"elementor-section-wrap\">\n\t\t\t\t\t\t\t\t\t<section class=\"elementor-section elementor-top-section elementor-element elementor-element-58cc elementor-section-stretched elementor-section-full_width elementor-section-height-min-height elementor-section-height-default elementor-section-items-middle\" data-id=\"58cc\" data-element_type=\"section\" data-settings=\"{&quot;stretch_section&quot;:&quot;section-stretched&quot;,&quot;background_background&quot;:&quot;classic&quot;}\">\n\t\t\t\t\t\t<div class=\"elementor-container elementor-column-gap-default\">\n\t\t\t\t\t\t\t<div class=\"elementor-row\">\n\t\t\t\t\t<div class=\"elementor-column elementor-col-100 elementor-top-column elementor-element elementor-element-1fc5\" data-id=\"1fc5\" data-element_type=\"column\">\n\t\t\t<div class=\"elementor-column-wrap elementor-element-populated\">\n\t\t\t\t\t\t\t<div class=\"elementor-widget-wrap\">\n\t\t\t\t\t\t<div class=\"elementor-element elementor-element-7a11 elementor-widget elementor-widget-heading\" data-id=\"7a11\" data-element_type=\"widget\" data-widget_type=\"heading.default\">\n\t\t\t\t<div class=\"elementor-widget-container\">\n\t\t\t<h1 class=\"elementor-heading-title elementor-size-default\">Formulario de solicitud de facilitador voluntario<\/h1>\t\t<\/div>\n\t\t\t\t<\/div>\n\t\t\t\t\t\t<\/div>\n\t\t\t\t\t<\/div>\n\t\t<\/div>\n\t\t\t\t\t\t\t\t<\/div>\n\t\t\t\t\t<\/div>\n\t\t<\/section>\n\t\t\t\t<section class=\"elementor-section elementor-top-section elementor-element elementor-element-3a28 elementor-section-stretched elementor-section-height-min-height elementor-section-boxed elementor-section-height-default elementor-section-items-middle\" data-id=\"3a28\" data-element_type=\"section\" data-settings=\"{&quot;stretch_section&quot;:&quot;section-stretched&quot;,&quot;background_background&quot;:&quot;classic&quot;}\">\n\t\t\t\t\t\t<div class=\"elementor-container elementor-column-gap-default\">\n\t\t\t\t\t\t\t<div class=\"elementor-row\">\n\t\t\t\t\t<div class=\"elementor-column elementor-col-100 elementor-top-column elementor-element elementor-element-7385\" data-id=\"7385\" data-element_type=\"column\">\n\t\t\t<div class=\"elementor-column-wrap elementor-element-populated\">\n\t\t\t\t\t\t\t<div class=\"elementor-widget-wrap\">\n\t\t\t\t\t\t<div class=\"elementor-element elementor-element-ad73486 elementor-widget elementor-widget-text-editor\" data-id=\"ad73486\" data-element_type=\"widget\" data-widget_type=\"text-editor.default\">\n\t\t\t\t<div class=\"elementor-widget-container\">\n\t\t\t\t\t\t\t\t<div class=\"elementor-text-editor elementor-clearfix\">\n\t\t\t\t<p>Willow House requiere y proporciona 20 horas completas de capacitaci\u00f3n dirigida por m\u00e9dicos para facilitadores voluntarios. La <strong> Capacitaci\u00f3n para facilitadores voluntarios de Willow House <\/strong> se proporciona exclusivamente a aquellos posibles voluntarios que expresen su intenci\u00f3n de buena fe de completar esta capacitaci\u00f3n para convertirse en facilitadores voluntarios en actividades grupales y de otros programas con ni\u00f1os y adolescentes de Willow House. y familias.<\/p>\n<p> Despu\u00e9s de la notificaci\u00f3n de aceptaci\u00f3n en el Programa de Voluntarios y antes de comenzar el Entrenamiento de Facilitadores de Voluntarios de Willow House, cada voluntario potencial debe confirmar su compromiso personal de ser voluntario con un grupo mensual de Willow House <strong>por un m\u00ednimo de un a\u00f1o.<\/strong><\/p>\n<p>Los grupos de Willow House generalmente se llevan a cabo los <strong>lunes y jueves por la noche<\/strong>, adem\u00e1s de otros eventos durante todo el a\u00f1o.<\/p>\n\t\t\t\t\t<\/div>\n\t\t\t\t\t\t<\/div>\n\t\t\t\t<\/div>\n\t\t\t\t<div class=\"elementor-element elementor-element-fec1a9d elementor-widget elementor-widget-text-editor\" data-id=\"fec1a9d\" data-element_type=\"widget\" data-widget_type=\"text-editor.default\">\n\t\t\t\t<div class=\"elementor-widget-container\">\n\t\t\t\t\t\t\t\t<div class=\"elementor-text-editor elementor-clearfix\">\n\t\t\t\t<p><iframe src=\"https:\/\/docs.google.com\/forms\/d\/e\/1FAIpQLScEzTAmDup0BGHZf5YVJeSeQHOjAxTqKgg7JMEUahL0ORAJZw\/viewform?embedded=true\" width=\"100%\" height=\"4529\" frameborder=\"0\" marginheight=\"0\" marginwidth=\"0\">Loading&#8230;<\/iframe><\/p>\n\t\t\t\t\t<\/div>\n\t\t\t\t\t\t<\/div>\n\t\t\t\t<\/div>\n\t\t\t\t\t\t<\/div>\n\t\t\t\t\t<\/div>\n\t\t<\/div>\n\t\t\t\t\t\t\t\t<\/div>\n\t\t\t\t\t<\/div>\n\t\t<\/section>\n\t\t\t\t<section class=\"elementor-section elementor-top-section elementor-element elementor-element-89684de elementor-section-stretched elementor-section-boxed elementor-section-height-default elementor-section-height-default\" data-id=\"89684de\" data-element_type=\"section\" data-settings=\"{&quot;stretch_section&quot;:&quot;section-stretched&quot;,&quot;background_background&quot;:&quot;classic&quot;}\">\n\t\t\t\t\t\t<div class=\"elementor-container elementor-column-gap-default\">\n\t\t\t\t\t\t\t<div class=\"elementor-row\">\n\t\t\t\t\t<div class=\"elementor-column elementor-col-33 elementor-top-column elementor-element elementor-element-2e7bc94\" data-id=\"2e7bc94\" data-element_type=\"column\" data-settings=\"{&quot;background_background&quot;:&quot;classic&quot;}\">\n\t\t\t<div class=\"elementor-column-wrap elementor-element-populated\">\n\t\t\t\t\t\t\t<div class=\"elementor-widget-wrap\">\n\t\t\t\t\t\t<div class=\"elementor-element elementor-element-50e92fe elementor-widget elementor-widget-heading\" data-id=\"50e92fe\" data-element_type=\"widget\" data-widget_type=\"heading.default\">\n\t\t\t\t<div class=\"elementor-widget-container\">\n\t\t\t<h2 class=\"elementor-heading-title elementor-size-default\"><span style=\"font-size: 31px;\">Donde vive la ESPERANZA<\/span><\/h2>\t\t<\/div>\n\t\t\t\t<\/div>\n\t\t\t\t\t\t<\/div>\n\t\t\t\t\t<\/div>\n\t\t<\/div>\n\t\t\t\t<div class=\"elementor-column elementor-col-33 elementor-top-column elementor-element elementor-element-70a9961\" data-id=\"70a9961\" data-element_type=\"column\">\n\t\t\t<div class=\"elementor-column-wrap elementor-element-populated\">\n\t\t\t\t\t\t\t<div class=\"elementor-widget-wrap\">\n\t\t\t\t\t\t<div class=\"elementor-element elementor-element-ced4dfd elementor-skin-carousel elementor-arrows-yes elementor-pagination-type-bullets elementor-pagination-position-outside elementor-widget elementor-widget-media-carousel\" data-id=\"ced4dfd\" data-element_type=\"widget\" data-settings=\"{&quot;slides_per_view&quot;:&quot;1&quot;,&quot;autoplay_speed&quot;:2000,&quot;skin&quot;:&quot;carousel&quot;,&quot;effect&quot;:&quot;slide&quot;,&quot;show_arrows&quot;:&quot;yes&quot;,&quot;pagination&quot;:&quot;bullets&quot;,&quot;speed&quot;:500,&quot;autoplay&quot;:&quot;yes&quot;,&quot;loop&quot;:&quot;yes&quot;,&quot;pause_on_hover&quot;:&quot;yes&quot;,&quot;pause_on_interaction&quot;:&quot;yes&quot;,&quot;space_between&quot;:{&quot;unit&quot;:&quot;px&quot;,&quot;size&quot;:10,&quot;sizes&quot;:[]},&quot;space_between_tablet&quot;:{&quot;unit&quot;:&quot;px&quot;,&quot;size&quot;:10,&quot;sizes&quot;:[]},&quot;space_between_mobile&quot;:{&quot;unit&quot;:&quot;px&quot;,&quot;size&quot;:10,&quot;sizes&quot;:[]}}\" data-widget_type=\"media-carousel.default\">\n\t\t\t\t<div class=\"elementor-widget-container\">\n\t\t\t\t\t<div class=\"elementor-swiper\">\n\t\t\t<div class=\"elementor-main-swiper swiper-container\">\n\t\t\t\t<div class=\"swiper-wrapper\">\n\t\t\t\t\t\t\t\t\t\t\t<div class=\"swiper-slide\">\n\t\t\t\t\t\t\t\t\t<div class=\"elementor-carousel-image\" style=\"background-image: url(https:\/\/original.willowhouse.org\/wp-content\/uploads\/2019\/02\/4086367-orig.jpg)\">\n\n\t\t\t\n\t\t\t\t\t<\/div>\n\t\t\t\t\t\t\t\t<\/div>\n\t\t\t\t\t\t\t\t\t\t\t<div class=\"swiper-slide\">\n\t\t\t\t\t\t\t\t\t<div class=\"elementor-carousel-image\" style=\"background-image: url(https:\/\/original.willowhouse.org\/wp-content\/uploads\/2019\/02\/4506425-orig_orig.jpg)\">\n\n\t\t\t\n\t\t\t\t\t<\/div>\n\t\t\t\t\t\t\t\t<\/div>\n\t\t\t\t\t\t\t\t\t\t\t<div class=\"swiper-slide\">\n\t\t\t\t\t\t\t\t\t<div class=\"elementor-carousel-image\" style=\"background-image: url(https:\/\/original.willowhouse.org\/wp-content\/uploads\/2019\/02\/32045-orig_orig.jpg)\">\n\n\t\t\t\n\t\t\t\t\t<\/div>\n\t\t\t\t\t\t\t\t<\/div>\n\t\t\t\t\t\t\t\t\t\t\t<div class=\"swiper-slide\">\n\t\t\t\t\t\t\t\t\t<div class=\"elementor-carousel-image\" style=\"background-image: url(https:\/\/original.willowhouse.org\/wp-content\/uploads\/2019\/02\/2388280-orig_orig.jpg)\">\n\n\t\t\t\n\t\t\t\t\t<\/div>\n\t\t\t\t\t\t\t\t<\/div>\n\t\t\t\t\t\t\t\t\t<\/div>\n\t\t\t\t\t\t\t\t\t\t\t\t\t\t\t<div class=\"swiper-pagination\"><\/div>\n\t\t\t\t\t\t\t\t\t\t\t\t\t\t\t\t<div class=\"elementor-swiper-button elementor-swiper-button-prev\">\n\t\t\t\t\t\t\t<i aria-hidden=\"true\" class=\"eicon-chevron-left\"><\/i>\t\t\t\t\t\t\t<span class=\"elementor-screen-only\">Anterior<\/span>\n\t\t\t\t\t\t<\/div>\n\t\t\t\t\t\t<div class=\"elementor-swiper-button elementor-swiper-button-next\">\n\t\t\t\t\t\t\t<i aria-hidden=\"true\" class=\"eicon-chevron-right\"><\/i>\t\t\t\t\t\t\t<span class=\"elementor-screen-only\">Siguiente<\/span>\n\t\t\t\t\t\t<\/div>\n\t\t\t\t\t\t\t\t\t\t\t\t<\/div>\n\t\t<\/div>\n\t\t\t\t<\/div>\n\t\t\t\t<\/div>\n\t\t\t\t\t\t<\/div>\n\t\t\t\t\t<\/div>\n\t\t<\/div>\n\t\t\t\t<div class=\"elementor-column elementor-col-33 elementor-top-column elementor-element elementor-element-527607d\" data-id=\"527607d\" data-element_type=\"column\" data-settings=\"{&quot;background_background&quot;:&quot;classic&quot;}\">\n\t\t\t<div class=\"elementor-column-wrap elementor-element-populated\">\n\t\t\t\t\t\t\t<div class=\"elementor-widget-wrap\">\n\t\t\t\t\t\t<div class=\"elementor-element elementor-element-5f0ba18 elementor-widget elementor-widget-heading\" data-id=\"5f0ba18\" data-element_type=\"widget\" data-widget_type=\"heading.default\">\n\t\t\t\t<div class=\"elementor-widget-container\">\n\t\t\t<h2 class=\"elementor-heading-title elementor-size-default\"><span style=\"font-size: 31px;\"><a style=\"color:#63bd69;\"> y<\/a><br> comienza la<br\/> CURACI\u00d3N<\/span><\/h2>\t\t<\/div>\n\t\t\t\t<\/div>\n\t\t\t\t\t\t<\/div>\n\t\t\t\t\t<\/div>\n\t\t<\/div>\n\t\t\t\t\t\t\t\t<\/div>\n\t\t\t\t\t<\/div>\n\t\t<\/section>\n\t\t\t\t\t\t\t\t\t<\/div>\n\t\t\t<\/div>\n\t\t\t\t\t<\/div>\n\t\t","protected":false},"excerpt":{"rendered":"<p>Formulario de solicitud de facilitador voluntario Willow House requiere y proporciona 20 horas completas de capacitaci\u00f3n dirigida por m\u00e9dicos para facilitadores voluntarios. La Capacitaci\u00f3n para&hellip;<\/p>\n","protected":false},"author":2,"featured_media":4290,"parent":0,"menu_order":0,"comment_status":"closed","ping_status":"closed","template":"","meta":[],"yoast_head":"<!-- This site is optimized with the Yoast SEO plugin v19.3 - https:\/\/yoast.com\/wordpress\/plugins\/seo\/ -->\n<title>Formulario de solicitud de facilitador voluntario<\/title>\n<meta name=\"description\" content=\"Willow House requiere y proporciona 20 horas completas de capacitaci\u00f3n dirigida por m\u00e9dicos para facilitadores voluntarios.\" \/>\n<meta name=\"robots\" content=\"index, follow, max-snippet:-1, max-image-preview:large, max-video-preview:-1\" \/>\n<link rel=\"canonical\" href=\"https:\/\/original.willowhouse.org\/es\/formulario-de-solicitud-de-facilitador-voluntario\/\" \/>\n<meta property=\"og:locale\" content=\"es_ES\" \/>\n<meta property=\"og:type\" content=\"article\" \/>\n<meta property=\"og:title\" content=\"Formulario de solicitud de facilitador voluntario\" \/>\n<meta property=\"og:description\" content=\"Willow House requiere y proporciona 20 horas completas de capacitaci\u00f3n dirigida por m\u00e9dicos para facilitadores voluntarios.\" \/>\n<meta property=\"og:url\" content=\"https:\/\/original.willowhouse.org\/es\/formulario-de-solicitud-de-facilitador-voluntario\/\" \/>\n<meta property=\"og:site_name\" content=\"Willow House\" \/>\n<meta property=\"article:modified_time\" content=\"2020-11-29T17:16:18+00:00\" \/>\n<meta property=\"og:image\" content=\"https:\/\/original.willowhouse.org\/wp-content\/uploads\/2019\/04\/Meta_Tag_Banner-01-1024x538.png\" \/>\n\t<meta property=\"og:image:width\" content=\"1024\" \/>\n\t<meta property=\"og:image:height\" content=\"538\" \/>\n\t<meta property=\"og:image:type\" content=\"image\/png\" \/>\n<meta name=\"twitter:card\" content=\"summary_large_image\" \/>\n<meta name=\"twitter:label1\" content=\"Tiempo de lectura\" \/>\n\t<meta name=\"twitter:data1\" content=\"1 minuto\" \/>\n<!-- \/ Yoast SEO plugin. -->","yoast_head_json":{"title":"Formulario de solicitud de facilitador voluntario","description":"Willow House requiere y proporciona 20 horas completas de capacitaci\u00f3n dirigida por m\u00e9dicos para facilitadores voluntarios.","robots":{"index":"index","follow":"follow","max-snippet":"max-snippet:-1","max-image-preview":"max-image-preview:large","max-video-preview":"max-video-preview:-1"},"canonical":"https:\/\/original.willowhouse.org\/es\/formulario-de-solicitud-de-facilitador-voluntario\/","og_locale":"es_ES","og_type":"article","og_title":"Formulario de solicitud de facilitador voluntario","og_description":"Willow House requiere y proporciona 20 horas completas de capacitaci\u00f3n dirigida por m\u00e9dicos para facilitadores voluntarios.","og_url":"https:\/\/original.willowhouse.org\/es\/formulario-de-solicitud-de-facilitador-voluntario\/","og_site_name":"Willow House","article_modified_time":"2020-11-29T17:16:18+00:00","og_image":[{"width":1024,"height":538,"url":"https:\/\/original.willowhouse.org\/wp-content\/uploads\/2019\/04\/Meta_Tag_Banner-01-1024x538.png","type":"image\/png"}],"twitter_card":"summary_large_image","twitter_misc":{"Tiempo de lectura":"1 minuto"},"schema":{"@context":"https:\/\/schema.org","@graph":[{"@type":"Organization","@id":"https:\/\/original.willowhouse.org\/#organization","name":"Willow House","url":"https:\/\/original.willowhouse.org\/","sameAs":[],"logo":{"@type":"ImageObject","inLanguage":"es","@id":"https:\/\/original.willowhouse.org\/#\/schema\/logo\/image\/","url":"https:\/\/original.willowhouse.org\/wp-content\/uploads\/2019\/04\/WH_Logo_Horiz_tagline-1.png","contentUrl":"https:\/\/original.willowhouse.org\/wp-content\/uploads\/2019\/04\/WH_Logo_Horiz_tagline-1.png","width":1947,"height":576,"caption":"Willow House"},"image":{"@id":"https:\/\/original.willowhouse.org\/#\/schema\/logo\/image\/"}},{"@type":"WebSite","@id":"https:\/\/original.willowhouse.org\/#website","url":"https:\/\/original.willowhouse.org\/","name":"Willow House","description":"Where HOPE lives and HEALING begins.","publisher":{"@id":"https:\/\/original.willowhouse.org\/#organization"},"potentialAction":[{"@type":"SearchAction","target":{"@type":"EntryPoint","urlTemplate":"https:\/\/original.willowhouse.org\/?s={search_term_string}"},"query-input":"required name=search_term_string"}],"inLanguage":"es"},{"@type":"ImageObject","inLanguage":"es","@id":"https:\/\/original.willowhouse.org\/es\/formulario-de-solicitud-de-facilitador-voluntario\/#primaryimage","url":"https:\/\/original.willowhouse.org\/wp-content\/uploads\/2019\/04\/Meta_Tag_Banner-01.png","contentUrl":"https:\/\/original.willowhouse.org\/wp-content\/uploads\/2019\/04\/Meta_Tag_Banner-01.png","width":5000,"height":2625,"caption":"Willow House"},{"@type":"WebPage","@id":"https:\/\/original.willowhouse.org\/es\/formulario-de-solicitud-de-facilitador-voluntario\/","url":"https:\/\/original.willowhouse.org\/es\/formulario-de-solicitud-de-facilitador-voluntario\/","name":"Formulario de solicitud de facilitador voluntario","isPartOf":{"@id":"https:\/\/original.willowhouse.org\/#website"},"primaryImageOfPage":{"@id":"https:\/\/original.willowhouse.org\/es\/formulario-de-solicitud-de-facilitador-voluntario\/#primaryimage"},"datePublished":"2020-11-26T19:28:39+00:00","dateModified":"2020-11-29T17:16:18+00:00","description":"Willow House requiere y proporciona 20 horas completas de capacitaci\u00f3n dirigida por m\u00e9dicos para facilitadores voluntarios.","breadcrumb":{"@id":"https:\/\/original.willowhouse.org\/es\/formulario-de-solicitud-de-facilitador-voluntario\/#breadcrumb"},"inLanguage":"es","potentialAction":[{"@type":"ReadAction","target":["https:\/\/original.willowhouse.org\/es\/formulario-de-solicitud-de-facilitador-voluntario\/"]}]},{"@type":"BreadcrumbList","@id":"https:\/\/original.willowhouse.org\/es\/formulario-de-solicitud-de-facilitador-voluntario\/#breadcrumb","itemListElement":[{"@type":"ListItem","position":1,"name":"Home","item":"https:\/\/original.willowhouse.org\/es\/"},{"@type":"ListItem","position":2,"name":"Formulario de solicitud de facilitador voluntario"}]}]}},"_links":{"self":[{"href":"https:\/\/original.willowhouse.org\/es\/wp-json\/wp\/v2\/pages\/4803"}],"collection":[{"href":"https:\/\/original.willowhouse.org\/es\/wp-json\/wp\/v2\/pages"}],"about":[{"href":"https:\/\/original.willowhouse.org\/es\/wp-json\/wp\/v2\/types\/page"}],"author":[{"embeddable":true,"href":"https:\/\/original.willowhouse.org\/es\/wp-json\/wp\/v2\/users\/2"}],"replies":[{"embeddable":true,"href":"https:\/\/original.willowhouse.org\/es\/wp-json\/wp\/v2\/comments?post=4803"}],"version-history":[{"count":7,"href":"https:\/\/original.willowhouse.org\/es\/wp-json\/wp\/v2\/pages\/4803\/revisions"}],"predecessor-version":[{"id":5465,"href":"https:\/\/original.willowhouse.org\/es\/wp-json\/wp\/v2\/pages\/4803\/revisions\/5465"}],"wp:featuredmedia":[{"embeddable":true,"href":"https:\/\/original.willowhouse.org\/es\/wp-json\/wp\/v2\/media\/4290"}],"wp:attachment":[{"href":"https:\/\/original.willowhouse.org\/es\/wp-json\/wp\/v2\/media?parent=4803"}],"curies":[{"name":"wp","href":"https:\/\/api.w.org\/{rel}","templated":true}]}}