{"id":4786,"date":"2020-11-26T12:47:19","date_gmt":"2020-11-26T18:47:19","guid":{"rendered":"https:\/\/willowhouse.org\/programas-de-verano\/"},"modified":"2020-11-28T20:16:12","modified_gmt":"2020-11-29T02:16:12","slug":"programas-de-verano","status":"publish","type":"page","link":"https:\/\/original.willowhouse.org\/es\/programas-de-verano\/","title":{"rendered":"Programas de verano"},"content":{"rendered":"\t\t<div data-elementor-type=\"wp-page\" data-elementor-id=\"4786\" class=\"elementor elementor-4786 elementor-3249\">\n\t\t\t\t\t\t<div class=\"elementor-inner\">\n\t\t\t\t<div class=\"elementor-section-wrap\">\n\t\t\t\t\t\t\t\t\t<section class=\"elementor-section elementor-top-section elementor-element elementor-element-a1adac5 elementor-section-stretched elementor-section-full_width elementor-section-height-min-height elementor-section-height-default elementor-section-items-middle\" data-id=\"a1adac5\" data-element_type=\"section\" data-settings=\"{&quot;stretch_section&quot;:&quot;section-stretched&quot;,&quot;background_background&quot;:&quot;classic&quot;}\">\n\t\t\t\t\t\t<div class=\"elementor-container elementor-column-gap-default\">\n\t\t\t\t\t\t\t<div class=\"elementor-row\">\n\t\t\t\t\t<div class=\"elementor-column elementor-col-100 elementor-top-column elementor-element elementor-element-ae36c3a\" data-id=\"ae36c3a\" data-element_type=\"column\">\n\t\t\t<div class=\"elementor-column-wrap elementor-element-populated\">\n\t\t\t\t\t\t\t<div class=\"elementor-widget-wrap\">\n\t\t\t\t\t\t<div class=\"elementor-element elementor-element-0a2af20 elementor-widget elementor-widget-heading\" data-id=\"0a2af20\" data-element_type=\"widget\" data-widget_type=\"heading.default\">\n\t\t\t\t<div class=\"elementor-widget-container\">\n\t\t\t<h1 class=\"elementor-heading-title elementor-size-default\">Programas de verano 2020<\/h1>\t\t<\/div>\n\t\t\t\t<\/div>\n\t\t\t\t\t\t<\/div>\n\t\t\t\t\t<\/div>\n\t\t<\/div>\n\t\t\t\t\t\t\t\t<\/div>\n\t\t\t\t\t<\/div>\n\t\t<\/section>\n\t\t\t\t<section class=\"elementor-section elementor-top-section elementor-element elementor-element-ebe3fa9 elementor-section-boxed elementor-section-height-default elementor-section-height-default\" data-id=\"ebe3fa9\" data-element_type=\"section\">\n\t\t\t\t\t\t<div class=\"elementor-container elementor-column-gap-default\">\n\t\t\t\t\t\t\t<div class=\"elementor-row\">\n\t\t\t\t\t<div class=\"elementor-column elementor-col-100 elementor-top-column elementor-element elementor-element-a1b2968\" data-id=\"a1b2968\" data-element_type=\"column\">\n\t\t\t<div class=\"elementor-column-wrap elementor-element-populated\">\n\t\t\t\t\t\t\t<div class=\"elementor-widget-wrap\">\n\t\t\t\t\t\t\t\t<\/div>\n\t\t\t\t\t<\/div>\n\t\t<\/div>\n\t\t\t\t\t\t\t\t<\/div>\n\t\t\t\t\t<\/div>\n\t\t<\/section>\n\t\t\t\t<section class=\"elementor-section elementor-top-section elementor-element elementor-element-75123e9 elementor-section-boxed elementor-section-height-default elementor-section-height-default\" data-id=\"75123e9\" data-element_type=\"section\">\n\t\t\t\t\t\t<div class=\"elementor-container elementor-column-gap-default\">\n\t\t\t\t\t\t\t<div class=\"elementor-row\">\n\t\t\t\t\t<div class=\"elementor-column elementor-col-100 elementor-top-column elementor-element elementor-element-2b2664f\" data-id=\"2b2664f\" data-element_type=\"column\">\n\t\t\t<div class=\"elementor-column-wrap elementor-element-populated\">\n\t\t\t\t\t\t\t<div class=\"elementor-widget-wrap\">\n\t\t\t\t\t\t<div class=\"elementor-element elementor-element-10e3456 elementor-widget elementor-widget-image\" data-id=\"10e3456\" data-element_type=\"widget\" data-widget_type=\"image.default\">\n\t\t\t\t<div class=\"elementor-widget-container\">\n\t\t\t\t\t\t\t\t<div class=\"elementor-image\">\n\t\t\t\t\t\t\t\t\t\t\t\t<img width=\"2050\" height=\"500\" src=\"https:\/\/original.willowhouse.org\/wp-content\/uploads\/2020\/07\/Copy-of-Copy-of-Yellow-and-Blue-Pineapple-Summer-Desktop-Wallpaper.png\" class=\"attachment-full size-full\" alt=\"Programas de verano Willow House\" srcset=\"https:\/\/original.willowhouse.org\/wp-content\/uploads\/2020\/07\/Copy-of-Copy-of-Yellow-and-Blue-Pineapple-Summer-Desktop-Wallpaper.png 2050w, https:\/\/original.willowhouse.org\/wp-content\/uploads\/2020\/07\/Copy-of-Copy-of-Yellow-and-Blue-Pineapple-Summer-Desktop-Wallpaper-300x73.png 300w, https:\/\/original.willowhouse.org\/wp-content\/uploads\/2020\/07\/Copy-of-Copy-of-Yellow-and-Blue-Pineapple-Summer-Desktop-Wallpaper-1024x250.png 1024w, https:\/\/original.willowhouse.org\/wp-content\/uploads\/2020\/07\/Copy-of-Copy-of-Yellow-and-Blue-Pineapple-Summer-Desktop-Wallpaper-768x187.png 768w, https:\/\/original.willowhouse.org\/wp-content\/uploads\/2020\/07\/Copy-of-Copy-of-Yellow-and-Blue-Pineapple-Summer-Desktop-Wallpaper-1536x375.png 1536w, https:\/\/original.willowhouse.org\/wp-content\/uploads\/2020\/07\/Copy-of-Copy-of-Yellow-and-Blue-Pineapple-Summer-Desktop-Wallpaper-2048x500.png 2048w\" sizes=\"(max-width: 2050px) 100vw, 2050px\" \/>\t\t\t\t\t\t\t\t\t\t\t\t\t\t<\/div>\n\t\t\t\t\t\t<\/div>\n\t\t\t\t<\/div>\n\t\t\t\t<div class=\"elementor-element elementor-element-57f43e2 elementor-widget elementor-widget-text-editor\" data-id=\"57f43e2\" data-element_type=\"widget\" data-widget_type=\"text-editor.default\">\n\t\t\t\t<div class=\"elementor-widget-container\">\n\t\t\t\t\t\t\t\t<div class=\"elementor-text-editor elementor-clearfix\">\n\t\t\t\t<p>\u00danase a nosotros virtualmente este verano para una variedad de programas y talleres gratuitos de grupos de apoyo entre pares. Haga clic en &#8216;Registrarse aqu\u00ed&#8217; para registrarse en cada sesi\u00f3n. Comun\u00edquese con cualquier pregunta o para obtener m\u00e1s informaci\u00f3n. Puede comunicarse con nosotros por tel\u00e9fono al <a href=\"tel:+18472369300\" target=\"_blank\" rel=\"noopener\" data-cke-saved-href=\"tel:+18472369300\">(847) 236-9300<\/a> o por correo electr\u00f3nico a <a href=\"mailto:info@willowhouse.org\" target=\"_blank\" rel=\"noopener\" data-cke-saved-href=\"mailto:info@willowhouse.org\">info @ willowhouse .org<\/a>.<\/p>\n\t\t\t\t\t<\/div>\n\t\t\t\t\t\t<\/div>\n\t\t\t\t<\/div>\n\t\t\t\t<div class=\"elementor-element elementor-element-2f1092d elementor-widget-divider--view-line elementor-widget elementor-widget-divider\" data-id=\"2f1092d\" data-element_type=\"widget\" data-widget_type=\"divider.default\">\n\t\t\t\t<div class=\"elementor-widget-container\">\n\t\t\t\t\t<div class=\"elementor-divider\">\n\t\t\t<span class=\"elementor-divider-separator\">\n\t\t\t\t\t\t<\/span>\n\t\t<\/div>\n\t\t\t\t<\/div>\n\t\t\t\t<\/div>\n\t\t\t\t<div class=\"elementor-element elementor-element-c305865 elementor-widget elementor-widget-heading\" data-id=\"c305865\" data-element_type=\"widget\" data-widget_type=\"heading.default\">\n\t\t\t\t<div class=\"elementor-widget-container\">\n\t\t\t<h2 class=\"elementor-heading-title elementor-size-default\">Artes expresivas<\/h2>\t\t<\/div>\n\t\t\t\t<\/div>\n\t\t\t\t<div class=\"elementor-element elementor-element-c24bc53 elementor-widget elementor-widget-text-editor\" data-id=\"c24bc53\" data-element_type=\"widget\" data-widget_type=\"text-editor.default\">\n\t\t\t\t<div class=\"elementor-widget-container\">\n\t\t\t\t\t\t\t\t<div class=\"elementor-text-editor elementor-clearfix\">\n\t\t\t\t<p>De 3 a\u00f1os a adulto<\/p>\n<p><strong>Martes, 28 de julio de 2020 &#8211; 6:30-7:30 <\/strong><span style=\"font-size: 15px;\"><strong>pm CDT &#8211;<\/strong><a href=\"https:\/\/us02web.zoom.us\/meeting\/register\/tZ0qceigqzMvGddRRorq2eRXub8Fmc0y5gMr\">Reg\u00edstrese aqu\u00ed.<\/a><\/span><br \/><strong>Martes, 25 de agosto de 2020 &#8211; 6:30-7:30 <\/strong><span style=\"font-size: 15px;\"><strong>pm CDT<\/strong> &#8211; <a href=\"https:\/\/us02web.zoom.us\/meeting\/register\/tZwodOypqTosHtJlAMg_qF8-Gk4jSeDz5rAC\">Reg\u00edstrese aqu\u00ed.<\/a><\/span><\/p>\n<p>\u00danase a nosotros en nuestro grupo familiar mensual de Artes Expresivas para explorar el uso del proceso creativo como una forma de afrontar habilidad para tus emociones. La creaci\u00f3n de arte nos permite comunicarnos con nuestras familias de una manera nueva cuando las palabras pueden ser dif\u00edciles de encontrar. La creaci\u00f3n de arte tambi\u00e9n ayuda a honrar y conectar con nuestros seres queridos que han muerto.<\/p>\n\t\t\t\t\t<\/div>\n\t\t\t\t\t\t<\/div>\n\t\t\t\t<\/div>\n\t\t\t\t<div class=\"elementor-element elementor-element-5c580f7 elementor-widget-divider--view-line elementor-widget elementor-widget-divider\" data-id=\"5c580f7\" data-element_type=\"widget\" data-widget_type=\"divider.default\">\n\t\t\t\t<div class=\"elementor-widget-container\">\n\t\t\t\t\t<div class=\"elementor-divider\">\n\t\t\t<span class=\"elementor-divider-separator\">\n\t\t\t\t\t\t<\/span>\n\t\t<\/div>\n\t\t\t\t<\/div>\n\t\t\t\t<\/div>\n\t\t\t\t<div class=\"elementor-element elementor-element-4d9c2e9 elementor-widget elementor-widget-heading\" data-id=\"4d9c2e9\" data-element_type=\"widget\" data-widget_type=\"heading.default\">\n\t\t\t\t<div class=\"elementor-widget-container\">\n\t\t\t<h2 class=\"elementor-heading-title elementor-size-default\">Serie de autocuidado de verano<\/h2>\t\t<\/div>\n\t\t\t\t<\/div>\n\t\t\t\t<div class=\"elementor-element elementor-element-cbcfb08 elementor-widget elementor-widget-text-editor\" data-id=\"cbcfb08\" data-element_type=\"widget\" data-widget_type=\"text-editor.default\">\n\t\t\t\t<div class=\"elementor-widget-container\">\n\t\t\t\t\t\t\t\t<div class=\"elementor-text-editor elementor-clearfix\">\n\t\t\t\t<p>A partir de 13 a\u00f1os<\/p>\n<p><strong>Meditaci\u00f3n: martes 14 de julio de 2020 &#8211; 6:30-7:30 pm CDT<\/strong><br \/>Ayudar a las personas en duelo a aprender a dar un descanso regular a la mente del pensamiento continuo, as\u00ed como a entrenar la mente para que permanezca m\u00e1s a menudo en el momento presente. Esto se har\u00e1 ofreciendo cinco tipos diferentes de pr\u00e1cticas de meditaci\u00f3n para elegir. <a href=\"https:\/\/us02web.zoom.us\/meeting\/register\/tZUkcuCqrDMiG9MGwiV3KrcjhIYBuG2qCAi8\" target=\"_blank\" rel=\"noopener\">Registrarse aqu\u00ed.<\/a><\/p>\n<p><strong>Respiraci\u00f3n para relajarse: martes 11 de agosto de 2020 &#8211; 6:30-7:30 <span style=\"font-size: 15px;\">pm CDT<\/span><\/strong><br \/>Ayudar a las personas en duelo a aprender a pasar del modo de reacci\u00f3n al estr\u00e9s al modo de respuesta a la relajaci\u00f3n. Se incluir\u00e1n ejercicios de respiraci\u00f3n comunes que se utilizan habitualmente en Yoga, as\u00ed como t\u00e9cnicas m\u00e1s contempor\u00e1neas basadas en el bienestar. <a href=\"https:\/\/us02web.zoom.us\/meeting\/register\/tZAvdemurTIjHtBf6iepehughMTeIlT61Diz\" target=\"_blank\" rel=\"noopener\">Registrarse aqu\u00ed.<\/a><\/p>\n\t\t\t\t\t<\/div>\n\t\t\t\t\t\t<\/div>\n\t\t\t\t<\/div>\n\t\t\t\t<div class=\"elementor-element elementor-element-9796a20 elementor-widget-divider--view-line elementor-widget elementor-widget-divider\" data-id=\"9796a20\" data-element_type=\"widget\" data-widget_type=\"divider.default\">\n\t\t\t\t<div class=\"elementor-widget-container\">\n\t\t\t\t\t<div class=\"elementor-divider\">\n\t\t\t<span class=\"elementor-divider-separator\">\n\t\t\t\t\t\t<\/span>\n\t\t<\/div>\n\t\t\t\t<\/div>\n\t\t\t\t<\/div>\n\t\t\t\t<div class=\"elementor-element elementor-element-3543db6 elementor-widget elementor-widget-heading\" data-id=\"3543db6\" data-element_type=\"widget\" data-widget_type=\"heading.default\">\n\t\t\t\t<div class=\"elementor-widget-container\">\n\t\t\t<h2 class=\"elementor-heading-title elementor-size-default\">Taller familiar: el su\u00e9ter dorado<\/h2>\t\t<\/div>\n\t\t\t\t<\/div>\n\t\t\t\t<div class=\"elementor-element elementor-element-bf1f025 elementor-widget elementor-widget-image\" data-id=\"bf1f025\" data-element_type=\"widget\" data-widget_type=\"image.default\">\n\t\t\t\t<div class=\"elementor-widget-container\">\n\t\t\t\t\t\t\t\t<div class=\"elementor-image\">\n\t\t\t\t\t\t\t\t\t\t\t\t<img width=\"300\" height=\"169\" src=\"https:\/\/original.willowhouse.org\/wp-content\/uploads\/2020\/07\/The-Golden-Sweater-Image-300x169.jpg\" class=\"attachment-medium size-medium\" alt=\"La imagen del su\u00e9ter dorado\" srcset=\"https:\/\/original.willowhouse.org\/wp-content\/uploads\/2020\/07\/The-Golden-Sweater-Image-300x169.jpg 300w, https:\/\/original.willowhouse.org\/wp-content\/uploads\/2020\/07\/The-Golden-Sweater-Image-1024x576.jpg 1024w, https:\/\/original.willowhouse.org\/wp-content\/uploads\/2020\/07\/The-Golden-Sweater-Image-768x432.jpg 768w, https:\/\/original.willowhouse.org\/wp-content\/uploads\/2020\/07\/The-Golden-Sweater-Image.jpg 1200w\" sizes=\"(max-width: 300px) 100vw, 300px\" \/>\t\t\t\t\t\t\t\t\t\t\t\t\t\t<\/div>\n\t\t\t\t\t\t<\/div>\n\t\t\t\t<\/div>\n\t\t\t\t<div class=\"elementor-element elementor-element-0c81acc elementor-widget elementor-widget-text-editor\" data-id=\"0c81acc\" data-element_type=\"widget\" data-widget_type=\"text-editor.default\">\n\t\t\t\t<div class=\"elementor-widget-container\">\n\t\t\t\t\t\t\t\t<div class=\"elementor-text-editor elementor-clearfix\">\n\t\t\t\t<p>De 3 a\u00f1os a adulto<\/p>\n<p><strong>Jueves, 23 de julio de 2020 &#8211; 6-7 <\/strong><span style=\"font-size: 15px;\"><strong>pm CDT<\/strong><br \/>Compartiremos con ustedes un libro, \u201cThe Golden Sweater\u201d, de la New York Life Foundation, seguido de una discusi\u00f3n y actividad grupal. Este taller est\u00e1 dise\u00f1ado para reconocer las emociones que cada miembro de la familia puede sentir junto con el coraje que puede traer recordar a un ser querido. Los miembros de la familia trabajar\u00e1n juntos en un entorno seguro y sin prejuicios. <a href=\"https:\/\/us02web.zoom.us\/meeting\/register\/tZEvdOygqjgjGddM-uwR09T-LQlcJIDA9tW_\">Reg\u00edstrese aqu\u00ed.<\/a><br \/><\/span><\/p>\n\t\t\t\t\t<\/div>\n\t\t\t\t\t\t<\/div>\n\t\t\t\t<\/div>\n\t\t\t\t<div class=\"elementor-element elementor-element-d153990 elementor-widget-divider--view-line elementor-widget elementor-widget-divider\" data-id=\"d153990\" data-element_type=\"widget\" data-widget_type=\"divider.default\">\n\t\t\t\t<div class=\"elementor-widget-container\">\n\t\t\t\t\t<div class=\"elementor-divider\">\n\t\t\t<span class=\"elementor-divider-separator\">\n\t\t\t\t\t\t<\/span>\n\t\t<\/div>\n\t\t\t\t<\/div>\n\t\t\t\t<\/div>\n\t\t\t\t<div class=\"elementor-element elementor-element-9ed7559 elementor-widget elementor-widget-heading\" data-id=\"9ed7559\" data-element_type=\"widget\" data-widget_type=\"heading.default\">\n\t\t\t\t<div class=\"elementor-widget-container\">\n\t\t\t<h2 class=\"elementor-heading-title elementor-size-default\">Taller para padres durante el duelo: afrontar el duelo<\/h2>\t\t<\/div>\n\t\t\t\t<\/div>\n\t\t\t\t<div class=\"elementor-element elementor-element-bb0b32b elementor-widget elementor-widget-image\" data-id=\"bb0b32b\" data-element_type=\"widget\" data-widget_type=\"image.default\">\n\t\t\t\t<div class=\"elementor-widget-container\">\n\t\t\t\t\t\t\t\t<div class=\"elementor-image\">\n\t\t\t\t\t\t\t\t\t\t\t\t<img width=\"300\" height=\"176\" src=\"https:\/\/original.willowhouse.org\/wp-content\/uploads\/2020\/07\/ParentWorkshop-300x176.png\" class=\"attachment-medium size-medium\" alt=\"Taller para padres\" srcset=\"https:\/\/original.willowhouse.org\/wp-content\/uploads\/2020\/07\/ParentWorkshop-300x176.png 300w, https:\/\/original.willowhouse.org\/wp-content\/uploads\/2020\/07\/ParentWorkshop-768x450.png 768w, https:\/\/original.willowhouse.org\/wp-content\/uploads\/2020\/07\/ParentWorkshop.png 926w\" sizes=\"(max-width: 300px) 100vw, 300px\" \/>\t\t\t\t\t\t\t\t\t\t\t\t\t\t<\/div>\n\t\t\t\t\t\t<\/div>\n\t\t\t\t<\/div>\n\t\t\t\t<div class=\"elementor-element elementor-element-9fd0de1 elementor-widget elementor-widget-text-editor\" data-id=\"9fd0de1\" data-element_type=\"widget\" data-widget_type=\"text-editor.default\">\n\t\t\t\t<div class=\"elementor-widget-container\">\n\t\t\t\t\t\t\t\t<div class=\"elementor-text-editor elementor-clearfix\">\n\t\t\t\t<p>Para padres<\/p>\n<p><strong>Mi\u00e9rcoles 19 de agosto de 2020 &#8211; 7-8 pm CDT<\/strong><br \/>En este taller, se le guiar\u00e1 a trav\u00e9s de un libro de trabajo de <a href=\"https:\/\/whatsyourgrief.com\/\" target=\"_ blank\" rel=\"noopener\">Cu\u00e1l es tu dolor<\/a>. Hablaremos sobre las habilidades de afrontamiento, los sistemas de apoyo y c\u00f3mo cuidarnos mientras criamos a nuestros hijos durante el duelo. <a href=\"https:\/\/us02web.zoom.us\/meeting\/register\/tZMocu6spj0qHdNO0QH4t4uKwqx5wgwt5sCl\" target=\"_blank\" rel=\"noopener\">Reg\u00edstrese aqu\u00ed<\/a><\/p>\n\t\t\t\t\t<\/div>\n\t\t\t\t\t\t<\/div>\n\t\t\t\t<\/div>\n\t\t\t\t<div class=\"elementor-element elementor-element-face537 elementor-widget-divider--view-line elementor-widget elementor-widget-divider\" data-id=\"face537\" data-element_type=\"widget\" data-widget_type=\"divider.default\">\n\t\t\t\t<div class=\"elementor-widget-container\">\n\t\t\t\t\t<div class=\"elementor-divider\">\n\t\t\t<span class=\"elementor-divider-separator\">\n\t\t\t\t\t\t<\/span>\n\t\t<\/div>\n\t\t\t\t<\/div>\n\t\t\t\t<\/div>\n\t\t\t\t\t\t<\/div>\n\t\t\t\t\t<\/div>\n\t\t<\/div>\n\t\t\t\t\t\t\t\t<\/div>\n\t\t\t\t\t<\/div>\n\t\t<\/section>\n\t\t\t\t\t\t\t\t\t<\/div>\n\t\t\t<\/div>\n\t\t\t\t\t<\/div>\n\t\t","protected":false},"excerpt":{"rendered":"<p>Programas de verano 2020 \u00danase a nosotros virtualmente este verano para una variedad de programas y talleres gratuitos de grupos de apoyo entre pares. Haga&hellip;<\/p>\n","protected":false},"author":2,"featured_media":4561,"parent":0,"menu_order":0,"comment_status":"closed","ping_status":"closed","template":"","meta":[],"yoast_head":"<!-- This site is optimized with the Yoast SEO plugin v19.3 - https:\/\/yoast.com\/wordpress\/plugins\/seo\/ -->\n<title>Programas de verano - Willow House<\/title>\n<meta name=\"robots\" content=\"index, follow, max-snippet:-1, max-image-preview:large, max-video-preview:-1\" \/>\n<link rel=\"canonical\" href=\"https:\/\/original.willowhouse.org\/es\/programas-de-verano\/\" \/>\n<meta property=\"og:locale\" content=\"es_ES\" \/>\n<meta property=\"og:type\" content=\"article\" \/>\n<meta property=\"og:title\" content=\"Programas de verano - Willow House\" \/>\n<meta property=\"og:description\" content=\"Programas de verano 2020 \u00danase a nosotros virtualmente este verano para una variedad de programas y talleres gratuitos de grupos de apoyo entre pares. Haga&hellip;\" \/>\n<meta property=\"og:url\" content=\"https:\/\/original.willowhouse.org\/es\/programas-de-verano\/\" \/>\n<meta property=\"og:site_name\" content=\"Willow House\" \/>\n<meta property=\"article:modified_time\" content=\"2020-11-29T02:16:12+00:00\" \/>\n<meta property=\"og:image\" content=\"https:\/\/original.willowhouse.org\/wp-content\/uploads\/2020\/07\/Summer-Programs-WIllow-House.png\" \/>\n\t<meta property=\"og:image:width\" content=\"1920\" \/>\n\t<meta property=\"og:image:height\" content=\"1008\" \/>\n\t<meta property=\"og:image:type\" content=\"image\/png\" \/>\n<meta name=\"twitter:card\" content=\"summary_large_image\" \/>\n<meta name=\"twitter:label1\" content=\"Tiempo de lectura\" \/>\n\t<meta name=\"twitter:data1\" content=\"2 minutos\" \/>\n<!-- \/ Yoast SEO plugin. -->","yoast_head_json":{"title":"Programas de verano - Willow House","robots":{"index":"index","follow":"follow","max-snippet":"max-snippet:-1","max-image-preview":"max-image-preview:large","max-video-preview":"max-video-preview:-1"},"canonical":"https:\/\/original.willowhouse.org\/es\/programas-de-verano\/","og_locale":"es_ES","og_type":"article","og_title":"Programas de verano - Willow House","og_description":"Programas de verano 2020 \u00danase a nosotros virtualmente este verano para una variedad de programas y talleres gratuitos de grupos de apoyo entre pares. Haga&hellip;","og_url":"https:\/\/original.willowhouse.org\/es\/programas-de-verano\/","og_site_name":"Willow House","article_modified_time":"2020-11-29T02:16:12+00:00","og_image":[{"width":1920,"height":1008,"url":"https:\/\/original.willowhouse.org\/wp-content\/uploads\/2020\/07\/Summer-Programs-WIllow-House.png","type":"image\/png"}],"twitter_card":"summary_large_image","twitter_misc":{"Tiempo de lectura":"2 minutos"},"schema":{"@context":"https:\/\/schema.org","@graph":[{"@type":"Organization","@id":"https:\/\/original.willowhouse.org\/#organization","name":"Willow House","url":"https:\/\/original.willowhouse.org\/","sameAs":[],"logo":{"@type":"ImageObject","inLanguage":"es","@id":"https:\/\/original.willowhouse.org\/#\/schema\/logo\/image\/","url":"https:\/\/original.willowhouse.org\/wp-content\/uploads\/2019\/04\/WH_Logo_Horiz_tagline-1.png","contentUrl":"https:\/\/original.willowhouse.org\/wp-content\/uploads\/2019\/04\/WH_Logo_Horiz_tagline-1.png","width":1947,"height":576,"caption":"Willow House"},"image":{"@id":"https:\/\/original.willowhouse.org\/#\/schema\/logo\/image\/"}},{"@type":"WebSite","@id":"https:\/\/original.willowhouse.org\/#website","url":"https:\/\/original.willowhouse.org\/","name":"Willow House","description":"Where HOPE lives and HEALING begins.","publisher":{"@id":"https:\/\/original.willowhouse.org\/#organization"},"potentialAction":[{"@type":"SearchAction","target":{"@type":"EntryPoint","urlTemplate":"https:\/\/original.willowhouse.org\/?s={search_term_string}"},"query-input":"required name=search_term_string"}],"inLanguage":"es"},{"@type":"ImageObject","inLanguage":"es","@id":"https:\/\/original.willowhouse.org\/es\/programas-de-verano\/#primaryimage","url":"https:\/\/original.willowhouse.org\/wp-content\/uploads\/2020\/07\/Summer-Programs-WIllow-House.png","contentUrl":"https:\/\/original.willowhouse.org\/wp-content\/uploads\/2020\/07\/Summer-Programs-WIllow-House.png","width":1920,"height":1008,"caption":"Programas de verano Willow House"},{"@type":"WebPage","@id":"https:\/\/original.willowhouse.org\/es\/programas-de-verano\/","url":"https:\/\/original.willowhouse.org\/es\/programas-de-verano\/","name":"Programas de verano - Willow House","isPartOf":{"@id":"https:\/\/original.willowhouse.org\/#website"},"primaryImageOfPage":{"@id":"https:\/\/original.willowhouse.org\/es\/programas-de-verano\/#primaryimage"},"datePublished":"2020-11-26T18:47:19+00:00","dateModified":"2020-11-29T02:16:12+00:00","breadcrumb":{"@id":"https:\/\/original.willowhouse.org\/es\/programas-de-verano\/#breadcrumb"},"inLanguage":"es","potentialAction":[{"@type":"ReadAction","target":["https:\/\/original.willowhouse.org\/es\/programas-de-verano\/"]}]},{"@type":"BreadcrumbList","@id":"https:\/\/original.willowhouse.org\/es\/programas-de-verano\/#breadcrumb","itemListElement":[{"@type":"ListItem","position":1,"name":"Home","item":"https:\/\/original.willowhouse.org\/es\/"},{"@type":"ListItem","position":2,"name":"Programas de verano"}]}]}},"_links":{"self":[{"href":"https:\/\/original.willowhouse.org\/es\/wp-json\/wp\/v2\/pages\/4786"}],"collection":[{"href":"https:\/\/original.willowhouse.org\/es\/wp-json\/wp\/v2\/pages"}],"about":[{"href":"https:\/\/original.willowhouse.org\/es\/wp-json\/wp\/v2\/types\/page"}],"author":[{"embeddable":true,"href":"https:\/\/original.willowhouse.org\/es\/wp-json\/wp\/v2\/users\/2"}],"replies":[{"embeddable":true,"href":"https:\/\/original.willowhouse.org\/es\/wp-json\/wp\/v2\/comments?post=4786"}],"version-history":[{"count":9,"href":"https:\/\/original.willowhouse.org\/es\/wp-json\/wp\/v2\/pages\/4786\/revisions"}],"predecessor-version":[{"id":5412,"href":"https:\/\/original.willowhouse.org\/es\/wp-json\/wp\/v2\/pages\/4786\/revisions\/5412"}],"wp:featuredmedia":[{"embeddable":true,"href":"https:\/\/original.willowhouse.org\/es\/wp-json\/wp\/v2\/media\/4561"}],"wp:attachment":[{"href":"https:\/\/original.willowhouse.org\/es\/wp-json\/wp\/v2\/media?parent=4786"}],"curies":[{"name":"wp","href":"https:\/\/api.w.org\/{rel}","templated":true}]}}