{"id":4784,"date":"2020-11-26T12:39:40","date_gmt":"2020-11-26T18:39:40","guid":{"rendered":"https:\/\/willowhouse.org\/pasantias-para-estudiantes-en-willow-house\/"},"modified":"2020-11-28T20:05:52","modified_gmt":"2020-11-29T02:05:52","slug":"pasantias-para-estudiantes-en-willow-house","status":"publish","type":"page","link":"https:\/\/original.willowhouse.org\/es\/pasantias-para-estudiantes-en-willow-house\/","title":{"rendered":"Pasant\u00edas para estudiantes en Willow House"},"content":{"rendered":"\t\t<div data-elementor-type=\"wp-post\" data-elementor-id=\"4784\" class=\"elementor elementor-4784 elementor-1260\">\n\t\t\t\t\t\t<div class=\"elementor-inner\">\n\t\t\t\t<div class=\"elementor-section-wrap\">\n\t\t\t\t\t\t\t\t\t<section class=\"elementor-section elementor-top-section elementor-element elementor-element-522 elementor-section-stretched elementor-section-full_width elementor-section-height-min-height elementor-section-height-default elementor-section-items-middle\" data-id=\"522\" data-element_type=\"section\" data-settings=\"{&quot;stretch_section&quot;:&quot;section-stretched&quot;,&quot;background_background&quot;:&quot;classic&quot;}\">\n\t\t\t\t\t\t<div class=\"elementor-container elementor-column-gap-default\">\n\t\t\t\t\t\t\t<div class=\"elementor-row\">\n\t\t\t\t\t<div class=\"elementor-column elementor-col-100 elementor-top-column elementor-element elementor-element-6553\" data-id=\"6553\" data-element_type=\"column\">\n\t\t\t<div class=\"elementor-column-wrap elementor-element-populated\">\n\t\t\t\t\t\t\t<div class=\"elementor-widget-wrap\">\n\t\t\t\t\t\t<div class=\"elementor-element elementor-element-4017 elementor-widget elementor-widget-heading\" data-id=\"4017\" data-element_type=\"widget\" data-widget_type=\"heading.default\">\n\t\t\t\t<div class=\"elementor-widget-container\">\n\t\t\t<h1 class=\"elementor-heading-title elementor-size-default\">Pasant\u00edas para estudiantes en Willow House<\/h1>\t\t<\/div>\n\t\t\t\t<\/div>\n\t\t\t\t\t\t<\/div>\n\t\t\t\t\t<\/div>\n\t\t<\/div>\n\t\t\t\t\t\t\t\t<\/div>\n\t\t\t\t\t<\/div>\n\t\t<\/section>\n\t\t\t\t<section class=\"elementor-section elementor-top-section elementor-element elementor-element-3cebec8 elementor-section-stretched elementor-section-boxed elementor-section-height-default elementor-section-height-default\" data-id=\"3cebec8\" data-element_type=\"section\" data-settings=\"{&quot;stretch_section&quot;:&quot;section-stretched&quot;,&quot;background_background&quot;:&quot;classic&quot;}\">\n\t\t\t\t\t\t<div class=\"elementor-container elementor-column-gap-default\">\n\t\t\t\t\t\t\t<div class=\"elementor-row\">\n\t\t\t\t\t<div class=\"elementor-column elementor-col-100 elementor-top-column elementor-element elementor-element-d3cd63e\" data-id=\"d3cd63e\" data-element_type=\"column\">\n\t\t\t<div class=\"elementor-column-wrap elementor-element-populated\">\n\t\t\t\t\t\t\t<div class=\"elementor-widget-wrap\">\n\t\t\t\t\t\t<div class=\"elementor-element elementor-element-31cfaed elementor-widget elementor-widget-heading\" data-id=\"31cfaed\" data-element_type=\"widget\" data-widget_type=\"heading.default\">\n\t\t\t\t<div class=\"elementor-widget-container\">\n\t\t\t<h2 class=\"elementor-heading-title elementor-size-default\">\u00danete a nosotros!<\/h2>\t\t<\/div>\n\t\t\t\t<\/div>\n\t\t\t\t<div class=\"elementor-element elementor-element-076ad9d elementor-widget elementor-widget-text-editor\" data-id=\"076ad9d\" data-element_type=\"widget\" data-widget_type=\"text-editor.default\">\n\t\t\t\t<div class=\"elementor-widget-container\">\n\t\t\t\t\t\t\t\t<div class=\"elementor-text-editor elementor-clearfix\">\n\t\t\t\t<p>Nuestro proceso de solicitud para pasantes de estudiantes cl\u00ednicos de OTO\u00d1O 2020 ya est\u00e1 abierto. Estamos buscando candidatos que est\u00e9n dispuestos a:<\/p>\n<ul>\n<li>Comprometerse a un a\u00f1o escolar completo (agosto de 2020 &#8211; mayo de 2021)<\/li>\n<li>Participar en nuestra capacitaci\u00f3n para facilitadores de tres d\u00edas: fechas de agosto por determinar<\/li>\n<li>Estar disponible los jueves de al menos 1:00 pm a 9:00 pm<\/li>\n<li>Estar disponible los lunes y jueves por la noche para asistir a grupos.<\/li>\n<li>Se requiere transporte. Los estudiantes deben asistir a grupos en Libertyville, Arlington Heights, Chicago y Bannockburn. Tambi\u00e9n se les pedir\u00e1 a los estudiantes en pr\u00e1cticas que viajen a las escuelas dentro del \u00e1rea de Chicago.<\/li>\n<\/ul>\n\t\t\t\t\t<\/div>\n\t\t\t\t\t\t<\/div>\n\t\t\t\t<\/div>\n\t\t\t\t<div class=\"elementor-element elementor-element-b553249 elementor-widget elementor-widget-text-editor\" data-id=\"b553249\" data-element_type=\"widget\" data-widget_type=\"text-editor.default\">\n\t\t\t\t<div class=\"elementor-widget-container\">\n\t\t\t\t\t\t\t\t<div class=\"elementor-text-editor elementor-clearfix\">\n\t\t\t\t<p>Si cumple con estos requisitos, consulte el <a href=\"https:\/\/willowhouse.org\/es\/descripcion-del-puesto-de-pasantia-para-estudiantes\/\"><span style=\"color: #005dac;\">Estudiante en pr\u00e1cticas cl\u00ednicas Descripci\u00f3n del puesto<\/span><\/a>.Despu\u00e9s de revisar, si cree que Willow House encaja bien con sus objetivos de capacitaci\u00f3n profesional, lo invitamos a presentar su solicitud:<\/p>\n\t\t\t\t\t<\/div>\n\t\t\t\t\t\t<\/div>\n\t\t\t\t<\/div>\n\t\t\t\t<div class=\"elementor-element elementor-element-875a4bc elementor-align-center elementor-widget elementor-widget-button\" data-id=\"875a4bc\" data-element_type=\"widget\" data-widget_type=\"button.default\">\n\t\t\t\t<div class=\"elementor-widget-container\">\n\t\t\t\t\t<div class=\"elementor-button-wrapper\">\n\t\t\t<a href=\"https:\/\/willowhouse.org\/es\/solicitud-de-pasantia-para-estudiantes\/\" class=\"elementor-button-link elementor-button elementor-size-md\" role=\"button\">\n\t\t\t\t\t\t<span class=\"elementor-button-content-wrapper\">\n\t\t\t\t\t\t<span class=\"elementor-button-text\">Solicitud de pasant\u00eda para estudiantes<\/span>\n\t\t<\/span>\n\t\t\t\t\t<\/a>\n\t\t<\/div>\n\t\t\t\t<\/div>\n\t\t\t\t<\/div>\n\t\t\t\t\t\t<\/div>\n\t\t\t\t\t<\/div>\n\t\t<\/div>\n\t\t\t\t\t\t\t\t<\/div>\n\t\t\t\t\t<\/div>\n\t\t<\/section>\n\t\t\t\t<section class=\"elementor-section elementor-top-section elementor-element elementor-element-2e3d573 elementor-section-stretched elementor-section-boxed elementor-section-height-default elementor-section-height-default\" data-id=\"2e3d573\" data-element_type=\"section\" data-settings=\"{&quot;stretch_section&quot;:&quot;section-stretched&quot;,&quot;background_background&quot;:&quot;classic&quot;}\">\n\t\t\t\t\t\t<div class=\"elementor-container elementor-column-gap-default\">\n\t\t\t\t\t\t\t<div class=\"elementor-row\">\n\t\t\t\t\t<div class=\"elementor-column elementor-col-100 elementor-top-column elementor-element elementor-element-0a1fe82\" data-id=\"0a1fe82\" data-element_type=\"column\">\n\t\t\t<div class=\"elementor-column-wrap elementor-element-populated\">\n\t\t\t\t\t\t\t<div class=\"elementor-widget-wrap\">\n\t\t\t\t\t\t<div class=\"elementor-element elementor-element-161de66 elementor-blockquote--skin-clean elementor-blockquote--button-color-official elementor-widget elementor-widget-blockquote\" data-id=\"161de66\" data-element_type=\"widget\" data-widget_type=\"blockquote.default\">\n\t\t\t\t<div class=\"elementor-widget-container\">\n\t\t\t\t\t<blockquote class=\"elementor-blockquote\">\n\t\t\t<p class=\"elementor-blockquote__content\">\n\t\t\t\tSi est\u00e1 interesado en hablar m\u00e1s sobre las oportunidades de pasant\u00edas para estudiantes en Willow House, comun\u00edquese con nosotros en <a href=\"tel:8472369300\" style=\"color:#63bd69\"> (847) 236-9300 <\/a> o env\u00edenos un correo electr\u00f3nico a <a href=\"mailto:info@willowhouse.org\" style=\"color:#63bd69\"> info@willowhouse.org <\/a>.\t\t\t<\/p>\n\t\t\t\t\t<\/blockquote>\n\t\t\t\t<\/div>\n\t\t\t\t<\/div>\n\t\t\t\t\t\t<\/div>\n\t\t\t\t\t<\/div>\n\t\t<\/div>\n\t\t\t\t\t\t\t\t<\/div>\n\t\t\t\t\t<\/div>\n\t\t<\/section>\n\t\t\t\t\t\t\t\t\t<\/div>\n\t\t\t<\/div>\n\t\t\t\t\t<\/div>\n\t\t","protected":false},"excerpt":{"rendered":"<p>Pasant\u00edas para estudiantes en Willow House \u00danete a nosotros! Nuestro proceso de solicitud para pasantes de estudiantes cl\u00ednicos de OTO\u00d1O 2020 ya est\u00e1 abierto. Estamos&hellip;<\/p>\n","protected":false},"author":2,"featured_media":4290,"parent":0,"menu_order":0,"comment_status":"closed","ping_status":"closed","template":"","meta":[],"yoast_head":"<!-- This site is optimized with the Yoast SEO plugin v19.3 - https:\/\/yoast.com\/wordpress\/plugins\/seo\/ -->\n<title>Pasant\u00edas para estudiantes en Willow House<\/title>\n<meta name=\"description\" content=\"Nuestro proceso de solicitud para OTO\u00d1O 2019 ya est\u00e1 abierto. Despu\u00e9s de una revisi\u00f3n de todas las solicitudes y curr\u00edculums, los candidatos seleccionados ser\u00e1n invitados a una entrevista.\" \/>\n<meta name=\"robots\" content=\"index, follow, max-snippet:-1, max-image-preview:large, max-video-preview:-1\" \/>\n<link rel=\"canonical\" href=\"https:\/\/original.willowhouse.org\/es\/pasantias-para-estudiantes-en-willow-house\/\" \/>\n<meta property=\"og:locale\" content=\"es_ES\" \/>\n<meta property=\"og:type\" content=\"article\" \/>\n<meta property=\"og:title\" content=\"Pasant\u00edas para estudiantes en Willow House\" \/>\n<meta property=\"og:description\" content=\"Nuestro proceso de solicitud para OTO\u00d1O 2019 ya est\u00e1 abierto. Despu\u00e9s de una revisi\u00f3n de todas las solicitudes y curr\u00edculums, los candidatos seleccionados ser\u00e1n invitados a una entrevista.\" \/>\n<meta property=\"og:url\" content=\"https:\/\/original.willowhouse.org\/es\/pasantias-para-estudiantes-en-willow-house\/\" \/>\n<meta property=\"og:site_name\" content=\"Willow House\" \/>\n<meta property=\"article:modified_time\" content=\"2020-11-29T02:05:52+00:00\" \/>\n<meta property=\"og:image\" content=\"https:\/\/original.willowhouse.org\/wp-content\/uploads\/2019\/04\/Meta_Tag_Banner-01-1024x538.png\" \/>\n\t<meta property=\"og:image:width\" content=\"1024\" \/>\n\t<meta property=\"og:image:height\" content=\"538\" \/>\n\t<meta property=\"og:image:type\" content=\"image\/png\" \/>\n<meta name=\"twitter:card\" content=\"summary_large_image\" \/>\n<meta name=\"twitter:label1\" content=\"Tiempo de lectura\" \/>\n\t<meta name=\"twitter:data1\" content=\"1 minuto\" \/>\n<!-- \/ Yoast SEO plugin. -->","yoast_head_json":{"title":"Pasant\u00edas para estudiantes en Willow House","description":"Nuestro proceso de solicitud para OTO\u00d1O 2019 ya est\u00e1 abierto. Despu\u00e9s de una revisi\u00f3n de todas las solicitudes y curr\u00edculums, los candidatos seleccionados ser\u00e1n invitados a una entrevista.","robots":{"index":"index","follow":"follow","max-snippet":"max-snippet:-1","max-image-preview":"max-image-preview:large","max-video-preview":"max-video-preview:-1"},"canonical":"https:\/\/original.willowhouse.org\/es\/pasantias-para-estudiantes-en-willow-house\/","og_locale":"es_ES","og_type":"article","og_title":"Pasant\u00edas para estudiantes en Willow House","og_description":"Nuestro proceso de solicitud para OTO\u00d1O 2019 ya est\u00e1 abierto. Despu\u00e9s de una revisi\u00f3n de todas las solicitudes y curr\u00edculums, los candidatos seleccionados ser\u00e1n invitados a una entrevista.","og_url":"https:\/\/original.willowhouse.org\/es\/pasantias-para-estudiantes-en-willow-house\/","og_site_name":"Willow House","article_modified_time":"2020-11-29T02:05:52+00:00","og_image":[{"width":1024,"height":538,"url":"https:\/\/original.willowhouse.org\/wp-content\/uploads\/2019\/04\/Meta_Tag_Banner-01-1024x538.png","type":"image\/png"}],"twitter_card":"summary_large_image","twitter_misc":{"Tiempo de lectura":"1 minuto"},"schema":{"@context":"https:\/\/schema.org","@graph":[{"@type":"Organization","@id":"https:\/\/original.willowhouse.org\/#organization","name":"Willow House","url":"https:\/\/original.willowhouse.org\/","sameAs":[],"logo":{"@type":"ImageObject","inLanguage":"es","@id":"https:\/\/original.willowhouse.org\/#\/schema\/logo\/image\/","url":"https:\/\/original.willowhouse.org\/wp-content\/uploads\/2019\/04\/WH_Logo_Horiz_tagline-1.png","contentUrl":"https:\/\/original.willowhouse.org\/wp-content\/uploads\/2019\/04\/WH_Logo_Horiz_tagline-1.png","width":1947,"height":576,"caption":"Willow House"},"image":{"@id":"https:\/\/original.willowhouse.org\/#\/schema\/logo\/image\/"}},{"@type":"WebSite","@id":"https:\/\/original.willowhouse.org\/#website","url":"https:\/\/original.willowhouse.org\/","name":"Willow House","description":"Where HOPE lives and HEALING begins.","publisher":{"@id":"https:\/\/original.willowhouse.org\/#organization"},"potentialAction":[{"@type":"SearchAction","target":{"@type":"EntryPoint","urlTemplate":"https:\/\/original.willowhouse.org\/?s={search_term_string}"},"query-input":"required name=search_term_string"}],"inLanguage":"es"},{"@type":"ImageObject","inLanguage":"es","@id":"https:\/\/original.willowhouse.org\/es\/pasantias-para-estudiantes-en-willow-house\/#primaryimage","url":"https:\/\/original.willowhouse.org\/wp-content\/uploads\/2019\/04\/Meta_Tag_Banner-01.png","contentUrl":"https:\/\/original.willowhouse.org\/wp-content\/uploads\/2019\/04\/Meta_Tag_Banner-01.png","width":5000,"height":2625,"caption":"Willow House"},{"@type":"WebPage","@id":"https:\/\/original.willowhouse.org\/es\/pasantias-para-estudiantes-en-willow-house\/","url":"https:\/\/original.willowhouse.org\/es\/pasantias-para-estudiantes-en-willow-house\/","name":"Pasant\u00edas para estudiantes en Willow House","isPartOf":{"@id":"https:\/\/original.willowhouse.org\/#website"},"primaryImageOfPage":{"@id":"https:\/\/original.willowhouse.org\/es\/pasantias-para-estudiantes-en-willow-house\/#primaryimage"},"datePublished":"2020-11-26T18:39:40+00:00","dateModified":"2020-11-29T02:05:52+00:00","description":"Nuestro proceso de solicitud para OTO\u00d1O 2019 ya est\u00e1 abierto. Despu\u00e9s de una revisi\u00f3n de todas las solicitudes y curr\u00edculums, los candidatos seleccionados ser\u00e1n invitados a una entrevista.","breadcrumb":{"@id":"https:\/\/original.willowhouse.org\/es\/pasantias-para-estudiantes-en-willow-house\/#breadcrumb"},"inLanguage":"es","potentialAction":[{"@type":"ReadAction","target":["https:\/\/original.willowhouse.org\/es\/pasantias-para-estudiantes-en-willow-house\/"]}]},{"@type":"BreadcrumbList","@id":"https:\/\/original.willowhouse.org\/es\/pasantias-para-estudiantes-en-willow-house\/#breadcrumb","itemListElement":[{"@type":"ListItem","position":1,"name":"Home","item":"https:\/\/original.willowhouse.org\/es\/"},{"@type":"ListItem","position":2,"name":"Pasant\u00edas para estudiantes en Willow House"}]}]}},"_links":{"self":[{"href":"https:\/\/original.willowhouse.org\/es\/wp-json\/wp\/v2\/pages\/4784"}],"collection":[{"href":"https:\/\/original.willowhouse.org\/es\/wp-json\/wp\/v2\/pages"}],"about":[{"href":"https:\/\/original.willowhouse.org\/es\/wp-json\/wp\/v2\/types\/page"}],"author":[{"embeddable":true,"href":"https:\/\/original.willowhouse.org\/es\/wp-json\/wp\/v2\/users\/2"}],"replies":[{"embeddable":true,"href":"https:\/\/original.willowhouse.org\/es\/wp-json\/wp\/v2\/comments?post=4784"}],"version-history":[{"count":7,"href":"https:\/\/original.willowhouse.org\/es\/wp-json\/wp\/v2\/pages\/4784\/revisions"}],"predecessor-version":[{"id":5408,"href":"https:\/\/original.willowhouse.org\/es\/wp-json\/wp\/v2\/pages\/4784\/revisions\/5408"}],"wp:featuredmedia":[{"embeddable":true,"href":"https:\/\/original.willowhouse.org\/es\/wp-json\/wp\/v2\/media\/4290"}],"wp:attachment":[{"href":"https:\/\/original.willowhouse.org\/es\/wp-json\/wp\/v2\/media?parent=4784"}],"curies":[{"name":"wp","href":"https:\/\/api.w.org\/{rel}","templated":true}]}}