{"id":4766,"date":"2020-11-25T14:52:46","date_gmt":"2020-11-25T20:52:46","guid":{"rendered":"https:\/\/willowhouse.org\/pastel-de-nueces-receta-de-la-familia-lindell\/"},"modified":"2020-11-28T16:51:07","modified_gmt":"2020-11-28T22:51:07","slug":"pastel-de-nueces-receta-de-la-familia-lindell","status":"publish","type":"page","link":"https:\/\/original.willowhouse.org\/es\/pastel-de-nueces-receta-de-la-familia-lindell\/","title":{"rendered":"Pastel de nueces &#8211; Receta de la familia Lindell"},"content":{"rendered":"\t\t<div data-elementor-type=\"wp-post\" data-elementor-id=\"4766\" class=\"elementor elementor-4766 elementor-1366\">\n\t\t\t\t\t\t<div class=\"elementor-inner\">\n\t\t\t\t<div class=\"elementor-section-wrap\">\n\t\t\t\t\t\t\t\t\t<section class=\"elementor-section elementor-top-section elementor-element elementor-element-58cc elementor-section-stretched elementor-section-full_width elementor-section-height-min-height elementor-section-height-default elementor-section-items-middle\" data-id=\"58cc\" data-element_type=\"section\" data-settings=\"{&quot;stretch_section&quot;:&quot;section-stretched&quot;,&quot;background_background&quot;:&quot;classic&quot;}\">\n\t\t\t\t\t\t<div class=\"elementor-container elementor-column-gap-default\">\n\t\t\t\t\t\t\t<div class=\"elementor-row\">\n\t\t\t\t\t<div class=\"elementor-column elementor-col-100 elementor-top-column elementor-element elementor-element-1fc5\" data-id=\"1fc5\" data-element_type=\"column\">\n\t\t\t<div class=\"elementor-column-wrap elementor-element-populated\">\n\t\t\t\t\t\t\t<div class=\"elementor-widget-wrap\">\n\t\t\t\t\t\t<div class=\"elementor-element elementor-element-7a11 elementor-widget elementor-widget-heading\" data-id=\"7a11\" data-element_type=\"widget\" data-widget_type=\"heading.default\">\n\t\t\t\t<div class=\"elementor-widget-container\">\n\t\t\t<h1 class=\"elementor-heading-title elementor-size-default\">Pastel de nueces - Receta de la familia Lindell<\/h1>\t\t<\/div>\n\t\t\t\t<\/div>\n\t\t\t\t\t\t<\/div>\n\t\t\t\t\t<\/div>\n\t\t<\/div>\n\t\t\t\t\t\t\t\t<\/div>\n\t\t\t\t\t<\/div>\n\t\t<\/section>\n\t\t\t\t<section class=\"elementor-section elementor-top-section elementor-element elementor-element-3a28 elementor-section-stretched elementor-section-height-min-height elementor-section-boxed elementor-section-height-default elementor-section-items-middle\" data-id=\"3a28\" data-element_type=\"section\" data-settings=\"{&quot;stretch_section&quot;:&quot;section-stretched&quot;,&quot;background_background&quot;:&quot;classic&quot;}\">\n\t\t\t\t\t\t<div class=\"elementor-container elementor-column-gap-default\">\n\t\t\t\t\t\t\t<div class=\"elementor-row\">\n\t\t\t\t\t<div class=\"elementor-column elementor-col-100 elementor-top-column elementor-element elementor-element-7385\" data-id=\"7385\" data-element_type=\"column\">\n\t\t\t<div class=\"elementor-column-wrap elementor-element-populated\">\n\t\t\t\t\t\t\t<div class=\"elementor-widget-wrap\">\n\t\t\t\t\t\t<div class=\"elementor-element elementor-element-a1c60af elementor-blockquote--skin-quotation elementor-blockquote--button-color-official elementor-widget elementor-widget-blockquote\" data-id=\"a1c60af\" data-element_type=\"widget\" data-widget_type=\"blockquote.default\">\n\t\t\t\t<div class=\"elementor-widget-container\">\n\t\t\t\t\t<blockquote class=\"elementor-blockquote\">\n\t\t\t<p class=\"elementor-blockquote__content\">\n\t\t\t\tComo parte del bolet\u00edn de Willow House, presentamos recetas que son atesoradas por las familias de Willow House. La comida puede jugar un papel muy importante para recordar a nuestros seres queridos y honrar su memoria. Este mes, tuve el placer de hablar con Lisa Lindell sobre la receta de pastel de nueces que a su esposo, Bob Lindell, le encantaba disfrutar en cualquier ocasi\u00f3n. Esperamos que pruebe la receta y disfrute de este incre\u00edble pastel en honor de Bob. Gracias Lisa, Julia y Beau por compartir su historia y este delicioso manjar con todos nosotros.\t\t\t<\/p>\n\t\t\t\t\t\t\t<footer>\n\t\t\t\t\t\t\t\t\t\t\t<cite class=\"elementor-blockquote__author\">Marissa Rogina, Willow House Intern<\/cite>\n\t\t\t\t\t\t\t\t\t\t\t\t\t\t<\/footer>\n\t\t\t\t\t<\/blockquote>\n\t\t\t\t<\/div>\n\t\t\t\t<\/div>\n\t\t\t\t<div class=\"elementor-element elementor-element-705f elementor-widget elementor-widget-toggle\" data-id=\"705f\" data-element_type=\"widget\" data-widget_type=\"toggle.default\">\n\t\t\t\t<div class=\"elementor-widget-container\">\n\t\t\t\t\t<div class=\"elementor-toggle\" role=\"tablist\">\n\t\t\t\t\t\t\t<div class=\"elementor-toggle-item\">\n\t\t\t\t\t<div id=\"elementor-tab-title-2871\" class=\"elementor-tab-title\" data-tab=\"1\" role=\"tab\" aria-controls=\"elementor-tab-content-2871\" aria-expanded=\"false\">\n\t\t\t\t\t\t\t\t\t\t\t\t<span class=\"elementor-toggle-icon elementor-toggle-icon-left\" aria-hidden=\"true\">\n\t\t\t\t\t\t\t\t\t\t\t\t\t\t\t<span class=\"elementor-toggle-icon-closed\"><i class=\"fas fa-caret-right\"><\/i><\/span>\n\t\t\t\t\t\t\t\t<span class=\"elementor-toggle-icon-opened\"><i class=\"elementor-toggle-icon-opened fas fa-caret-up\"><\/i><\/span>\n\t\t\t\t\t\t\t\t\t\t\t\t\t<\/span>\n\t\t\t\t\t\t\t\t\t\t\t\t<a href=\"\" class=\"elementor-toggle-title\">Entrevista<\/a>\n\t\t\t\t\t<\/div>\n\n\t\t\t\t\t<div id=\"elementor-tab-content-2871\" class=\"elementor-tab-content elementor-clearfix\" data-tab=\"1\" role=\"tabpanel\" aria-labelledby=\"elementor-tab-title-2871\"><p><strong>\u00bfQu\u00e9 receta eligieron usted o su familia? (Marissa)<\/strong><br \/>Eleg\u00ed la receta de pastel de nueces de Emeril Lagasse. (Lisa)<\/p>\n<p><strong>\u00bfPor qu\u00e9 eligi\u00f3 esta receta en particular?<\/strong><br \/>Bueno, Bob fue a la escuela en Nueva Orleans en la Universidad de Tulane. Hay un restaurante al que sol\u00eda ir todo el tiempo llamado Camellia Grill y esta es la receta m\u00e1s cercana a ese pastel de nueces. Fui a Miami de Ohio y cuando iba de visita, siempre \u00edbamos juntos por el pastel de nueces. Cualquier cumplea\u00f1os y cualquier celebraci\u00f3n era pastel de nueces.<\/p>\n<p><strong>\u00bfQu\u00e9 recuerdos trae esta receta?<\/strong><br \/>Nos enamoramos nuevamente en Nueva Orleans. Lo visit\u00e9 all\u00ed y nos recuerda la alegr\u00eda del Mardi Gras y el estilo de vida f\u00e1cil en Nueva Orleans. Probar la vida f\u00e1cil cuando las cosas eran tan dif\u00edciles para nosotros fue realmente especial. Bob fue diagnosticado por primera vez con un tumor cerebral en 2006, por lo que durante 10 a\u00f1os fue un paciente de c\u00e1ncer cerebral y yo fui su cuidador.<\/p>\n<p><strong>\u00bfCu\u00e1ndo disfrutar\u00eda su ser querido de esta comida? \u00bfHubo alguna ocasi\u00f3n espec\u00edfica?<\/strong><br \/>Cualquier d\u00eda festivo, cumplea\u00f1os, especialmente para Bob. \u00a1Cuando consigui\u00f3 una promoci\u00f3n en el trabajo o cuando obtuve mi Certificado de Ense\u00f1anza y Maestr\u00eda de la Junta Nacional! Ah, y esta receta requiere espec\u00edficamente un jarabe \u00fanico que debes pedir, as\u00ed que siempre pido un estuche. Se llama jarabe de ca\u00f1a 100% puro de Sean.<\/p>\n<p><strong>\u00bfTiene una historia espec\u00edfica que le gustar\u00eda compartir sobre su ser querido en relaci\u00f3n con esta receta?<\/strong><br \/>Bob realmente era dulce como un pastel. Era tan amable y tolerante como pod\u00eda ser una persona. Bob era salado y dulce, era as\u00ed. Era tonto y realmente tonto, un pavo completo. Era muy atrevido, intentaba las cosas m\u00e1s est\u00fapidas. Era un tonto. El alm\u00edbar lo junta todo. Bob conect\u00f3 con todos, reuni\u00f3 a todos y mantuvo a todos juntos, incluso durante su enfermedad. Contin\u00faa, incluso cuando no est\u00e1 aqu\u00ed. \u00c9l era el pegamento que nos mantuvo a todos como una familia. Beau es tan tonto como Bob y Julia est\u00e1 conectada como Bob. Ella hace preguntas y mantiene a todos en fila y bajo control.<\/p>\n<p><strong>\u00bfT\u00fa o tu familia contin\u00faan preparando esta comida? \u00bfHay ocasiones espec\u00edficas?<\/strong><br \/>Oh, s\u00ed, en el cumplea\u00f1os de Bob tenemos pastel de nueces y probablemente durante un a\u00f1o tambi\u00e9n tendremos pastel de nueces. Cuando volv\u00edamos a casa despu\u00e9s de cada cirug\u00eda cerebral, \u00e9l ten\u00eda 3 cirug\u00edas cerebrales, el vecino de mi t\u00eda le hac\u00eda mini pasteles de nueces porque no pod\u00eda comer tanto &#8230; como mini tartas<\/p>\n<p><strong>\u00bfHay \u00bfAlgo m\u00e1s que le gustar\u00eda agregar?<\/strong><br \/>Willow House nos permite seguir disfrutando del pastel de nueces y recordar eso, honrarlo y continuar con su legado. No solo con pastel, sino tambi\u00e9n disfrutando en familia e incluso celebrando las peque\u00f1as cosas. Willow House es realmente importante para nosotros.<\/p>\n<\/div>\n\t\t\t\t<\/div>\n\t\t\t\t\t\t\t<div class=\"elementor-toggle-item\">\n\t\t\t\t\t<div id=\"elementor-tab-title-2872\" class=\"elementor-tab-title\" data-tab=\"2\" role=\"tab\" aria-controls=\"elementor-tab-content-2872\" aria-expanded=\"false\">\n\t\t\t\t\t\t\t\t\t\t\t\t<span class=\"elementor-toggle-icon elementor-toggle-icon-left\" aria-hidden=\"true\">\n\t\t\t\t\t\t\t\t\t\t\t\t\t\t\t<span class=\"elementor-toggle-icon-closed\"><i class=\"fas fa-caret-right\"><\/i><\/span>\n\t\t\t\t\t\t\t\t<span class=\"elementor-toggle-icon-opened\"><i class=\"elementor-toggle-icon-opened fas fa-caret-up\"><\/i><\/span>\n\t\t\t\t\t\t\t\t\t\t\t\t\t<\/span>\n\t\t\t\t\t\t\t\t\t\t\t\t<a href=\"\" class=\"elementor-toggle-title\">Ingredientes<\/a>\n\t\t\t\t\t<\/div>\n\n\t\t\t\t\t<div id=\"elementor-tab-content-2872\" class=\"elementor-tab-content elementor-clearfix\" data-tab=\"2\" role=\"tabpanel\" aria-labelledby=\"elementor-tab-title-2872\"><p>C\u00e1scara de pastel preparada de 9 pulgadas sin cocinar<br \/>1 3\/4 tazas de trozos de nuez <br \/> 4 huevos, batidos<br \/>1\/2 taza de az\u00facar<br \/>1\/2 taza de az\u00facar morena clara<br \/>1\/4 taza Steen&#8217;s 100% Pure Cane Syrup<br \/>1\/4 taza de jarabe de ma\u00edz ligero<br \/>1\/2 cucharadita de extracto de vainilla<br \/>Pizca de sal<br \/>1\/2 barra ablandada mantequilla<br \/>1 cucharada de harina<\/p>\n<\/div>\n\t\t\t\t<\/div>\n\t\t\t\t\t\t\t<div class=\"elementor-toggle-item\">\n\t\t\t\t\t<div id=\"elementor-tab-title-2873\" class=\"elementor-tab-title\" data-tab=\"3\" role=\"tab\" aria-controls=\"elementor-tab-content-2873\" aria-expanded=\"false\">\n\t\t\t\t\t\t\t\t\t\t\t\t<span class=\"elementor-toggle-icon elementor-toggle-icon-left\" aria-hidden=\"true\">\n\t\t\t\t\t\t\t\t\t\t\t\t\t\t\t<span class=\"elementor-toggle-icon-closed\"><i class=\"fas fa-caret-right\"><\/i><\/span>\n\t\t\t\t\t\t\t\t<span class=\"elementor-toggle-icon-opened\"><i class=\"elementor-toggle-icon-opened fas fa-caret-up\"><\/i><\/span>\n\t\t\t\t\t\t\t\t\t\t\t\t\t<\/span>\n\t\t\t\t\t\t\t\t\t\t\t\t<a href=\"\" class=\"elementor-toggle-title\">Direcciones<\/a>\n\t\t\t\t\t<\/div>\n\n\t\t\t\t\t<div id=\"elementor-tab-content-2873\" class=\"elementor-tab-content elementor-clearfix\" data-tab=\"3\" role=\"tabpanel\" aria-labelledby=\"elementor-tab-title-2873\"><p>Precaliente el horno a 375 grados Fahrenheit. Extienda las nueces de manera uniforme en el fondo de la base del pastel. En un taz\u00f3n, mezcle los huevos, el az\u00facar, el az\u00facar morena clara, el jarabe de ca\u00f1a, el extracto de vainilla, la sal, la mantequilla y la harina. Mezclar bien. Vierta la mezcla sobre las nueces. Hornee durante aproximadamente 1 hora o hasta que el relleno se asiente. Saca el pastel del horno y d\u00e9jalo enfriar durante 10 minutos antes de cortarlo.<\/p>\n<\/div>\n\t\t\t\t<\/div>\n\t\t\t\t\t\t\t\t<\/div>\n\t\t\t\t<\/div>\n\t\t\t\t<\/div>\n\t\t\t\t\t\t<\/div>\n\t\t\t\t\t<\/div>\n\t\t<\/div>\n\t\t\t\t\t\t\t\t<\/div>\n\t\t\t\t\t<\/div>\n\t\t<\/section>\n\t\t\t\t\t\t\t\t\t<\/div>\n\t\t\t<\/div>\n\t\t\t\t\t<\/div>\n\t\t","protected":false},"excerpt":{"rendered":"<p>Pastel de nueces &#8211; Receta de la familia Lindell Como parte del bolet\u00edn de Willow House, presentamos recetas que son atesoradas por las familias de&hellip;<\/p>\n","protected":false},"author":2,"featured_media":4290,"parent":0,"menu_order":0,"comment_status":"closed","ping_status":"closed","template":"","meta":[],"yoast_head":"<!-- This site is optimized with the Yoast SEO plugin v19.3 - https:\/\/yoast.com\/wordpress\/plugins\/seo\/ -->\n<title>Pastel de nueces - Receta de la familia Lindell<\/title>\n<meta name=\"description\" content=\"Este mes, tuve el placer de hablar con Lisa Lindell sobre la receta de pastel de nueces que a su esposo, Bob Lindell, le encantaba disfrutar en cualquier ocasi\u00f3n.\" \/>\n<meta name=\"robots\" content=\"index, follow, max-snippet:-1, max-image-preview:large, max-video-preview:-1\" \/>\n<link rel=\"canonical\" href=\"https:\/\/original.willowhouse.org\/es\/pastel-de-nueces-receta-de-la-familia-lindell\/\" \/>\n<meta property=\"og:locale\" content=\"es_ES\" \/>\n<meta property=\"og:type\" content=\"article\" \/>\n<meta property=\"og:title\" content=\"Pastel de nueces - Receta de la familia Lindell\" \/>\n<meta property=\"og:description\" content=\"Este mes, tuve el placer de hablar con Lisa Lindell sobre la receta de pastel de nueces que a su esposo, Bob Lindell, le encantaba disfrutar en cualquier ocasi\u00f3n.\" \/>\n<meta property=\"og:url\" content=\"https:\/\/original.willowhouse.org\/es\/pastel-de-nueces-receta-de-la-familia-lindell\/\" \/>\n<meta property=\"og:site_name\" content=\"Willow House\" \/>\n<meta property=\"article:modified_time\" content=\"2020-11-28T22:51:07+00:00\" \/>\n<meta property=\"og:image\" content=\"https:\/\/original.willowhouse.org\/wp-content\/uploads\/2019\/04\/Meta_Tag_Banner-01-1024x538.png\" \/>\n\t<meta property=\"og:image:width\" content=\"1024\" \/>\n\t<meta property=\"og:image:height\" content=\"538\" \/>\n\t<meta property=\"og:image:type\" content=\"image\/png\" \/>\n<meta name=\"twitter:card\" content=\"summary_large_image\" \/>\n<meta name=\"twitter:label1\" content=\"Tiempo de lectura\" \/>\n\t<meta name=\"twitter:data1\" content=\"4 minutos\" \/>\n<!-- \/ Yoast SEO plugin. -->","yoast_head_json":{"title":"Pastel de nueces - Receta de la familia Lindell","description":"Este mes, tuve el placer de hablar con Lisa Lindell sobre la receta de pastel de nueces que a su esposo, Bob Lindell, le encantaba disfrutar en cualquier ocasi\u00f3n.","robots":{"index":"index","follow":"follow","max-snippet":"max-snippet:-1","max-image-preview":"max-image-preview:large","max-video-preview":"max-video-preview:-1"},"canonical":"https:\/\/original.willowhouse.org\/es\/pastel-de-nueces-receta-de-la-familia-lindell\/","og_locale":"es_ES","og_type":"article","og_title":"Pastel de nueces - Receta de la familia Lindell","og_description":"Este mes, tuve el placer de hablar con Lisa Lindell sobre la receta de pastel de nueces que a su esposo, Bob Lindell, le encantaba disfrutar en cualquier ocasi\u00f3n.","og_url":"https:\/\/original.willowhouse.org\/es\/pastel-de-nueces-receta-de-la-familia-lindell\/","og_site_name":"Willow House","article_modified_time":"2020-11-28T22:51:07+00:00","og_image":[{"width":1024,"height":538,"url":"https:\/\/original.willowhouse.org\/wp-content\/uploads\/2019\/04\/Meta_Tag_Banner-01-1024x538.png","type":"image\/png"}],"twitter_card":"summary_large_image","twitter_misc":{"Tiempo de lectura":"4 minutos"},"schema":{"@context":"https:\/\/schema.org","@graph":[{"@type":"Organization","@id":"https:\/\/original.willowhouse.org\/#organization","name":"Willow House","url":"https:\/\/original.willowhouse.org\/","sameAs":[],"logo":{"@type":"ImageObject","inLanguage":"es","@id":"https:\/\/original.willowhouse.org\/#\/schema\/logo\/image\/","url":"https:\/\/original.willowhouse.org\/wp-content\/uploads\/2019\/04\/WH_Logo_Horiz_tagline-1.png","contentUrl":"https:\/\/original.willowhouse.org\/wp-content\/uploads\/2019\/04\/WH_Logo_Horiz_tagline-1.png","width":1947,"height":576,"caption":"Willow House"},"image":{"@id":"https:\/\/original.willowhouse.org\/#\/schema\/logo\/image\/"}},{"@type":"WebSite","@id":"https:\/\/original.willowhouse.org\/#website","url":"https:\/\/original.willowhouse.org\/","name":"Willow House","description":"Where HOPE lives and HEALING begins.","publisher":{"@id":"https:\/\/original.willowhouse.org\/#organization"},"potentialAction":[{"@type":"SearchAction","target":{"@type":"EntryPoint","urlTemplate":"https:\/\/original.willowhouse.org\/?s={search_term_string}"},"query-input":"required name=search_term_string"}],"inLanguage":"es"},{"@type":"ImageObject","inLanguage":"es","@id":"https:\/\/original.willowhouse.org\/es\/pastel-de-nueces-receta-de-la-familia-lindell\/#primaryimage","url":"https:\/\/original.willowhouse.org\/wp-content\/uploads\/2019\/04\/Meta_Tag_Banner-01.png","contentUrl":"https:\/\/original.willowhouse.org\/wp-content\/uploads\/2019\/04\/Meta_Tag_Banner-01.png","width":5000,"height":2625,"caption":"Willow House"},{"@type":"WebPage","@id":"https:\/\/original.willowhouse.org\/es\/pastel-de-nueces-receta-de-la-familia-lindell\/","url":"https:\/\/original.willowhouse.org\/es\/pastel-de-nueces-receta-de-la-familia-lindell\/","name":"Pastel de nueces - Receta de la familia Lindell","isPartOf":{"@id":"https:\/\/original.willowhouse.org\/#website"},"primaryImageOfPage":{"@id":"https:\/\/original.willowhouse.org\/es\/pastel-de-nueces-receta-de-la-familia-lindell\/#primaryimage"},"datePublished":"2020-11-25T20:52:46+00:00","dateModified":"2020-11-28T22:51:07+00:00","description":"Este mes, tuve el placer de hablar con Lisa Lindell sobre la receta de pastel de nueces que a su esposo, Bob Lindell, le encantaba disfrutar en cualquier ocasi\u00f3n.","breadcrumb":{"@id":"https:\/\/original.willowhouse.org\/es\/pastel-de-nueces-receta-de-la-familia-lindell\/#breadcrumb"},"inLanguage":"es","potentialAction":[{"@type":"ReadAction","target":["https:\/\/original.willowhouse.org\/es\/pastel-de-nueces-receta-de-la-familia-lindell\/"]}]},{"@type":"BreadcrumbList","@id":"https:\/\/original.willowhouse.org\/es\/pastel-de-nueces-receta-de-la-familia-lindell\/#breadcrumb","itemListElement":[{"@type":"ListItem","position":1,"name":"Home","item":"https:\/\/original.willowhouse.org\/es\/"},{"@type":"ListItem","position":2,"name":"Pastel de nueces &#8211; Receta de la familia Lindell"}]}]}},"_links":{"self":[{"href":"https:\/\/original.willowhouse.org\/es\/wp-json\/wp\/v2\/pages\/4766"}],"collection":[{"href":"https:\/\/original.willowhouse.org\/es\/wp-json\/wp\/v2\/pages"}],"about":[{"href":"https:\/\/original.willowhouse.org\/es\/wp-json\/wp\/v2\/types\/page"}],"author":[{"embeddable":true,"href":"https:\/\/original.willowhouse.org\/es\/wp-json\/wp\/v2\/users\/2"}],"replies":[{"embeddable":true,"href":"https:\/\/original.willowhouse.org\/es\/wp-json\/wp\/v2\/comments?post=4766"}],"version-history":[{"count":9,"href":"https:\/\/original.willowhouse.org\/es\/wp-json\/wp\/v2\/pages\/4766\/revisions"}],"predecessor-version":[{"id":5388,"href":"https:\/\/original.willowhouse.org\/es\/wp-json\/wp\/v2\/pages\/4766\/revisions\/5388"}],"wp:featuredmedia":[{"embeddable":true,"href":"https:\/\/original.willowhouse.org\/es\/wp-json\/wp\/v2\/media\/4290"}],"wp:attachment":[{"href":"https:\/\/original.willowhouse.org\/es\/wp-json\/wp\/v2\/media?parent=4766"}],"curies":[{"name":"wp","href":"https:\/\/api.w.org\/{rel}","templated":true}]}}