{"id":4762,"date":"2020-11-25T14:48:36","date_gmt":"2020-11-25T20:48:36","guid":{"rendered":"https:\/\/willowhouse.org\/mitos-y-conceptos-erroneos-sobre-el-duelo\/"},"modified":"2020-11-28T16:45:53","modified_gmt":"2020-11-28T22:45:53","slug":"mitos-y-conceptos-erroneos-sobre-el-duelo","status":"publish","type":"page","link":"https:\/\/original.willowhouse.org\/es\/mitos-y-conceptos-erroneos-sobre-el-duelo\/","title":{"rendered":"Mitos y conceptos err\u00f3neos sobre el duelo"},"content":{"rendered":"\t\t<div data-elementor-type=\"wp-post\" data-elementor-id=\"4762\" class=\"elementor elementor-4762 elementor-858\">\n\t\t\t\t\t\t<div class=\"elementor-inner\">\n\t\t\t\t<div class=\"elementor-section-wrap\">\n\t\t\t\t\t\t\t\t\t<section class=\"elementor-section elementor-top-section elementor-element elementor-element-6015 elementor-section-stretched elementor-section-full_width elementor-section-height-min-height elementor-section-height-default elementor-section-items-middle\" data-id=\"6015\" data-element_type=\"section\" data-settings=\"{&quot;stretch_section&quot;:&quot;section-stretched&quot;,&quot;background_background&quot;:&quot;classic&quot;}\">\n\t\t\t\t\t\t<div class=\"elementor-container elementor-column-gap-default\">\n\t\t\t\t\t\t\t<div class=\"elementor-row\">\n\t\t\t\t\t<div class=\"elementor-column elementor-col-100 elementor-top-column elementor-element elementor-element-f44\" data-id=\"f44\" data-element_type=\"column\">\n\t\t\t<div class=\"elementor-column-wrap elementor-element-populated\">\n\t\t\t\t\t\t\t<div class=\"elementor-widget-wrap\">\n\t\t\t\t\t\t<div class=\"elementor-element elementor-element-6364 elementor-widget elementor-widget-heading\" data-id=\"6364\" data-element_type=\"widget\" data-widget_type=\"heading.default\">\n\t\t\t\t<div class=\"elementor-widget-container\">\n\t\t\t<h1 class=\"elementor-heading-title elementor-size-default\">Mitos y conceptos err\u00f3neos sobre el duelo<\/h1>\t\t<\/div>\n\t\t\t\t<\/div>\n\t\t\t\t\t\t<\/div>\n\t\t\t\t\t<\/div>\n\t\t<\/div>\n\t\t\t\t\t\t\t\t<\/div>\n\t\t\t\t\t<\/div>\n\t\t<\/section>\n\t\t\t\t<section class=\"elementor-section elementor-top-section elementor-element elementor-element-689c elementor-section-stretched elementor-section-height-min-height elementor-section-boxed elementor-section-height-default elementor-section-items-middle\" data-id=\"689c\" data-element_type=\"section\" data-settings=\"{&quot;stretch_section&quot;:&quot;section-stretched&quot;,&quot;background_background&quot;:&quot;classic&quot;}\">\n\t\t\t\t\t\t<div class=\"elementor-container elementor-column-gap-default\">\n\t\t\t\t\t\t\t<div class=\"elementor-row\">\n\t\t\t\t\t<div class=\"elementor-column elementor-col-100 elementor-top-column elementor-element elementor-element-4404\" data-id=\"4404\" data-element_type=\"column\">\n\t\t\t<div class=\"elementor-column-wrap elementor-element-populated\">\n\t\t\t\t\t\t\t<div class=\"elementor-widget-wrap\">\n\t\t\t\t\t\t<div class=\"elementor-element elementor-element-2dc0 elementor-widget elementor-widget-text-editor\" data-id=\"2dc0\" data-element_type=\"widget\" data-widget_type=\"text-editor.default\">\n\t\t\t\t<div class=\"elementor-widget-container\">\n\t\t\t\t\t\t\t\t<div class=\"elementor-text-editor elementor-clearfix\">\n\t\t\t\t<p><img class=\"alignright wp-image-3983\" src=\"https:\/\/willowhouse.org\/wp-content\/uploads\/2019\/02\/09-melancon-memory-marker-and-family_orig-300x200.jpg\" alt=\"\" width=\"305\" height=\"203\" srcset=\"https:\/\/original.willowhouse.org\/wp-content\/uploads\/2019\/02\/09-melancon-memory-marker-and-family_orig-300x200.jpg 300w, https:\/\/original.willowhouse.org\/wp-content\/uploads\/2019\/02\/09-melancon-memory-marker-and-family_orig-768x512.jpg 768w, https:\/\/original.willowhouse.org\/wp-content\/uploads\/2019\/02\/09-melancon-memory-marker-and-family_orig-1024x682.jpg 1024w, https:\/\/original.willowhouse.org\/wp-content\/uploads\/2019\/02\/09-melancon-memory-marker-and-family_orig.jpg 1100w\" sizes=\"(max-width: 305px) 100vw, 305px\" \/>Abundan los mitos, conceptos err\u00f3neos y malos entendidos sobre el dolor. Como nuestra cultura es una sociedad que niega la muerte, tambi\u00e9n es un dolor que niega a una. Parte de la misi\u00f3n de Willow House es ayudar a aumentar la comprensi\u00f3n del p\u00fablico sobre el proceso de duelo.<\/p>\n<p>Existen varios mitos que se encuentran com\u00fanmente sobre el duelo; algunos se explican aqu\u00ed junto con nuevas formas de pensar sobre ellos, para que podamos todos tengan m\u00e1s confianza en c\u00f3mo ofrecemos apoyo a quienes han experimentado la muerte de un ser querido:<\/p>\n\t\t\t\t\t<\/div>\n\t\t\t\t\t\t<\/div>\n\t\t\t\t<\/div>\n\t\t\t\t<div class=\"elementor-element elementor-element-0e2c3ac elementor-widget elementor-widget-text-editor\" data-id=\"0e2c3ac\" data-element_type=\"widget\" data-widget_type=\"text-editor.default\">\n\t\t\t\t<div class=\"elementor-widget-container\">\n\t\t\t\t\t\t\t\t<div class=\"elementor-text-editor elementor-clearfix\">\n\t\t\t\t<h2><span style=\"font-size: 28px; font-family: atami; font-weight: normal; color: #005bac;\">Mito 1. &#8220;No menciones el nombre de la persona que muri\u00f3, para no molestar a los afligidos.&#8221;<\/span><\/h2>\n<p>Es muy probable que la persona que ha experimentado una muerte reciente est\u00e9 pensando en la persona que muri\u00f3 durante gran parte de sus d\u00edas. Por lo general, es un esfuerzo no pensar en su ser querido. El hecho de que hable de su ser querido no aumentar\u00e1 el dolor, pero es probable que los afligidos lo reciban con alivio y agradecimiento por recordar a su persona especial. S\u00ed, tambi\u00e9n pueden surgir l\u00e1grimas, pero usted no las caus\u00f3; simplemente ayud\u00f3 a los deudos a sentirse lo suficientemente c\u00f3modos como para compartirlas.<\/p>\n<p><span style=\"color: #005bac; font-family: atami; font-size: 28px;\">Mito 2. &#8220;Las personas que est\u00e1n en duelo deben ocuparse de otras cosas y<\/span><span style=\"color: #005bac; font-family: atami; font-size: 28px;\">salir socialmente.&#8221;<\/span><\/p>\n<p>Los deudos suelen tener poca energ\u00eda y pueden tener m\u00e1s deseos de estar solos que antes de la muerte. Esta puede ser la forma en que la naturaleza ayuda a los deudos al obligarlos a reducir la velocidad para curar las heridas emocionales (al igual que una persona necesita descansar m\u00e1s despu\u00e9s de una lesi\u00f3n f\u00edsica).<\/p>\n<p><span style=\"color: #005bac; font-family: atami; font-size: 28px;\">Mito 3. &#8220;Una persona en duelo no debe tomar decisiones importantes durante el primer a\u00f1o despu\u00e9s de una p\u00e9rdida.&#8221;<\/span><\/p>\n<p>Mientras Es prudente no apresurarse a tomar decisiones despu\u00e9s de una muerte; en ocasiones, las personas que escuchan este consejo pueden retrasar decisiones que pueden ser \u00fatiles durante su duelo. Por ejemplo, si se hab\u00eda planeado un cambio o mudanza antes de que ocurriera la muerte, la persona en duelo no tiene que detener esos planes si ese cambio ser\u00e1 \u00fatil. Adem\u00e1s, a veces una persona o familia puede necesitar hacer un movimiento para estar m\u00e1s cerca de los miembros de la familia que pueden brindar apoyo tanto emocional como con el cuidado de los ni\u00f1os despu\u00e9s de la muerte de un c\u00f3nyuge.<\/p>\n<h2><span style=\"font-size: 28px; font-family: atami; font-weight: normal; color: #005bac;\">Mito 4. &#8220;Hay ciertas formas correctas e incorrectas de duelo.&#8221;<\/span><\/h2>\n<p>Hay no hay bien o mal con el dolor. Las personas se afligen a su manera, algunas son muy emocionales por fuera y otras m\u00e1s reticentes. Ambos pueden estar experimentando un profundo dolor, pero lo muestran de diferentes maneras. Sin embargo, hay ocasiones en las que se puede necesitar ayuda profesional. El asesoramiento puede estar indicado cuando las personas en duelo son autodestructivas en su dolor a trav\u00e9s de adicciones u otros medios de autolesi\u00f3n, o son da\u00f1inas para los dem\u00e1s y no pueden controlar su ira.<\/p>\n<h2><span style=\"font-size: 28px; font-family: atami; font-weight: normal; color: #005bac; \">Mito 5. &#8220;Existe un cierto per\u00edodo de tiempo en el que es normal el duelo.&#8221;<\/span><\/h2>\n<p><img class=\"alignright size-medium wp-image-3866\" src=\"https:\/\/willowhouse.org\/wp-content\/uploads\/2019\/02\/filling-balloons-cute-pic-of-volunteer_orig-300x200.jpg\" alt=\"\" width=\"300\" height=\"200\" srcset=\"https:\/\/original.willowhouse.org\/wp-content\/uploads\/2019\/02\/filling-balloons-cute-pic-of-volunteer_orig-300x200.jpg 300w, https:\/\/original.willowhouse.org\/wp-content\/uploads\/2019\/02\/filling-balloons-cute-pic-of-volunteer_orig-768x512.jpg 768w, https:\/\/original.willowhouse.org\/wp-content\/uploads\/2019\/02\/filling-balloons-cute-pic-of-volunteer_orig.jpg 800w\" sizes=\"(max-width: 300px) 100vw, 300px\" \/>El dolor no tiene una l\u00ednea de tiempo. Algunas personas pueden anticipar la p\u00e9rdida y comenzar a llorar antes de la muerte. Otros no pueden darse el &#8220;lujo&#8221; de llorar inmediatamente despu\u00e9s de la muerte porque tienen ni\u00f1os peque\u00f1os o padres ancianos que cuidar. Es posible que estas personas pongan en suspenso su dolor y que \u00e9ste salga a\u00f1os despu\u00e9s. Los ni\u00f1os pueden experimentar episodios repetidos de duelo con cada nueva etapa de desarrollo o evento especial de la vida (como una graduaci\u00f3n o una boda). A veces, es posible que su dolor no se manifieste hasta que sean capaces de manejarlo mejor. Por ejemplo, un ni\u00f1o cuyo padre muri\u00f3 cuando ella ten\u00eda ocho a\u00f1os puede que no manifieste dolor exterior hasta el final de la adolescencia o hasta los veinte a\u00f1os.<\/p>\n<p>Existen muchos otros conceptos err\u00f3neos sobre el dolor. Desafortunadamente, estas ideas afectan a los afligidos al hacerlos cuestionarse a s\u00ed mismos y a su cordura. Si est\u00e1 tratando de ayudar a alguien que est\u00e1 en duelo, permanecer abierto a escuchar su experiencia sin juzgar o dar consejos no solicitados es la mejor manera de demostrar que le importa.<\/p>\n<p><i> &#8211; Kirsten Randall, LCSW, Bolet\u00edn de Willow House<br \/><\/i><\/p>\n\t\t\t\t\t<\/div>\n\t\t\t\t\t\t<\/div>\n\t\t\t\t<\/div>\n\t\t\t\t\t\t<\/div>\n\t\t\t\t\t<\/div>\n\t\t<\/div>\n\t\t\t\t\t\t\t\t<\/div>\n\t\t\t\t\t<\/div>\n\t\t<\/section>\n\t\t\t\t\t\t\t\t\t<\/div>\n\t\t\t<\/div>\n\t\t\t\t\t<\/div>\n\t\t","protected":false},"excerpt":{"rendered":"<p>Mitos y conceptos err\u00f3neos sobre el duelo Abundan los mitos, conceptos err\u00f3neos y malos entendidos sobre el dolor. Como nuestra cultura es una sociedad que&hellip;<\/p>\n","protected":false},"author":2,"featured_media":4290,"parent":0,"menu_order":0,"comment_status":"closed","ping_status":"closed","template":"","meta":[],"yoast_head":"<!-- This site is optimized with the Yoast SEO plugin v19.3 - https:\/\/yoast.com\/wordpress\/plugins\/seo\/ -->\n<title>Mitos y conceptos err\u00f3neos sobre el duelo<\/title>\n<meta name=\"description\" content=\"Abundan los mitos, los conceptos err\u00f3neos y los malentendidos sobre el dolor. Como nuestra cultura es una sociedad que niega la muerte, tambi\u00e9n es un dolor que niega a una.\" \/>\n<meta name=\"robots\" content=\"index, follow, max-snippet:-1, max-image-preview:large, max-video-preview:-1\" \/>\n<link rel=\"canonical\" href=\"https:\/\/original.willowhouse.org\/es\/mitos-y-conceptos-erroneos-sobre-el-duelo\/\" \/>\n<meta property=\"og:locale\" content=\"es_ES\" \/>\n<meta property=\"og:type\" content=\"article\" \/>\n<meta property=\"og:title\" content=\"Mitos y conceptos err\u00f3neos sobre el duelo\" \/>\n<meta property=\"og:description\" content=\"Abundan los mitos, los conceptos err\u00f3neos y los malentendidos sobre el dolor. Como nuestra cultura es una sociedad que niega la muerte, tambi\u00e9n es un dolor que niega a una.\" \/>\n<meta property=\"og:url\" content=\"https:\/\/original.willowhouse.org\/es\/mitos-y-conceptos-erroneos-sobre-el-duelo\/\" \/>\n<meta property=\"og:site_name\" content=\"Willow House\" \/>\n<meta property=\"article:modified_time\" content=\"2020-11-28T22:45:53+00:00\" \/>\n<meta property=\"og:image\" content=\"https:\/\/original.willowhouse.org\/wp-content\/uploads\/2019\/04\/Meta_Tag_Banner-01-1024x538.png\" \/>\n\t<meta property=\"og:image:width\" content=\"1024\" \/>\n\t<meta property=\"og:image:height\" content=\"538\" \/>\n\t<meta property=\"og:image:type\" content=\"image\/png\" \/>\n<meta name=\"twitter:card\" content=\"summary_large_image\" \/>\n<meta name=\"twitter:label1\" content=\"Tiempo de lectura\" \/>\n\t<meta name=\"twitter:data1\" content=\"4 minutos\" \/>\n<!-- \/ Yoast SEO plugin. -->","yoast_head_json":{"title":"Mitos y conceptos err\u00f3neos sobre el duelo","description":"Abundan los mitos, los conceptos err\u00f3neos y los malentendidos sobre el dolor. Como nuestra cultura es una sociedad que niega la muerte, tambi\u00e9n es un dolor que niega a una.","robots":{"index":"index","follow":"follow","max-snippet":"max-snippet:-1","max-image-preview":"max-image-preview:large","max-video-preview":"max-video-preview:-1"},"canonical":"https:\/\/original.willowhouse.org\/es\/mitos-y-conceptos-erroneos-sobre-el-duelo\/","og_locale":"es_ES","og_type":"article","og_title":"Mitos y conceptos err\u00f3neos sobre el duelo","og_description":"Abundan los mitos, los conceptos err\u00f3neos y los malentendidos sobre el dolor. Como nuestra cultura es una sociedad que niega la muerte, tambi\u00e9n es un dolor que niega a una.","og_url":"https:\/\/original.willowhouse.org\/es\/mitos-y-conceptos-erroneos-sobre-el-duelo\/","og_site_name":"Willow House","article_modified_time":"2020-11-28T22:45:53+00:00","og_image":[{"width":1024,"height":538,"url":"https:\/\/original.willowhouse.org\/wp-content\/uploads\/2019\/04\/Meta_Tag_Banner-01-1024x538.png","type":"image\/png"}],"twitter_card":"summary_large_image","twitter_misc":{"Tiempo de lectura":"4 minutos"},"schema":{"@context":"https:\/\/schema.org","@graph":[{"@type":"Organization","@id":"https:\/\/original.willowhouse.org\/#organization","name":"Willow House","url":"https:\/\/original.willowhouse.org\/","sameAs":[],"logo":{"@type":"ImageObject","inLanguage":"es","@id":"https:\/\/original.willowhouse.org\/#\/schema\/logo\/image\/","url":"https:\/\/original.willowhouse.org\/wp-content\/uploads\/2019\/04\/WH_Logo_Horiz_tagline-1.png","contentUrl":"https:\/\/original.willowhouse.org\/wp-content\/uploads\/2019\/04\/WH_Logo_Horiz_tagline-1.png","width":1947,"height":576,"caption":"Willow House"},"image":{"@id":"https:\/\/original.willowhouse.org\/#\/schema\/logo\/image\/"}},{"@type":"WebSite","@id":"https:\/\/original.willowhouse.org\/#website","url":"https:\/\/original.willowhouse.org\/","name":"Willow House","description":"Where HOPE lives and HEALING begins.","publisher":{"@id":"https:\/\/original.willowhouse.org\/#organization"},"potentialAction":[{"@type":"SearchAction","target":{"@type":"EntryPoint","urlTemplate":"https:\/\/original.willowhouse.org\/?s={search_term_string}"},"query-input":"required name=search_term_string"}],"inLanguage":"es"},{"@type":"ImageObject","inLanguage":"es","@id":"https:\/\/original.willowhouse.org\/es\/mitos-y-conceptos-erroneos-sobre-el-duelo\/#primaryimage","url":"https:\/\/original.willowhouse.org\/wp-content\/uploads\/2019\/04\/Meta_Tag_Banner-01.png","contentUrl":"https:\/\/original.willowhouse.org\/wp-content\/uploads\/2019\/04\/Meta_Tag_Banner-01.png","width":5000,"height":2625,"caption":"Willow House"},{"@type":"WebPage","@id":"https:\/\/original.willowhouse.org\/es\/mitos-y-conceptos-erroneos-sobre-el-duelo\/","url":"https:\/\/original.willowhouse.org\/es\/mitos-y-conceptos-erroneos-sobre-el-duelo\/","name":"Mitos y conceptos err\u00f3neos sobre el duelo","isPartOf":{"@id":"https:\/\/original.willowhouse.org\/#website"},"primaryImageOfPage":{"@id":"https:\/\/original.willowhouse.org\/es\/mitos-y-conceptos-erroneos-sobre-el-duelo\/#primaryimage"},"datePublished":"2020-11-25T20:48:36+00:00","dateModified":"2020-11-28T22:45:53+00:00","description":"Abundan los mitos, los conceptos err\u00f3neos y los malentendidos sobre el dolor. Como nuestra cultura es una sociedad que niega la muerte, tambi\u00e9n es un dolor que niega a una.","breadcrumb":{"@id":"https:\/\/original.willowhouse.org\/es\/mitos-y-conceptos-erroneos-sobre-el-duelo\/#breadcrumb"},"inLanguage":"es","potentialAction":[{"@type":"ReadAction","target":["https:\/\/original.willowhouse.org\/es\/mitos-y-conceptos-erroneos-sobre-el-duelo\/"]}]},{"@type":"BreadcrumbList","@id":"https:\/\/original.willowhouse.org\/es\/mitos-y-conceptos-erroneos-sobre-el-duelo\/#breadcrumb","itemListElement":[{"@type":"ListItem","position":1,"name":"Home","item":"https:\/\/original.willowhouse.org\/es\/"},{"@type":"ListItem","position":2,"name":"Mitos y conceptos err\u00f3neos sobre el duelo"}]}]}},"_links":{"self":[{"href":"https:\/\/original.willowhouse.org\/es\/wp-json\/wp\/v2\/pages\/4762"}],"collection":[{"href":"https:\/\/original.willowhouse.org\/es\/wp-json\/wp\/v2\/pages"}],"about":[{"href":"https:\/\/original.willowhouse.org\/es\/wp-json\/wp\/v2\/types\/page"}],"author":[{"embeddable":true,"href":"https:\/\/original.willowhouse.org\/es\/wp-json\/wp\/v2\/users\/2"}],"replies":[{"embeddable":true,"href":"https:\/\/original.willowhouse.org\/es\/wp-json\/wp\/v2\/comments?post=4762"}],"version-history":[{"count":10,"href":"https:\/\/original.willowhouse.org\/es\/wp-json\/wp\/v2\/pages\/4762\/revisions"}],"predecessor-version":[{"id":5380,"href":"https:\/\/original.willowhouse.org\/es\/wp-json\/wp\/v2\/pages\/4762\/revisions\/5380"}],"wp:featuredmedia":[{"embeddable":true,"href":"https:\/\/original.willowhouse.org\/es\/wp-json\/wp\/v2\/media\/4290"}],"wp:attachment":[{"href":"https:\/\/original.willowhouse.org\/es\/wp-json\/wp\/v2\/media?parent=4762"}],"curies":[{"name":"wp","href":"https:\/\/api.w.org\/{rel}","templated":true}]}}