{"id":4743,"date":"2020-11-25T14:26:37","date_gmt":"2020-11-25T20:26:37","guid":{"rendered":"https:\/\/willowhouse.org\/como-ayudar-a-un-amigo-afligido\/"},"modified":"2020-11-28T16:17:50","modified_gmt":"2020-11-28T22:17:50","slug":"como-ayudar-a-un-amigo-afligido","status":"publish","type":"page","link":"https:\/\/original.willowhouse.org\/es\/como-ayudar-a-un-amigo-afligido\/","title":{"rendered":"C\u00f3mo ayudar a un amigo afligido"},"content":{"rendered":"\t\t<div data-elementor-type=\"wp-post\" data-elementor-id=\"4743\" class=\"elementor elementor-4743 elementor-840\">\n\t\t\t\t\t\t<div class=\"elementor-inner\">\n\t\t\t\t<div class=\"elementor-section-wrap\">\n\t\t\t\t\t\t\t\t\t<section class=\"elementor-section elementor-top-section elementor-element elementor-element-194c elementor-section-stretched elementor-section-full_width elementor-section-height-min-height elementor-section-height-default elementor-section-items-middle\" data-id=\"194c\" data-element_type=\"section\" data-settings=\"{&quot;stretch_section&quot;:&quot;section-stretched&quot;,&quot;background_background&quot;:&quot;classic&quot;}\">\n\t\t\t\t\t\t<div class=\"elementor-container elementor-column-gap-default\">\n\t\t\t\t\t\t\t<div class=\"elementor-row\">\n\t\t\t\t\t<div class=\"elementor-column elementor-col-100 elementor-top-column elementor-element elementor-element-4428\" data-id=\"4428\" data-element_type=\"column\">\n\t\t\t<div class=\"elementor-column-wrap elementor-element-populated\">\n\t\t\t\t\t\t\t<div class=\"elementor-widget-wrap\">\n\t\t\t\t\t\t<div class=\"elementor-element elementor-element-2aae elementor-widget elementor-widget-heading\" data-id=\"2aae\" data-element_type=\"widget\" data-widget_type=\"heading.default\">\n\t\t\t\t<div class=\"elementor-widget-container\">\n\t\t\t<h1 class=\"elementor-heading-title elementor-size-default\">Ayudando a un amigo afligido<\/h1>\t\t<\/div>\n\t\t\t\t<\/div>\n\t\t\t\t\t\t<\/div>\n\t\t\t\t\t<\/div>\n\t\t<\/div>\n\t\t\t\t\t\t\t\t<\/div>\n\t\t\t\t\t<\/div>\n\t\t<\/section>\n\t\t\t\t<section class=\"elementor-section elementor-top-section elementor-element elementor-element-518a elementor-section-stretched elementor-section-height-min-height elementor-section-boxed elementor-section-height-default elementor-section-items-middle\" data-id=\"518a\" data-element_type=\"section\" data-settings=\"{&quot;stretch_section&quot;:&quot;section-stretched&quot;,&quot;background_background&quot;:&quot;classic&quot;}\">\n\t\t\t\t\t\t<div class=\"elementor-container elementor-column-gap-default\">\n\t\t\t\t\t\t\t<div class=\"elementor-row\">\n\t\t\t\t\t<div class=\"elementor-column elementor-col-100 elementor-top-column elementor-element elementor-element-68a5\" data-id=\"68a5\" data-element_type=\"column\">\n\t\t\t<div class=\"elementor-column-wrap elementor-element-populated\">\n\t\t\t\t\t\t\t<div class=\"elementor-widget-wrap\">\n\t\t\t\t\t\t<div class=\"elementor-element elementor-element-1217 elementor-widget elementor-widget-text-editor\" data-id=\"1217\" data-element_type=\"widget\" data-widget_type=\"text-editor.default\">\n\t\t\t\t<div class=\"elementor-widget-container\">\n\t\t\t\t\t\t\t\t<div class=\"elementor-text-editor elementor-clearfix\">\n\t\t\t\t<p><img class=\"size-medium wp-image-3848 alignright\" src=\"https:\/\/willowhouse.org\/wp-content\/uploads\/2019\/02\/grieving-friend_orig-300x201.jpg\" alt=\"\" width=\"300\" height=\"201\" srcset=\"https:\/\/original.willowhouse.org\/wp-content\/uploads\/2019\/02\/grieving-friend_orig-300x201.jpg 300w, https:\/\/original.willowhouse.org\/wp-content\/uploads\/2019\/02\/grieving-friend_orig-768x514.jpg 768w, https:\/\/original.willowhouse.org\/wp-content\/uploads\/2019\/02\/grieving-friend_orig.jpg 1024w\" sizes=\"(max-width: 300px) 100vw, 300px\" \/>A menudo, despu\u00e9s de una muerte, los colegas, conocidos e incluso amigos y familiares no est\u00e1n seguros de qu\u00e9 decirle a alguien que est\u00e1 en duelo. Esta falta de claridad, combinada con el temor de que sacar a colaci\u00f3n a la persona fallecida moleste a los deudos, resulta en un silencio ensordecedor. De la noche a la ma\u00f1ana, las personas dejan de mencionar el nombre del ser querido y evitan a los que est\u00e1n en duelo. Esta es una respuesta muy com\u00fan, ya que es dif\u00edcil ver a otros heridos y nadie quiere echar sal en la herida de una persona en duelo. Sin embargo, podemos aprender a estar presentes, apoyar y ser enf\u00e1ticos con las personas en duelo si tenemos en cuenta algunas cosas.<\/p>\n\t\t\t\t\t<\/div>\n\t\t\t\t\t\t<\/div>\n\t\t\t\t<\/div>\n\t\t\t\t<div class=\"elementor-element elementor-element-50efd0b elementor-widget elementor-widget-text-editor\" data-id=\"50efd0b\" data-element_type=\"widget\" data-widget_type=\"text-editor.default\">\n\t\t\t\t<div class=\"elementor-widget-container\">\n\t\t\t\t\t\t\t\t<div class=\"elementor-text-editor elementor-clearfix\">\n\t\t\t\t<h2><span style=\"font-size: 28px; font-family: atami; font-weight: normal; color: #005bac;\">Primero, reconoce respetuosamente la muerte<\/span><\/h2>\n<p>Podr\u00edas decir: \u201cLamento o\u00edr que muri\u00f3 tu mam\u00e1 y he estado pensando en ti. Estoy aqui para ti.&#8221; No sorprender\u00e1 ni lastimar\u00e1 a su amigo o colega, ya que ellos ya estar\u00e1n molestos y no habr\u00e1n olvidado que su madre muri\u00f3. Es posible que est\u00e9n buscando una oportunidad para discutir sus sentimientos, y su reconocimiento les brinda la oportunidad de compartir sus pensamientos con usted cuando est\u00e9n listos.<\/p>\n<p><span style=\"color: #005bac; font-family: atami; font-size: 28px;\">En segundo lugar, est\u00e1 bien quedarse sin palabras.<\/span><\/p>\n<p>Si no est\u00e1 seguro de qu\u00e9 decir, simplemente diga&#8221; Estoy no estoy seguro de qu\u00e9 decir, pero quiero que sepas que me importa.&#8221; Esto puede ayudar a una persona en duelo a sentirse menos sola. Una persona en duelo no espera que usted tenga respuestas ni que usted arregle la situaci\u00f3n. Simplemente necesitan apoyo y saber que las personas se preocupan por lo que est\u00e1n pasando.<\/p>\n<h2><span style=\"font-size: 28px; font-family: atami; font-weight: normal; color: #005bac;\">Por \u00faltimo, no tenga miedo de decir el nombre de la persona que muri\u00f3.<\/span><\/h2>\n<p><img class=\"alignright size-full wp-image-4098\" src=\"https:\/\/willowhouse.org\/\/wp-content\/uploads\/2019\/02\/friend-passed-away.jpg\" alt=\"\" width=\"125\" height=\"187\" \/><\/p>\n<p>Por mencionar a un amigo o compa\u00f1ero: &#8220;\u00a1A Sally le encant\u00f3 esta canci\u00f3n!&#8221; o \u201cRecuerdo lo mucho que a Ted le encantaba jugar al golf\u201d, expresas que no has olvidado a la persona que muri\u00f3. Sus seres queridos nunca los olvidar\u00e1n y es posible que se reconforten con un recordatorio de c\u00f3mo tocaron la vida de otras personas.<\/p>\n<p>Si usted o alguien que conoce est\u00e1 sufriendo y necesita apoyo, no dude en <a style=\"color: #63bd69;\" href=\"https:\/\/willowhouse.org\/es\/contacta-con-nosotros\/\">comun\u00edquese con Willow House<\/a> para obtener m\u00e1s informaci\u00f3n sobre nuestros servicios de asistencia gratuitos.<\/p>\n\t\t\t\t\t<\/div>\n\t\t\t\t\t\t<\/div>\n\t\t\t\t<\/div>\n\t\t\t\t\t\t<\/div>\n\t\t\t\t\t<\/div>\n\t\t<\/div>\n\t\t\t\t\t\t\t\t<\/div>\n\t\t\t\t\t<\/div>\n\t\t<\/section>\n\t\t\t\t<section class=\"elementor-section elementor-top-section elementor-element elementor-element-1f9226a elementor-section-stretched elementor-section-boxed elementor-section-height-default elementor-section-height-default\" data-id=\"1f9226a\" data-element_type=\"section\" data-settings=\"{&quot;stretch_section&quot;:&quot;section-stretched&quot;,&quot;background_background&quot;:&quot;classic&quot;}\">\n\t\t\t\t\t\t<div class=\"elementor-container elementor-column-gap-default\">\n\t\t\t\t\t\t\t<div class=\"elementor-row\">\n\t\t\t\t\t<div class=\"elementor-column elementor-col-100 elementor-top-column elementor-element elementor-element-99bc668\" data-id=\"99bc668\" data-element_type=\"column\">\n\t\t\t<div class=\"elementor-column-wrap elementor-element-populated\">\n\t\t\t\t\t\t\t<div class=\"elementor-widget-wrap\">\n\t\t\t\t\t\t<div class=\"elementor-element elementor-element-d46b7d8 elementor-widget elementor-widget-text-editor\" data-id=\"d46b7d8\" data-element_type=\"widget\" data-widget_type=\"text-editor.default\">\n\t\t\t\t<div class=\"elementor-widget-container\">\n\t\t\t\t\t\t\t\t<div class=\"elementor-text-editor elementor-clearfix\">\n\t\t\t\t<p><i>Un agradecimiento especial a un miembro de la familia de Willow House por permitirnos compartir esta historia con usted&#8230;<\/i><\/p>\n\t\t\t\t\t<\/div>\n\t\t\t\t\t\t<\/div>\n\t\t\t\t<\/div>\n\t\t\t\t<div class=\"elementor-element elementor-element-6abc7db elementor-widget elementor-widget-toggle\" data-id=\"6abc7db\" data-element_type=\"widget\" data-widget_type=\"toggle.default\">\n\t\t\t\t<div class=\"elementor-widget-container\">\n\t\t\t\t\t<div class=\"elementor-toggle\" role=\"tablist\">\n\t\t\t\t\t\t\t<div class=\"elementor-toggle-item\">\n\t\t\t\t\t<div id=\"elementor-tab-title-1111\" class=\"elementor-tab-title\" data-tab=\"1\" role=\"tab\" aria-controls=\"elementor-tab-content-1111\" aria-expanded=\"false\">\n\t\t\t\t\t\t\t\t\t\t\t\t<span class=\"elementor-toggle-icon elementor-toggle-icon-left\" aria-hidden=\"true\">\n\t\t\t\t\t\t\t\t\t\t\t\t\t\t\t<span class=\"elementor-toggle-icon-closed\"><i class=\"fas fa-caret-right\"><\/i><\/span>\n\t\t\t\t\t\t\t\t<span class=\"elementor-toggle-icon-opened\"><i class=\"elementor-toggle-icon-opened fas fa-caret-up\"><\/i><\/span>\n\t\t\t\t\t\t\t\t\t\t\t\t\t<\/span>\n\t\t\t\t\t\t\t\t\t\t\t\t<a href=\"\" class=\"elementor-toggle-title\">Lee Mas<\/a>\n\t\t\t\t\t<\/div>\n\n\t\t\t\t\t<div id=\"elementor-tab-content-1111\" class=\"elementor-tab-content elementor-clearfix\" data-tab=\"1\" role=\"tabpanel\" aria-labelledby=\"elementor-tab-title-1111\"><p>Esto me recuerda a un accidente automovil\u00edstico cuando era estudiante de segundo a\u00f1o en la escuela secundaria&#8230; Una familia de 4 personas sufri\u00f3 un accidente automovil\u00edstico durante las vacaciones de verano y solo sobrevivieron el padre y el hijo. Conoc\u00ed a la hermana que muri\u00f3 bien y hab\u00eda conocido al hermano dos a\u00f1os antes. De lo que me averg\u00fcenzo es de c\u00f3mo me comport\u00e9 con el hermano en la escuela despu\u00e9s. Estaba en estado de shock y negaci\u00f3n cuando me enter\u00e9 del accidente ya que estaba fuera de la ciudad en ese momento. Recuerdo haber visto al hermano en el pasillo de la escuela entre clases un d\u00eda, semanas despu\u00e9s, y mi coraz\u00f3n se hundi\u00f3. No le dije ni una palabra mientras pasaba por el pasillo. Lo lament\u00e9 entonces y, por supuesto, a\u00fan m\u00e1s ahora. Nada es peor que ser ignorado por aquellos que te conocen y por lo que has pasado. Lo experimentamos de muchas familias durante mucho tiempo despu\u00e9s de la muerte de nuestra hija. Como resultado, nuestros amigos cambiaron. Muchos padres que ten\u00edan hijas en su grado dejaron de hablarnos. No sab\u00edan qu\u00e9 decir, as\u00ed que no dijeron nada. La buena noticia es que nos hicimos amigos de otras familias que se acercaron y tuvieron hijos de la misma edad que nuestros 2 hijos&#8230;<\/p>\n<\/div>\n\t\t\t\t<\/div>\n\t\t\t\t\t\t\t\t<\/div>\n\t\t\t\t<\/div>\n\t\t\t\t<\/div>\n\t\t\t\t\t\t<\/div>\n\t\t\t\t\t<\/div>\n\t\t<\/div>\n\t\t\t\t\t\t\t\t<\/div>\n\t\t\t\t\t<\/div>\n\t\t<\/section>\n\t\t\t\t\t\t\t\t\t<\/div>\n\t\t\t<\/div>\n\t\t\t\t\t<\/div>\n\t\t","protected":false},"excerpt":{"rendered":"<p>Ayudando a un amigo afligido A menudo, despu\u00e9s de una muerte, los colegas, conocidos e incluso amigos y familiares no est\u00e1n seguros de qu\u00e9 decirle&hellip;<\/p>\n","protected":false},"author":2,"featured_media":4290,"parent":0,"menu_order":0,"comment_status":"closed","ping_status":"closed","template":"","meta":[],"yoast_head":"<!-- This site is optimized with the Yoast SEO plugin v19.3 - https:\/\/yoast.com\/wordpress\/plugins\/seo\/ -->\n<title>Ayudando a un amigo afligido<\/title>\n<meta name=\"description\" content=\"A menudo, despu\u00e9s de una muerte, los colegas, conocidos e incluso amigos y familiares no est\u00e1n seguros de qu\u00e9 decir para ayudar a un amigo en duelo.\" \/>\n<meta name=\"robots\" content=\"index, follow, max-snippet:-1, max-image-preview:large, max-video-preview:-1\" \/>\n<link rel=\"canonical\" href=\"https:\/\/original.willowhouse.org\/es\/como-ayudar-a-un-amigo-afligido\/\" \/>\n<meta property=\"og:locale\" content=\"es_ES\" \/>\n<meta property=\"og:type\" content=\"article\" \/>\n<meta property=\"og:title\" content=\"Ayudando a un amigo afligido\" \/>\n<meta property=\"og:description\" content=\"A menudo, despu\u00e9s de una muerte, los colegas, conocidos e incluso amigos y familiares no est\u00e1n seguros de qu\u00e9 decir para ayudar a un amigo en duelo.\" \/>\n<meta property=\"og:url\" content=\"https:\/\/original.willowhouse.org\/es\/como-ayudar-a-un-amigo-afligido\/\" \/>\n<meta property=\"og:site_name\" content=\"Willow House\" \/>\n<meta property=\"article:modified_time\" content=\"2020-11-28T22:17:50+00:00\" \/>\n<meta property=\"og:image\" content=\"https:\/\/original.willowhouse.org\/wp-content\/uploads\/2019\/04\/Meta_Tag_Banner-01-1024x538.png\" \/>\n\t<meta property=\"og:image:width\" content=\"1024\" \/>\n\t<meta property=\"og:image:height\" content=\"538\" \/>\n\t<meta property=\"og:image:type\" content=\"image\/png\" \/>\n<meta name=\"twitter:card\" content=\"summary_large_image\" \/>\n<meta name=\"twitter:label1\" content=\"Tiempo de lectura\" \/>\n\t<meta name=\"twitter:data1\" content=\"3 minutos\" \/>\n<!-- \/ Yoast SEO plugin. -->","yoast_head_json":{"title":"Ayudando a un amigo afligido","description":"A menudo, despu\u00e9s de una muerte, los colegas, conocidos e incluso amigos y familiares no est\u00e1n seguros de qu\u00e9 decir para ayudar a un amigo en duelo.","robots":{"index":"index","follow":"follow","max-snippet":"max-snippet:-1","max-image-preview":"max-image-preview:large","max-video-preview":"max-video-preview:-1"},"canonical":"https:\/\/original.willowhouse.org\/es\/como-ayudar-a-un-amigo-afligido\/","og_locale":"es_ES","og_type":"article","og_title":"Ayudando a un amigo afligido","og_description":"A menudo, despu\u00e9s de una muerte, los colegas, conocidos e incluso amigos y familiares no est\u00e1n seguros de qu\u00e9 decir para ayudar a un amigo en duelo.","og_url":"https:\/\/original.willowhouse.org\/es\/como-ayudar-a-un-amigo-afligido\/","og_site_name":"Willow House","article_modified_time":"2020-11-28T22:17:50+00:00","og_image":[{"width":1024,"height":538,"url":"https:\/\/original.willowhouse.org\/wp-content\/uploads\/2019\/04\/Meta_Tag_Banner-01-1024x538.png","type":"image\/png"}],"twitter_card":"summary_large_image","twitter_misc":{"Tiempo de lectura":"3 minutos"},"schema":{"@context":"https:\/\/schema.org","@graph":[{"@type":"Organization","@id":"https:\/\/original.willowhouse.org\/#organization","name":"Willow House","url":"https:\/\/original.willowhouse.org\/","sameAs":[],"logo":{"@type":"ImageObject","inLanguage":"es","@id":"https:\/\/original.willowhouse.org\/#\/schema\/logo\/image\/","url":"https:\/\/original.willowhouse.org\/wp-content\/uploads\/2019\/04\/WH_Logo_Horiz_tagline-1.png","contentUrl":"https:\/\/original.willowhouse.org\/wp-content\/uploads\/2019\/04\/WH_Logo_Horiz_tagline-1.png","width":1947,"height":576,"caption":"Willow House"},"image":{"@id":"https:\/\/original.willowhouse.org\/#\/schema\/logo\/image\/"}},{"@type":"WebSite","@id":"https:\/\/original.willowhouse.org\/#website","url":"https:\/\/original.willowhouse.org\/","name":"Willow House","description":"Where HOPE lives and HEALING begins.","publisher":{"@id":"https:\/\/original.willowhouse.org\/#organization"},"potentialAction":[{"@type":"SearchAction","target":{"@type":"EntryPoint","urlTemplate":"https:\/\/original.willowhouse.org\/?s={search_term_string}"},"query-input":"required name=search_term_string"}],"inLanguage":"es"},{"@type":"ImageObject","inLanguage":"es","@id":"https:\/\/original.willowhouse.org\/es\/como-ayudar-a-un-amigo-afligido\/#primaryimage","url":"https:\/\/original.willowhouse.org\/wp-content\/uploads\/2019\/04\/Meta_Tag_Banner-01.png","contentUrl":"https:\/\/original.willowhouse.org\/wp-content\/uploads\/2019\/04\/Meta_Tag_Banner-01.png","width":5000,"height":2625,"caption":"Willow House"},{"@type":"WebPage","@id":"https:\/\/original.willowhouse.org\/es\/como-ayudar-a-un-amigo-afligido\/","url":"https:\/\/original.willowhouse.org\/es\/como-ayudar-a-un-amigo-afligido\/","name":"Ayudando a un amigo afligido","isPartOf":{"@id":"https:\/\/original.willowhouse.org\/#website"},"primaryImageOfPage":{"@id":"https:\/\/original.willowhouse.org\/es\/como-ayudar-a-un-amigo-afligido\/#primaryimage"},"datePublished":"2020-11-25T20:26:37+00:00","dateModified":"2020-11-28T22:17:50+00:00","description":"A menudo, despu\u00e9s de una muerte, los colegas, conocidos e incluso amigos y familiares no est\u00e1n seguros de qu\u00e9 decir para ayudar a un amigo en duelo.","breadcrumb":{"@id":"https:\/\/original.willowhouse.org\/es\/como-ayudar-a-un-amigo-afligido\/#breadcrumb"},"inLanguage":"es","potentialAction":[{"@type":"ReadAction","target":["https:\/\/original.willowhouse.org\/es\/como-ayudar-a-un-amigo-afligido\/"]}]},{"@type":"BreadcrumbList","@id":"https:\/\/original.willowhouse.org\/es\/como-ayudar-a-un-amigo-afligido\/#breadcrumb","itemListElement":[{"@type":"ListItem","position":1,"name":"Home","item":"https:\/\/original.willowhouse.org\/es\/"},{"@type":"ListItem","position":2,"name":"C\u00f3mo ayudar a un amigo afligido"}]}]}},"_links":{"self":[{"href":"https:\/\/original.willowhouse.org\/es\/wp-json\/wp\/v2\/pages\/4743"}],"collection":[{"href":"https:\/\/original.willowhouse.org\/es\/wp-json\/wp\/v2\/pages"}],"about":[{"href":"https:\/\/original.willowhouse.org\/es\/wp-json\/wp\/v2\/types\/page"}],"author":[{"embeddable":true,"href":"https:\/\/original.willowhouse.org\/es\/wp-json\/wp\/v2\/users\/2"}],"replies":[{"embeddable":true,"href":"https:\/\/original.willowhouse.org\/es\/wp-json\/wp\/v2\/comments?post=4743"}],"version-history":[{"count":9,"href":"https:\/\/original.willowhouse.org\/es\/wp-json\/wp\/v2\/pages\/4743\/revisions"}],"predecessor-version":[{"id":5342,"href":"https:\/\/original.willowhouse.org\/es\/wp-json\/wp\/v2\/pages\/4743\/revisions\/5342"}],"wp:featuredmedia":[{"embeddable":true,"href":"https:\/\/original.willowhouse.org\/es\/wp-json\/wp\/v2\/media\/4290"}],"wp:attachment":[{"href":"https:\/\/original.willowhouse.org\/es\/wp-json\/wp\/v2\/media?parent=4743"}],"curies":[{"name":"wp","href":"https:\/\/api.w.org\/{rel}","templated":true}]}}