{"id":4737,"date":"2020-11-25T14:09:25","date_gmt":"2020-11-25T20:09:25","guid":{"rendered":"https:\/\/willowhouse.org\/ayudar-a-los-ninos-a-afrontar-el-dolor\/"},"modified":"2020-11-28T16:03:19","modified_gmt":"2020-11-28T22:03:19","slug":"ayudar-a-los-ninos-a-afrontar-el-dolor","status":"publish","type":"page","link":"https:\/\/original.willowhouse.org\/es\/ayudar-a-los-ninos-a-afrontar-el-dolor\/","title":{"rendered":"Ayudar a los ni\u00f1os a afrontar el dolor"},"content":{"rendered":"\t\t<div data-elementor-type=\"wp-post\" data-elementor-id=\"4737\" class=\"elementor elementor-4737 elementor-823\">\n\t\t\t\t\t\t<div class=\"elementor-inner\">\n\t\t\t\t<div class=\"elementor-section-wrap\">\n\t\t\t\t\t\t\t\t\t<section class=\"elementor-section elementor-top-section elementor-element elementor-element-0f6d7ec elementor-section-stretched elementor-section-full_width elementor-section-height-min-height elementor-section-height-default elementor-section-items-middle\" data-id=\"0f6d7ec\" data-element_type=\"section\" data-settings=\"{&quot;stretch_section&quot;:&quot;section-stretched&quot;,&quot;background_background&quot;:&quot;classic&quot;}\">\n\t\t\t\t\t\t<div class=\"elementor-container elementor-column-gap-default\">\n\t\t\t\t\t\t\t<div class=\"elementor-row\">\n\t\t\t\t\t<div class=\"elementor-column elementor-col-100 elementor-top-column elementor-element elementor-element-1cb2896\" data-id=\"1cb2896\" data-element_type=\"column\">\n\t\t\t<div class=\"elementor-column-wrap elementor-element-populated\">\n\t\t\t\t\t\t\t<div class=\"elementor-widget-wrap\">\n\t\t\t\t\t\t<div class=\"elementor-element elementor-element-2b0f527 elementor-widget elementor-widget-heading\" data-id=\"2b0f527\" data-element_type=\"widget\" data-widget_type=\"heading.default\">\n\t\t\t\t<div class=\"elementor-widget-container\">\n\t\t\t<h1 class=\"elementor-heading-title elementor-size-default\">Ayudar a los ni\u00f1os a afrontar el dolor<\/h1>\t\t<\/div>\n\t\t\t\t<\/div>\n\t\t\t\t\t\t<\/div>\n\t\t\t\t\t<\/div>\n\t\t<\/div>\n\t\t\t\t\t\t\t\t<\/div>\n\t\t\t\t\t<\/div>\n\t\t<\/section>\n\t\t\t\t<section class=\"elementor-section elementor-top-section elementor-element elementor-element-09b8355 elementor-section-stretched elementor-section-height-min-height elementor-section-boxed elementor-section-height-default elementor-section-items-middle\" data-id=\"09b8355\" data-element_type=\"section\" data-settings=\"{&quot;stretch_section&quot;:&quot;section-stretched&quot;,&quot;background_background&quot;:&quot;classic&quot;}\">\n\t\t\t\t\t\t<div class=\"elementor-container elementor-column-gap-default\">\n\t\t\t\t\t\t\t<div class=\"elementor-row\">\n\t\t\t\t\t<div class=\"elementor-column elementor-col-100 elementor-top-column elementor-element elementor-element-9406432\" data-id=\"9406432\" data-element_type=\"column\">\n\t\t\t<div class=\"elementor-column-wrap elementor-element-populated\">\n\t\t\t\t\t\t\t<div class=\"elementor-widget-wrap\">\n\t\t\t\t\t\t<div class=\"elementor-element elementor-element-37c585b elementor-widget elementor-widget-text-editor\" data-id=\"37c585b\" data-element_type=\"widget\" data-widget_type=\"text-editor.default\">\n\t\t\t\t<div class=\"elementor-widget-container\">\n\t\t\t\t\t\t\t\t<div class=\"elementor-text-editor elementor-clearfix\">\n\t\t\t\t<p>Los siguientes consejos est\u00e1n destinados a ayudar a los padres, familiares y otros cuidadores a brindar apoyo cari\u00f1oso a los ni\u00f1os que est\u00e1n lidiando con una muerte:<\/p>\n\t\t\t\t\t<\/div>\n\t\t\t\t\t\t<\/div>\n\t\t\t\t<\/div>\n\t\t\t\t<div class=\"elementor-element elementor-element-e98a7ae elementor-widget elementor-widget-text-editor\" data-id=\"e98a7ae\" data-element_type=\"widget\" data-widget_type=\"text-editor.default\">\n\t\t\t\t<div class=\"elementor-widget-container\">\n\t\t\t\t\t\t\t\t<div class=\"elementor-text-editor elementor-clearfix\">\n\t\t\t\t<p><strong>Permita que los ni\u00f1os sean los maestros<\/strong> sobre sus experiencias de duelo: d\u00e9 a los ni\u00f1os la oportunidad de contar su historia y compartir sus sentimientos; Sea un buen oyente.<\/p>\n<p><strong>No asuma<\/strong> que todos los ni\u00f1os de un determinado grupo de edad entienden la muerte de la misma manera o con los mismos sentimientos: todos los ni\u00f1os son diferentes y su punto de vista del mundo es \u00fanico y est\u00e1 moldeado por diferentes experiencias. Los ni\u00f1os de la misma familia, incluso los que tienen una edad similar, pueden mostrar reacciones muy diferentes y tener necesidades de apoyo muy diferentes.<\/p>\n<p><strong>No mienta ni diga medias verdades<\/strong> a los ni\u00f1os sobre un evento tr\u00e1gico: los ni\u00f1os suelen ser brillantes y sensibles. Ver\u00e1n a trav\u00e9s de informaci\u00f3n falsa y se preguntar\u00e1n por qu\u00e9 no les conf\u00edas la verdad. Las mentiras no ayudan al ni\u00f1o en el proceso de curaci\u00f3n ni ayudan a desarrollar estrategias efectivas para afrontar las futuras tragedias o p\u00e9rdidas de la vida.<\/p>\n<p><strong>Aclare<\/strong> con los ni\u00f1os lo que han escuchado para determinar si lo hacen o no. tener informaci\u00f3n precisa. Los rumores y la desinformaci\u00f3n pueden proliferar en las comunidades que enfrentan una muerte y pueden interferir con la capacidad de un ni\u00f1o para comprender, responder y afrontar la situaci\u00f3n.<\/p>\n<p>La muerte de alguien en la comunidad de un ni\u00f1o en lugar de un miembro de la familia o un amigo cercano puede no afectar a un ni\u00f1o de la misma manera. Sin embargo, <strong>brindar oportunidades para compartir<\/strong> informaci\u00f3n y sentimientos puede apoyar y alentar el desarrollo de una vida saludable y habilidades de afrontamiento.<\/p>\n<p>Ayude a todos los ni\u00f1os, independientemente de su edad, a comprender la p\u00e9rdida y la muerte: informaci\u00f3n del ni\u00f1o al nivel que \u00e9l o ella pueda entender. <strong>Permita que el ni\u00f1o le oriente<\/strong> en cuanto a la necesidad de obtener m\u00e1s informaci\u00f3n o aclarar lo que ha escuchado. Los ni\u00f1os deben comprender que la p\u00e9rdida y la muerte son parte del c\u00edrculo de la vida.<\/p>\n<p><strong>Anime a los ni\u00f1os a hacer preguntas<\/strong> sobre la p\u00e9rdida y la muerte: los adultos deben estar menos ansiosos por no saber todo las respuestas. Trate las preguntas con respeto y con la voluntad de ayudar al ni\u00f1o a encontrar sus propias respuestas. Proporcione respuestas que sean lo m\u00e1s honestas que pueda, pero mantenga sus respuestas lo m\u00e1s simples posible. Si no sabe la respuesta, d\u00edgalo y ofr\u00e9zcase a averiguarlo.<\/p>\n<p>A veces los ni\u00f1os est\u00e1n molestos pero no pueden decirle qu\u00e9 respuestas ser\u00e1n \u00fatiles. Si un ni\u00f1o parece molesto, h\u00e1gale saber que realmente quiere entender lo que est\u00e1 sintiendo o lo que necesita.<\/p>\n<p><strong>D\u00e1ndole el tiempo y el aliento<\/strong> para compartir sus sentimientos con usted puede permitirles resolver sus sentimientos.<\/p>\n<p><strong>Sea consciente de su propia respuesta a la muerte y de su necesidad de llorar:<\/strong> Centrarse en los ni\u00f1os bajo su cuidado es importante, pero no debe hacerse a expensas de sus propias necesidades emocionales. Su capacidad para brindar el apoyo cari\u00f1oso, seguro y afectuoso que los ni\u00f1os necesitan puede verse complicada por su propia respuesta al duelo. Busque ayuda de amigos u otros miembros de la familia si siente que su propio dolor est\u00e1 comprometiendo su capacidad para apoyar a los ni\u00f1os bajo su cuidado. Para algunas familias, puede ser \u00fatil buscar asesoramiento sobre el duelo, as\u00ed como fuentes individuales de apoyo para adultos y ni\u00f1os.<\/p>\n<p><em> &#8211; Parcialmente adaptado del Dr. Alan Wolfelt Director del Center for Loss y transici\u00f3n de vida<\/em><\/p>\n\t\t\t\t\t<\/div>\n\t\t\t\t\t\t<\/div>\n\t\t\t\t<\/div>\n\t\t\t\t\t\t<\/div>\n\t\t\t\t\t<\/div>\n\t\t<\/div>\n\t\t\t\t\t\t\t\t<\/div>\n\t\t\t\t\t<\/div>\n\t\t<\/section>\n\t\t\t\t<section class=\"elementor-section elementor-top-section elementor-element elementor-element-7132633 elementor-section-stretched elementor-section-boxed elementor-section-height-default elementor-section-height-default\" data-id=\"7132633\" data-element_type=\"section\" data-settings=\"{&quot;stretch_section&quot;:&quot;section-stretched&quot;,&quot;background_background&quot;:&quot;classic&quot;}\">\n\t\t\t\t\t\t<div class=\"elementor-container elementor-column-gap-default\">\n\t\t\t\t\t\t\t<div class=\"elementor-row\">\n\t\t\t\t\t<div class=\"elementor-column elementor-col-33 elementor-top-column elementor-element elementor-element-27acad0\" data-id=\"27acad0\" data-element_type=\"column\">\n\t\t\t<div class=\"elementor-column-wrap elementor-element-populated\">\n\t\t\t\t\t\t\t<div class=\"elementor-widget-wrap\">\n\t\t\t\t\t\t<div class=\"elementor-element elementor-element-3b9f7ef elementor-widget elementor-widget-image\" data-id=\"3b9f7ef\" data-element_type=\"widget\" data-widget_type=\"image.default\">\n\t\t\t\t<div class=\"elementor-widget-container\">\n\t\t\t\t\t\t\t\t<div class=\"elementor-image\">\n\t\t\t\t\t\t\t\t\t\t\t\t<img width=\"200\" height=\"300\" src=\"https:\/\/original.willowhouse.org\/wp-content\/uploads\/2019\/02\/img-2598_orig-200x300.jpg\" class=\"attachment-medium size-medium\" alt=\"\" srcset=\"https:\/\/original.willowhouse.org\/wp-content\/uploads\/2019\/02\/img-2598_orig-200x300.jpg 200w, https:\/\/original.willowhouse.org\/wp-content\/uploads\/2019\/02\/img-2598_orig.jpg 533w\" sizes=\"(max-width: 200px) 100vw, 200px\" \/>\t\t\t\t\t\t\t\t\t\t\t\t\t\t<\/div>\n\t\t\t\t\t\t<\/div>\n\t\t\t\t<\/div>\n\t\t\t\t\t\t<\/div>\n\t\t\t\t\t<\/div>\n\t\t<\/div>\n\t\t\t\t<div class=\"elementor-column elementor-col-33 elementor-top-column elementor-element elementor-element-9d32112\" data-id=\"9d32112\" data-element_type=\"column\">\n\t\t\t<div class=\"elementor-column-wrap elementor-element-populated\">\n\t\t\t\t\t\t\t<div class=\"elementor-widget-wrap\">\n\t\t\t\t\t\t<div class=\"elementor-element elementor-element-58a81f4 elementor-widget elementor-widget-image\" data-id=\"58a81f4\" data-element_type=\"widget\" data-widget_type=\"image.default\">\n\t\t\t\t<div class=\"elementor-widget-container\">\n\t\t\t\t\t\t\t\t<div class=\"elementor-image\">\n\t\t\t\t\t\t\t\t\t\t\t\t<img width=\"200\" height=\"300\" src=\"https:\/\/original.willowhouse.org\/wp-content\/uploads\/2019\/02\/img-1521_1_orig-200x300.jpg\" class=\"attachment-medium size-medium\" alt=\"\" srcset=\"https:\/\/original.willowhouse.org\/wp-content\/uploads\/2019\/02\/img-1521_1_orig-200x300.jpg 200w, https:\/\/original.willowhouse.org\/wp-content\/uploads\/2019\/02\/img-1521_1_orig.jpg 533w\" sizes=\"(max-width: 200px) 100vw, 200px\" \/>\t\t\t\t\t\t\t\t\t\t\t\t\t\t<\/div>\n\t\t\t\t\t\t<\/div>\n\t\t\t\t<\/div>\n\t\t\t\t\t\t<\/div>\n\t\t\t\t\t<\/div>\n\t\t<\/div>\n\t\t\t\t<div class=\"elementor-column elementor-col-33 elementor-top-column elementor-element elementor-element-74c4779\" data-id=\"74c4779\" data-element_type=\"column\">\n\t\t\t<div class=\"elementor-column-wrap elementor-element-populated\">\n\t\t\t\t\t\t\t<div class=\"elementor-widget-wrap\">\n\t\t\t\t\t\t<div class=\"elementor-element elementor-element-40fa77c elementor-widget elementor-widget-image\" data-id=\"40fa77c\" data-element_type=\"widget\" data-widget_type=\"image.default\">\n\t\t\t\t<div class=\"elementor-widget-container\">\n\t\t\t\t\t\t\t\t<div class=\"elementor-image\">\n\t\t\t\t\t\t\t\t\t\t\t\t<img width=\"200\" height=\"300\" src=\"https:\/\/original.willowhouse.org\/wp-content\/uploads\/2019\/02\/img-2874_orig-200x300.jpg\" class=\"attachment-medium size-medium\" alt=\"\" srcset=\"https:\/\/original.willowhouse.org\/wp-content\/uploads\/2019\/02\/img-2874_orig-200x300.jpg 200w, https:\/\/original.willowhouse.org\/wp-content\/uploads\/2019\/02\/img-2874_orig.jpg 533w\" sizes=\"(max-width: 200px) 100vw, 200px\" \/>\t\t\t\t\t\t\t\t\t\t\t\t\t\t<\/div>\n\t\t\t\t\t\t<\/div>\n\t\t\t\t<\/div>\n\t\t\t\t\t\t<\/div>\n\t\t\t\t\t<\/div>\n\t\t<\/div>\n\t\t\t\t\t\t\t\t<\/div>\n\t\t\t\t\t<\/div>\n\t\t<\/section>\n\t\t\t\t\t\t\t\t\t<\/div>\n\t\t\t<\/div>\n\t\t\t\t\t<\/div>\n\t\t","protected":false},"excerpt":{"rendered":"<p>Ayudar a los ni\u00f1os a afrontar el dolor Los siguientes consejos est\u00e1n destinados a ayudar a los padres, familiares y otros cuidadores a brindar apoyo&hellip;<\/p>\n","protected":false},"author":2,"featured_media":4290,"parent":0,"menu_order":0,"comment_status":"closed","ping_status":"closed","template":"","meta":[],"yoast_head":"<!-- This site is optimized with the Yoast SEO plugin v19.3 - https:\/\/yoast.com\/wordpress\/plugins\/seo\/ -->\n<title>Ayudar a los ni\u00f1os a afrontar el dolor<\/title>\n<meta name=\"description\" content=\"Los siguientes consejos est\u00e1n destinados a ayudar a los padres, miembros de la familia y otros cuidadores a brindar apoyo cari\u00f1oso y ayudar a los ni\u00f1os a sobrellevar el dolor o la muerte.\" \/>\n<meta name=\"robots\" content=\"index, follow, max-snippet:-1, max-image-preview:large, max-video-preview:-1\" \/>\n<link rel=\"canonical\" href=\"https:\/\/original.willowhouse.org\/es\/ayudar-a-los-ninos-a-afrontar-el-dolor\/\" \/>\n<meta property=\"og:locale\" content=\"es_ES\" \/>\n<meta property=\"og:type\" content=\"article\" \/>\n<meta property=\"og:title\" content=\"Ayudar a los ni\u00f1os a afrontar el dolor\" \/>\n<meta property=\"og:description\" content=\"Los siguientes consejos est\u00e1n destinados a ayudar a los padres, miembros de la familia y otros cuidadores a brindar apoyo cari\u00f1oso y ayudar a los ni\u00f1os a sobrellevar el dolor o la muerte.\" \/>\n<meta property=\"og:url\" content=\"https:\/\/original.willowhouse.org\/es\/ayudar-a-los-ninos-a-afrontar-el-dolor\/\" \/>\n<meta property=\"og:site_name\" content=\"Willow House\" \/>\n<meta property=\"article:modified_time\" content=\"2020-11-28T22:03:19+00:00\" \/>\n<meta property=\"og:image\" content=\"https:\/\/original.willowhouse.org\/wp-content\/uploads\/2019\/04\/Meta_Tag_Banner-01-1024x538.png\" \/>\n\t<meta property=\"og:image:width\" content=\"1024\" \/>\n\t<meta property=\"og:image:height\" content=\"538\" \/>\n\t<meta property=\"og:image:type\" content=\"image\/png\" \/>\n<meta name=\"twitter:card\" content=\"summary_large_image\" \/>\n<meta name=\"twitter:label1\" content=\"Tiempo de lectura\" \/>\n\t<meta name=\"twitter:data1\" content=\"3 minutos\" \/>\n<!-- \/ Yoast SEO plugin. -->","yoast_head_json":{"title":"Ayudar a los ni\u00f1os a afrontar el dolor","description":"Los siguientes consejos est\u00e1n destinados a ayudar a los padres, miembros de la familia y otros cuidadores a brindar apoyo cari\u00f1oso y ayudar a los ni\u00f1os a sobrellevar el dolor o la muerte.","robots":{"index":"index","follow":"follow","max-snippet":"max-snippet:-1","max-image-preview":"max-image-preview:large","max-video-preview":"max-video-preview:-1"},"canonical":"https:\/\/original.willowhouse.org\/es\/ayudar-a-los-ninos-a-afrontar-el-dolor\/","og_locale":"es_ES","og_type":"article","og_title":"Ayudar a los ni\u00f1os a afrontar el dolor","og_description":"Los siguientes consejos est\u00e1n destinados a ayudar a los padres, miembros de la familia y otros cuidadores a brindar apoyo cari\u00f1oso y ayudar a los ni\u00f1os a sobrellevar el dolor o la muerte.","og_url":"https:\/\/original.willowhouse.org\/es\/ayudar-a-los-ninos-a-afrontar-el-dolor\/","og_site_name":"Willow House","article_modified_time":"2020-11-28T22:03:19+00:00","og_image":[{"width":1024,"height":538,"url":"https:\/\/original.willowhouse.org\/wp-content\/uploads\/2019\/04\/Meta_Tag_Banner-01-1024x538.png","type":"image\/png"}],"twitter_card":"summary_large_image","twitter_misc":{"Tiempo de lectura":"3 minutos"},"schema":{"@context":"https:\/\/schema.org","@graph":[{"@type":"Organization","@id":"https:\/\/original.willowhouse.org\/#organization","name":"Willow House","url":"https:\/\/original.willowhouse.org\/","sameAs":[],"logo":{"@type":"ImageObject","inLanguage":"es","@id":"https:\/\/original.willowhouse.org\/#\/schema\/logo\/image\/","url":"https:\/\/original.willowhouse.org\/wp-content\/uploads\/2019\/04\/WH_Logo_Horiz_tagline-1.png","contentUrl":"https:\/\/original.willowhouse.org\/wp-content\/uploads\/2019\/04\/WH_Logo_Horiz_tagline-1.png","width":1947,"height":576,"caption":"Willow House"},"image":{"@id":"https:\/\/original.willowhouse.org\/#\/schema\/logo\/image\/"}},{"@type":"WebSite","@id":"https:\/\/original.willowhouse.org\/#website","url":"https:\/\/original.willowhouse.org\/","name":"Willow House","description":"Where HOPE lives and HEALING begins.","publisher":{"@id":"https:\/\/original.willowhouse.org\/#organization"},"potentialAction":[{"@type":"SearchAction","target":{"@type":"EntryPoint","urlTemplate":"https:\/\/original.willowhouse.org\/?s={search_term_string}"},"query-input":"required name=search_term_string"}],"inLanguage":"es"},{"@type":"ImageObject","inLanguage":"es","@id":"https:\/\/original.willowhouse.org\/es\/ayudar-a-los-ninos-a-afrontar-el-dolor\/#primaryimage","url":"https:\/\/original.willowhouse.org\/wp-content\/uploads\/2019\/04\/Meta_Tag_Banner-01.png","contentUrl":"https:\/\/original.willowhouse.org\/wp-content\/uploads\/2019\/04\/Meta_Tag_Banner-01.png","width":5000,"height":2625,"caption":"Willow House"},{"@type":"WebPage","@id":"https:\/\/original.willowhouse.org\/es\/ayudar-a-los-ninos-a-afrontar-el-dolor\/","url":"https:\/\/original.willowhouse.org\/es\/ayudar-a-los-ninos-a-afrontar-el-dolor\/","name":"Ayudar a los ni\u00f1os a afrontar el dolor","isPartOf":{"@id":"https:\/\/original.willowhouse.org\/#website"},"primaryImageOfPage":{"@id":"https:\/\/original.willowhouse.org\/es\/ayudar-a-los-ninos-a-afrontar-el-dolor\/#primaryimage"},"datePublished":"2020-11-25T20:09:25+00:00","dateModified":"2020-11-28T22:03:19+00:00","description":"Los siguientes consejos est\u00e1n destinados a ayudar a los padres, miembros de la familia y otros cuidadores a brindar apoyo cari\u00f1oso y ayudar a los ni\u00f1os a sobrellevar el dolor o la muerte.","breadcrumb":{"@id":"https:\/\/original.willowhouse.org\/es\/ayudar-a-los-ninos-a-afrontar-el-dolor\/#breadcrumb"},"inLanguage":"es","potentialAction":[{"@type":"ReadAction","target":["https:\/\/original.willowhouse.org\/es\/ayudar-a-los-ninos-a-afrontar-el-dolor\/"]}]},{"@type":"BreadcrumbList","@id":"https:\/\/original.willowhouse.org\/es\/ayudar-a-los-ninos-a-afrontar-el-dolor\/#breadcrumb","itemListElement":[{"@type":"ListItem","position":1,"name":"Home","item":"https:\/\/original.willowhouse.org\/es\/"},{"@type":"ListItem","position":2,"name":"Ayudar a los ni\u00f1os a afrontar el dolor"}]}]}},"_links":{"self":[{"href":"https:\/\/original.willowhouse.org\/es\/wp-json\/wp\/v2\/pages\/4737"}],"collection":[{"href":"https:\/\/original.willowhouse.org\/es\/wp-json\/wp\/v2\/pages"}],"about":[{"href":"https:\/\/original.willowhouse.org\/es\/wp-json\/wp\/v2\/types\/page"}],"author":[{"embeddable":true,"href":"https:\/\/original.willowhouse.org\/es\/wp-json\/wp\/v2\/users\/2"}],"replies":[{"embeddable":true,"href":"https:\/\/original.willowhouse.org\/es\/wp-json\/wp\/v2\/comments?post=4737"}],"version-history":[{"count":7,"href":"https:\/\/original.willowhouse.org\/es\/wp-json\/wp\/v2\/pages\/4737\/revisions"}],"predecessor-version":[{"id":5332,"href":"https:\/\/original.willowhouse.org\/es\/wp-json\/wp\/v2\/pages\/4737\/revisions\/5332"}],"wp:featuredmedia":[{"embeddable":true,"href":"https:\/\/original.willowhouse.org\/es\/wp-json\/wp\/v2\/media\/4290"}],"wp:attachment":[{"href":"https:\/\/original.willowhouse.org\/es\/wp-json\/wp\/v2\/media?parent=4737"}],"curies":[{"name":"wp","href":"https:\/\/api.w.org\/{rel}","templated":true}]}}