{"id":4733,"date":"2020-11-25T14:03:09","date_gmt":"2020-11-25T20:03:09","guid":{"rendered":"https:\/\/willowhouse.org\/reacciones-de-duelo-por-edad\/"},"modified":"2020-11-28T15:57:10","modified_gmt":"2020-11-28T21:57:10","slug":"reacciones-de-duelo-por-edad","status":"publish","type":"page","link":"https:\/\/original.willowhouse.org\/es\/reacciones-de-duelo-por-edad\/","title":{"rendered":"Reacciones de duelo por edad"},"content":{"rendered":"\t\t<div data-elementor-type=\"wp-post\" data-elementor-id=\"4733\" class=\"elementor elementor-4733 elementor-884\">\n\t\t\t\t\t\t<div class=\"elementor-inner\">\n\t\t\t\t<div class=\"elementor-section-wrap\">\n\t\t\t\t\t\t\t\t\t<section class=\"elementor-section elementor-top-section elementor-element elementor-element-9f elementor-section-stretched elementor-section-full_width elementor-section-height-min-height elementor-section-height-default elementor-section-items-middle\" data-id=\"9f\" data-element_type=\"section\" data-settings=\"{&quot;stretch_section&quot;:&quot;section-stretched&quot;,&quot;background_background&quot;:&quot;classic&quot;}\">\n\t\t\t\t\t\t<div class=\"elementor-container elementor-column-gap-default\">\n\t\t\t\t\t\t\t<div class=\"elementor-row\">\n\t\t\t\t\t<div class=\"elementor-column elementor-col-100 elementor-top-column elementor-element elementor-element-7e17\" data-id=\"7e17\" data-element_type=\"column\">\n\t\t\t<div class=\"elementor-column-wrap elementor-element-populated\">\n\t\t\t\t\t\t\t<div class=\"elementor-widget-wrap\">\n\t\t\t\t\t\t<div class=\"elementor-element elementor-element-3c7e elementor-widget elementor-widget-heading\" data-id=\"3c7e\" data-element_type=\"widget\" data-widget_type=\"heading.default\">\n\t\t\t\t<div class=\"elementor-widget-container\">\n\t\t\t<h1 class=\"elementor-heading-title elementor-size-default\">Reacciones de duelo por edad<\/h1>\t\t<\/div>\n\t\t\t\t<\/div>\n\t\t\t\t\t\t<\/div>\n\t\t\t\t\t<\/div>\n\t\t<\/div>\n\t\t\t\t\t\t\t\t<\/div>\n\t\t\t\t\t<\/div>\n\t\t<\/section>\n\t\t\t\t<section class=\"elementor-section elementor-top-section elementor-element elementor-element-74b2b18 elementor-section-content-bottom elementor-section-stretched elementor-section-boxed elementor-section-height-default elementor-section-height-default\" data-id=\"74b2b18\" data-element_type=\"section\" data-settings=\"{&quot;stretch_section&quot;:&quot;section-stretched&quot;,&quot;background_background&quot;:&quot;classic&quot;}\">\n\t\t\t\t\t\t<div class=\"elementor-container elementor-column-gap-default\">\n\t\t\t\t\t\t\t<div class=\"elementor-row\">\n\t\t\t\t\t<div class=\"elementor-column elementor-col-100 elementor-top-column elementor-element elementor-element-3179437\" data-id=\"3179437\" data-element_type=\"column\">\n\t\t\t<div class=\"elementor-column-wrap elementor-element-populated\">\n\t\t\t\t\t\t\t<div class=\"elementor-widget-wrap\">\n\t\t\t\t\t\t<div class=\"elementor-element elementor-element-a18a43c elementor-widget elementor-widget-text-editor\" data-id=\"a18a43c\" data-element_type=\"widget\" data-widget_type=\"text-editor.default\">\n\t\t\t\t<div class=\"elementor-widget-container\">\n\t\t\t\t\t\t\t\t<div class=\"elementor-text-editor elementor-clearfix\">\n\t\t\t\t<p>Las siguientes son categor\u00edas generales, no todos los ni\u00f1os encajar\u00e1n &#8220;perfectamente&#8221; en uno de estos grupos. Puede ser \u00fatil leer cada grupo para comprender mejor c\u00f3mo el dolor afecta a los ni\u00f1os y adolescentes de diferentes edades. <strong>Tenga en cuenta que cada ni\u00f1o es diferente y el dolor se ve diferente para todos.<\/strong><\/p>\n\t\t\t\t\t<\/div>\n\t\t\t\t\t\t<\/div>\n\t\t\t\t<\/div>\n\t\t\t\t\t\t<\/div>\n\t\t\t\t\t<\/div>\n\t\t<\/div>\n\t\t\t\t\t\t\t\t<\/div>\n\t\t\t\t\t<\/div>\n\t\t<\/section>\n\t\t\t\t<section class=\"elementor-section elementor-top-section elementor-element elementor-element-ada21c7 elementor-section-stretched elementor-section-boxed elementor-section-height-default elementor-section-height-default\" data-id=\"ada21c7\" data-element_type=\"section\" data-settings=\"{&quot;stretch_section&quot;:&quot;section-stretched&quot;,&quot;background_background&quot;:&quot;classic&quot;}\">\n\t\t\t\t\t\t<div class=\"elementor-container elementor-column-gap-default\">\n\t\t\t\t\t\t\t<div class=\"elementor-row\">\n\t\t\t\t\t<div class=\"elementor-column elementor-col-100 elementor-top-column elementor-element elementor-element-0175fe1\" data-id=\"0175fe1\" data-element_type=\"column\">\n\t\t\t<div class=\"elementor-column-wrap elementor-element-populated\">\n\t\t\t\t\t\t\t<div class=\"elementor-widget-wrap\">\n\t\t\t\t\t\t<div class=\"elementor-element elementor-element-b891ba2 elementor-widget elementor-widget-toggle\" data-id=\"b891ba2\" data-element_type=\"widget\" data-widget_type=\"toggle.default\">\n\t\t\t\t<div class=\"elementor-widget-container\">\n\t\t\t\t\t<div class=\"elementor-toggle\" role=\"tablist\">\n\t\t\t\t\t\t\t<div class=\"elementor-toggle-item\">\n\t\t\t\t\t<div id=\"elementor-tab-title-1931\" class=\"elementor-tab-title\" data-tab=\"1\" role=\"tab\" aria-controls=\"elementor-tab-content-1931\" aria-expanded=\"false\">\n\t\t\t\t\t\t\t\t\t\t\t\t<span class=\"elementor-toggle-icon elementor-toggle-icon-left\" aria-hidden=\"true\">\n\t\t\t\t\t\t\t\t\t\t\t\t\t\t\t<span class=\"elementor-toggle-icon-closed\"><i class=\"fas fa-caret-right\"><\/i><\/span>\n\t\t\t\t\t\t\t\t<span class=\"elementor-toggle-icon-opened\"><i class=\"elementor-toggle-icon-opened fas fa-caret-up\"><\/i><\/span>\n\t\t\t\t\t\t\t\t\t\t\t\t\t<\/span>\n\t\t\t\t\t\t\t\t\t\t\t\t<a href=\"\" class=\"elementor-toggle-title\">Un ni\u00f1o peque\u00f1o: 3-5 a\u00f1os de edad<\/a>\n\t\t\t\t\t<\/div>\n\n\t\t\t\t\t<div id=\"elementor-tab-content-1931\" class=\"elementor-tab-content elementor-clearfix\" data-tab=\"1\" role=\"tabpanel\" aria-labelledby=\"elementor-tab-title-1931\"><h4><span style=\"font-size: 28px; font-family: atami; font-weight: normal; color: #005bac;\">Comprensi\u00f3n<\/span><\/h4>\n<ul>\n<li>Ve la muerte como algo temporal, cree que la persona regresar\u00e1 o que puede ser visitada<\/li>\n<li>Tiene dificultad para manejar conceptos como el cielo, el alma o el esp\u00edritu<\/li>\n<li>Siente tristeza, pero a menudo por poco tiempo y a menudo se escapa al juego, dando a los adultos la impresi\u00f3n de que el ni\u00f1o no est\u00e1 realmente afligido<\/li>\n<li>Sustituye el apego a otra persona a cambio del apego a la persona que muri\u00f3<\/li>\n<li>Necesita una rutina diaria, estructura, afecto y tranquilidad<\/li>\n<li>Los comportamientos de actuaci\u00f3n incluyen: regresi\u00f3n, pesadillas, agresi\u00f3n, incumplimiento<\/li>\n<\/ul>\n<p>&nbsp;<\/p>\n<h2><span style=\"font-size: 28px; font-family: atami; font-weight: normal; color: #005bac;\">Reacciones de duelo<\/span><\/h2>\n<ul>\n<li>Un ni\u00f1o peque\u00f1o comenzar\u00e1 a examinar la muerte con palabras.<\/li>\n<li>Un ni\u00f1o peque\u00f1o comprende la profundidad del evento, pero es posible que no sepa que la persona se ha ido.<\/li>\n<li>La principal expresi\u00f3n de sentimientos de un ni\u00f1o peque\u00f1o ser\u00e1 a trav\u00e9s de su juego.<\/li>\n<li>Una muerte afecta la sensaci\u00f3n de seguridad de un ni\u00f1o peque\u00f1o.<\/li>\n<li>Un ni\u00f1o peque\u00f1o puede expresar sentimientos fuertes mientras duerme y sue\u00f1a.<\/li>\n<li>Un ni\u00f1o peque\u00f1o puede abordar una p\u00e9rdida de manera m\u00e1s espont\u00e1nea que un adulto y, por lo tanto, puede &#8220;recuperarse&#8221; de ella m\u00e1s r\u00e1pidamente.<\/li>\n<\/ul>\n<\/div>\n\t\t\t\t<\/div>\n\t\t\t\t\t\t\t<div class=\"elementor-toggle-item\">\n\t\t\t\t\t<div id=\"elementor-tab-title-1932\" class=\"elementor-tab-title\" data-tab=\"2\" role=\"tab\" aria-controls=\"elementor-tab-content-1932\" aria-expanded=\"false\">\n\t\t\t\t\t\t\t\t\t\t\t\t<span class=\"elementor-toggle-icon elementor-toggle-icon-left\" aria-hidden=\"true\">\n\t\t\t\t\t\t\t\t\t\t\t\t\t\t\t<span class=\"elementor-toggle-icon-closed\"><i class=\"fas fa-caret-right\"><\/i><\/span>\n\t\t\t\t\t\t\t\t<span class=\"elementor-toggle-icon-opened\"><i class=\"elementor-toggle-icon-opened fas fa-caret-up\"><\/i><\/span>\n\t\t\t\t\t\t\t\t\t\t\t\t\t<\/span>\n\t\t\t\t\t\t\t\t\t\t\t\t<a href=\"\" class=\"elementor-toggle-title\">Ni\u00f1o en edad escolar: 6-10 a\u00f1os de edad<\/a>\n\t\t\t\t\t<\/div>\n\n\t\t\t\t\t<div id=\"elementor-tab-content-1932\" class=\"elementor-tab-content elementor-clearfix\" data-tab=\"2\" role=\"tabpanel\" aria-labelledby=\"elementor-tab-title-1932\"><div class=\"paragraph\">\n<h2><span style=\"font-size: 28px; font-family: atami; font-weight: normal; color: #005bac;\">Comprensi\u00f3n<\/span><\/h2>\n<ul>\n<li style=\"list-style-type: none;\">\n<ul>\n<li>Empieza a comprender que la muerte es definitiva y permanente<\/li>\n<li>Comienza a tener miedo a la muerte y a que otros mueran<\/li>\n<li>Puede sentirse culpable (pensamiento m\u00e1gico) y culparse a s\u00ed mismo por la muerte<\/li>\n<li>Tiene dificultad para expresar problemas y sentimientos en palabras<\/li>\n<li>A menudo hace preguntas concretas y espec\u00edficas sobre la muerte, el cuerpo, etc.<\/li>\n<li>Se identifica fuertemente con el difunto<\/li>\n<\/ul>\n<\/li>\n<\/ul>\n<p>&nbsp;<\/p>\n<h2><span style=\"font-size: 28px; font-family: atami; font-weight: normal; color: #005bac;\">Reacciones de duelo<\/span><\/h2>\n<ul>\n<li>Las conductas de actuaci\u00f3n incluyen: atenci\u00f3n compulsiva, agresi\u00f3n, posesividad, regresi\u00f3n, dolores de cabeza, dolores de est\u00f3mago, fobias<\/li>\n<li>El lenguaje se est\u00e1 convirtiendo en una herramienta m\u00e1s importante en el procesamiento del dolor de un ni\u00f1o.<\/li>\n<li>Expresiones f\u00edsicas del dolor que un ni\u00f1o no tiene las palabras para expresar.<\/li>\n<li>La familia es la principal seguridad de un ni\u00f1o en duelo.<\/li>\n<li>Las relaciones con los compa\u00f1eros pueden ayudar a apoyar a un ni\u00f1o durante un momento de duelo y ayudar a evitar que se sienta diferente.<\/li>\n<li>Las responsabilidades y los resultados escolares pueden verse afectados<\/li>\n<\/ul>\n<\/div>\n<div><\/div>\n<\/div>\n\t\t\t\t<\/div>\n\t\t\t\t\t\t\t<div class=\"elementor-toggle-item\">\n\t\t\t\t\t<div id=\"elementor-tab-title-1933\" class=\"elementor-tab-title\" data-tab=\"3\" role=\"tab\" aria-controls=\"elementor-tab-content-1933\" aria-expanded=\"false\">\n\t\t\t\t\t\t\t\t\t\t\t\t<span class=\"elementor-toggle-icon elementor-toggle-icon-left\" aria-hidden=\"true\">\n\t\t\t\t\t\t\t\t\t\t\t\t\t\t\t<span class=\"elementor-toggle-icon-closed\"><i class=\"fas fa-caret-right\"><\/i><\/span>\n\t\t\t\t\t\t\t\t<span class=\"elementor-toggle-icon-opened\"><i class=\"elementor-toggle-icon-opened fas fa-caret-up\"><\/i><\/span>\n\t\t\t\t\t\t\t\t\t\t\t\t\t<\/span>\n\t\t\t\t\t\t\t\t\t\t\t\t<a href=\"\" class=\"elementor-toggle-title\">Preadolescente: 11-13 a\u00f1os<\/a>\n\t\t\t\t\t<\/div>\n\n\t\t\t\t\t<div id=\"elementor-tab-content-1933\" class=\"elementor-tab-content elementor-clearfix\" data-tab=\"3\" role=\"tabpanel\" aria-labelledby=\"elementor-tab-title-1933\"><h2><span style=\"font-size: 28px; font-family: atami; font-weight: normal; color: #005bac;\">Comprensi\u00f3n<\/span><\/h2>\n<ul>\n<li>Reconoce que la muerte es inevitable e irreversible<\/li>\n<li>Puede ver la muerte como un castigo<\/li>\n<li>Retiene algunos elementos del pensamiento m\u00e1gico<\/li>\n<li>A menudo es muy curioso e interesado en los detalles &#8220;sangrientos&#8221;<\/li>\n<li>Puede presentar sus propias teor\u00edas o explicaciones de las razones de la muerte<\/li>\n<li>Puede tener muchas preguntas pr\u00e1cticas sobre el cuerpo, el funeral, etc.<\/li>\n<li>Actuar comportamientos incluyen: agresi\u00f3n, posesividad, dolores de cabeza, dolores de est\u00f3mago, fobias, desaf\u00edo<\/li>\n<\/ul>\n<p>&nbsp;<\/p>\n<h2><span style=\"font-size: 28px; font-family: atami; font-weight: normal; color: #005bac;\">Reacciones de duelo<\/span><\/h2>\n<ul>\n<li>El preadolescente es una persona joven llena de comportamientos cambiantes durante el duelo. La confusi\u00f3n emocional se ve agravada por el cambio f\u00edsico.<\/li>\n<li>El preadolescente puede ir y venir en el apoyo de la dependencia de la familia a los compa\u00f1eros.<\/li>\n<li>El preadolescente comienza a entablar una discusi\u00f3n que integra eventos importantes en su vida, pero a\u00fan son necesarias salidas f\u00edsicas para las emociones.<\/li>\n<\/ul>\n<\/div>\n\t\t\t\t<\/div>\n\t\t\t\t\t\t\t<div class=\"elementor-toggle-item\">\n\t\t\t\t\t<div id=\"elementor-tab-title-1934\" class=\"elementor-tab-title\" data-tab=\"4\" role=\"tab\" aria-controls=\"elementor-tab-content-1934\" aria-expanded=\"false\">\n\t\t\t\t\t\t\t\t\t\t\t\t<span class=\"elementor-toggle-icon elementor-toggle-icon-left\" aria-hidden=\"true\">\n\t\t\t\t\t\t\t\t\t\t\t\t\t\t\t<span class=\"elementor-toggle-icon-closed\"><i class=\"fas fa-caret-right\"><\/i><\/span>\n\t\t\t\t\t\t\t\t<span class=\"elementor-toggle-icon-opened\"><i class=\"elementor-toggle-icon-opened fas fa-caret-up\"><\/i><\/span>\n\t\t\t\t\t\t\t\t\t\t\t\t\t<\/span>\n\t\t\t\t\t\t\t\t\t\t\t\t<a href=\"\" class=\"elementor-toggle-title\">Adolescencia: 14-19 a\u00f1os<\/a>\n\t\t\t\t\t<\/div>\n\n\t\t\t\t\t<div id=\"elementor-tab-content-1934\" class=\"elementor-tab-content elementor-clearfix\" data-tab=\"4\" role=\"tabpanel\" aria-labelledby=\"elementor-tab-title-1934\"><div class=\"paragraph\">\n<h2><span style=\"font-size: 28px; font-family: atami; font-weight: normal; color: #005bac;\">Comprensi\u00f3n<\/span><\/h2>\n<ul>\n<li>Se acerca al nivel de adultos de conceptos<\/li>\n<li>Puede preocuparse o pensar en su propia muerte<\/li>\n<li>A menudo evita las discusiones sobre la muerte<\/li>\n<li>Teme &#8220;verse diferente&#8221;<\/li>\n<li>Puede cuestionar las creencias religiosas<\/li>\n<li>A menudo enojado con el difunto<\/li>\n<li>Puede temer el futuro<\/li>\n<li>Los comportamientos de comportamiento incluyen: agresi\u00f3n, posesividad, dolores de cabeza , dolores de est\u00f3mago, fobias, aumento de la actividad sexual, aumento del uso de drogas, aumento de la toma de riesgos, desaf\u00edo, ideaci\u00f3n suicida.<\/li>\n<\/ul>\n<p>&nbsp;<\/p>\n<h2><span style=\"font-size: 28px; font-family: atami; font-weight: normal; color: #005bac;\">Reacciones de duelo<\/span><\/h2>\n<ul>\n<li>La discusi\u00f3n de los eventos cr\u00edticos se convierte en el medio principal para procesar el duelo.<\/li>\n<li>Los adolescentes pueden sentirse muy cohibidos por ser diferentes debido al dolor.<\/li>\n<li>Los adolescentes son egoc\u00e9ntricos y, por lo tanto, tienen un sentido exagerado de su propio papel con respecto a la muerte.<\/li>\n<li>Los adolescentes pueden luchar contra su vulnerabilidad en el duelo porque puede hacer que se sientan m\u00e1s dependientes de su familia en un momento en que luchan por la independencia.<\/li>\n<li>Los adolescentes se ven afectados f\u00edsicamente por el proceso de duelo, especialmente en sus patrones de sue\u00f1o y alimentaci\u00f3n.<\/li>\n<\/ul>\n<\/div>\n<div><\/div>\n<p>&nbsp;<\/p>\n<div><em> &#8211; Adaptado del Centro Dougy para Ni\u00f1os Afligidos<\/em><\/div>\n<\/div>\n\t\t\t\t<\/div>\n\t\t\t\t\t\t\t\t<\/div>\n\t\t\t\t<\/div>\n\t\t\t\t<\/div>\n\t\t\t\t\t\t<\/div>\n\t\t\t\t\t<\/div>\n\t\t<\/div>\n\t\t\t\t\t\t\t\t<\/div>\n\t\t\t\t\t<\/div>\n\t\t<\/section>\n\t\t\t\t\t\t\t\t\t<\/div>\n\t\t\t<\/div>\n\t\t\t\t\t<\/div>\n\t\t","protected":false},"excerpt":{"rendered":"<p>Reacciones de duelo por edad Las siguientes son categor\u00edas generales, no todos los ni\u00f1os encajar\u00e1n &#8220;perfectamente&#8221; en uno de estos grupos. Puede ser \u00fatil leer&hellip;<\/p>\n","protected":false},"author":2,"featured_media":4290,"parent":0,"menu_order":0,"comment_status":"closed","ping_status":"closed","template":"","meta":[],"yoast_head":"<!-- This site is optimized with the Yoast SEO plugin v19.3 - https:\/\/yoast.com\/wordpress\/plugins\/seo\/ -->\n<title>Reacciones de duelo por edad<\/title>\n<meta name=\"description\" content=\"Las siguientes son categor\u00edas generales de reacciones de duelo por edad, no todos los ni\u00f1os encajar\u00e1n \u201cperfectamente\u201d en uno de estos grupos. Cada ni\u00f1o es diferente.\" \/>\n<meta name=\"robots\" content=\"index, follow, max-snippet:-1, max-image-preview:large, max-video-preview:-1\" \/>\n<link rel=\"canonical\" href=\"https:\/\/original.willowhouse.org\/es\/reacciones-de-duelo-por-edad\/\" \/>\n<meta property=\"og:locale\" content=\"es_ES\" \/>\n<meta property=\"og:type\" content=\"article\" \/>\n<meta property=\"og:title\" content=\"Reacciones de duelo por edad\" \/>\n<meta property=\"og:description\" content=\"Las siguientes son categor\u00edas generales de reacciones de duelo por edad, no todos los ni\u00f1os encajar\u00e1n \u201cperfectamente\u201d en uno de estos grupos. Cada ni\u00f1o es diferente.\" \/>\n<meta property=\"og:url\" content=\"https:\/\/original.willowhouse.org\/es\/reacciones-de-duelo-por-edad\/\" \/>\n<meta property=\"og:site_name\" content=\"Willow House\" \/>\n<meta property=\"article:modified_time\" content=\"2020-11-28T21:57:10+00:00\" \/>\n<meta property=\"og:image\" content=\"https:\/\/original.willowhouse.org\/wp-content\/uploads\/2019\/04\/Meta_Tag_Banner-01-1024x538.png\" \/>\n\t<meta property=\"og:image:width\" content=\"1024\" \/>\n\t<meta property=\"og:image:height\" content=\"538\" \/>\n\t<meta property=\"og:image:type\" content=\"image\/png\" \/>\n<meta name=\"twitter:card\" content=\"summary_large_image\" \/>\n<meta name=\"twitter:label1\" content=\"Tiempo de lectura\" \/>\n\t<meta name=\"twitter:data1\" content=\"4 minutos\" \/>\n<!-- \/ Yoast SEO plugin. -->","yoast_head_json":{"title":"Reacciones de duelo por edad","description":"Las siguientes son categor\u00edas generales de reacciones de duelo por edad, no todos los ni\u00f1os encajar\u00e1n \u201cperfectamente\u201d en uno de estos grupos. Cada ni\u00f1o es diferente.","robots":{"index":"index","follow":"follow","max-snippet":"max-snippet:-1","max-image-preview":"max-image-preview:large","max-video-preview":"max-video-preview:-1"},"canonical":"https:\/\/original.willowhouse.org\/es\/reacciones-de-duelo-por-edad\/","og_locale":"es_ES","og_type":"article","og_title":"Reacciones de duelo por edad","og_description":"Las siguientes son categor\u00edas generales de reacciones de duelo por edad, no todos los ni\u00f1os encajar\u00e1n \u201cperfectamente\u201d en uno de estos grupos. Cada ni\u00f1o es diferente.","og_url":"https:\/\/original.willowhouse.org\/es\/reacciones-de-duelo-por-edad\/","og_site_name":"Willow House","article_modified_time":"2020-11-28T21:57:10+00:00","og_image":[{"width":1024,"height":538,"url":"https:\/\/original.willowhouse.org\/wp-content\/uploads\/2019\/04\/Meta_Tag_Banner-01-1024x538.png","type":"image\/png"}],"twitter_card":"summary_large_image","twitter_misc":{"Tiempo de lectura":"4 minutos"},"schema":{"@context":"https:\/\/schema.org","@graph":[{"@type":"Organization","@id":"https:\/\/original.willowhouse.org\/#organization","name":"Willow House","url":"https:\/\/original.willowhouse.org\/","sameAs":[],"logo":{"@type":"ImageObject","inLanguage":"es","@id":"https:\/\/original.willowhouse.org\/#\/schema\/logo\/image\/","url":"https:\/\/original.willowhouse.org\/wp-content\/uploads\/2019\/04\/WH_Logo_Horiz_tagline-1.png","contentUrl":"https:\/\/original.willowhouse.org\/wp-content\/uploads\/2019\/04\/WH_Logo_Horiz_tagline-1.png","width":1947,"height":576,"caption":"Willow House"},"image":{"@id":"https:\/\/original.willowhouse.org\/#\/schema\/logo\/image\/"}},{"@type":"WebSite","@id":"https:\/\/original.willowhouse.org\/#website","url":"https:\/\/original.willowhouse.org\/","name":"Willow House","description":"Where HOPE lives and HEALING begins.","publisher":{"@id":"https:\/\/original.willowhouse.org\/#organization"},"potentialAction":[{"@type":"SearchAction","target":{"@type":"EntryPoint","urlTemplate":"https:\/\/original.willowhouse.org\/?s={search_term_string}"},"query-input":"required name=search_term_string"}],"inLanguage":"es"},{"@type":"ImageObject","inLanguage":"es","@id":"https:\/\/original.willowhouse.org\/es\/reacciones-de-duelo-por-edad\/#primaryimage","url":"https:\/\/original.willowhouse.org\/wp-content\/uploads\/2019\/04\/Meta_Tag_Banner-01.png","contentUrl":"https:\/\/original.willowhouse.org\/wp-content\/uploads\/2019\/04\/Meta_Tag_Banner-01.png","width":5000,"height":2625,"caption":"Willow House"},{"@type":"WebPage","@id":"https:\/\/original.willowhouse.org\/es\/reacciones-de-duelo-por-edad\/","url":"https:\/\/original.willowhouse.org\/es\/reacciones-de-duelo-por-edad\/","name":"Reacciones de duelo por edad","isPartOf":{"@id":"https:\/\/original.willowhouse.org\/#website"},"primaryImageOfPage":{"@id":"https:\/\/original.willowhouse.org\/es\/reacciones-de-duelo-por-edad\/#primaryimage"},"datePublished":"2020-11-25T20:03:09+00:00","dateModified":"2020-11-28T21:57:10+00:00","description":"Las siguientes son categor\u00edas generales de reacciones de duelo por edad, no todos los ni\u00f1os encajar\u00e1n \u201cperfectamente\u201d en uno de estos grupos. Cada ni\u00f1o es diferente.","breadcrumb":{"@id":"https:\/\/original.willowhouse.org\/es\/reacciones-de-duelo-por-edad\/#breadcrumb"},"inLanguage":"es","potentialAction":[{"@type":"ReadAction","target":["https:\/\/original.willowhouse.org\/es\/reacciones-de-duelo-por-edad\/"]}]},{"@type":"BreadcrumbList","@id":"https:\/\/original.willowhouse.org\/es\/reacciones-de-duelo-por-edad\/#breadcrumb","itemListElement":[{"@type":"ListItem","position":1,"name":"Home","item":"https:\/\/original.willowhouse.org\/es\/"},{"@type":"ListItem","position":2,"name":"Reacciones de duelo por edad"}]}]}},"_links":{"self":[{"href":"https:\/\/original.willowhouse.org\/es\/wp-json\/wp\/v2\/pages\/4733"}],"collection":[{"href":"https:\/\/original.willowhouse.org\/es\/wp-json\/wp\/v2\/pages"}],"about":[{"href":"https:\/\/original.willowhouse.org\/es\/wp-json\/wp\/v2\/types\/page"}],"author":[{"embeddable":true,"href":"https:\/\/original.willowhouse.org\/es\/wp-json\/wp\/v2\/users\/2"}],"replies":[{"embeddable":true,"href":"https:\/\/original.willowhouse.org\/es\/wp-json\/wp\/v2\/comments?post=4733"}],"version-history":[{"count":10,"href":"https:\/\/original.willowhouse.org\/es\/wp-json\/wp\/v2\/pages\/4733\/revisions"}],"predecessor-version":[{"id":5324,"href":"https:\/\/original.willowhouse.org\/es\/wp-json\/wp\/v2\/pages\/4733\/revisions\/5324"}],"wp:featuredmedia":[{"embeddable":true,"href":"https:\/\/original.willowhouse.org\/es\/wp-json\/wp\/v2\/media\/4290"}],"wp:attachment":[{"href":"https:\/\/original.willowhouse.org\/es\/wp-json\/wp\/v2\/media?parent=4733"}],"curies":[{"name":"wp","href":"https:\/\/api.w.org\/{rel}","templated":true}]}}