{"id":4719,"date":"2020-11-25T13:40:04","date_gmt":"2020-11-25T19:40:04","guid":{"rendered":"https:\/\/willowhouse.org\/donar-bitcoin\/"},"modified":"2020-11-28T15:31:30","modified_gmt":"2020-11-28T21:31:30","slug":"donar-bitcoin","status":"publish","type":"page","link":"https:\/\/original.willowhouse.org\/es\/donar-bitcoin\/","title":{"rendered":"Donar Bitcoin"},"content":{"rendered":"\t\t<div data-elementor-type=\"wp-post\" data-elementor-id=\"4719\" class=\"elementor elementor-4719 elementor-1528\">\n\t\t\t\t\t\t<div class=\"elementor-inner\">\n\t\t\t\t<div class=\"elementor-section-wrap\">\n\t\t\t\t\t\t\t\t\t<section class=\"elementor-section elementor-top-section elementor-element elementor-element-58cc elementor-section-stretched elementor-section-full_width elementor-section-height-min-height elementor-section-height-default elementor-section-items-middle\" data-id=\"58cc\" data-element_type=\"section\" data-settings=\"{&quot;stretch_section&quot;:&quot;section-stretched&quot;,&quot;background_background&quot;:&quot;classic&quot;}\">\n\t\t\t\t\t\t<div class=\"elementor-container elementor-column-gap-default\">\n\t\t\t\t\t\t\t<div class=\"elementor-row\">\n\t\t\t\t\t<div class=\"elementor-column elementor-col-100 elementor-top-column elementor-element elementor-element-1fc5\" data-id=\"1fc5\" data-element_type=\"column\">\n\t\t\t<div class=\"elementor-column-wrap elementor-element-populated\">\n\t\t\t\t\t\t\t<div class=\"elementor-widget-wrap\">\n\t\t\t\t\t\t<div class=\"elementor-element elementor-element-7a11 elementor-widget elementor-widget-heading\" data-id=\"7a11\" data-element_type=\"widget\" data-widget_type=\"heading.default\">\n\t\t\t\t<div class=\"elementor-widget-container\">\n\t\t\t<h1 class=\"elementor-heading-title elementor-size-default\">Donar Bitcoin<\/h1>\t\t<\/div>\n\t\t\t\t<\/div>\n\t\t\t\t\t\t<\/div>\n\t\t\t\t\t<\/div>\n\t\t<\/div>\n\t\t\t\t\t\t\t\t<\/div>\n\t\t\t\t\t<\/div>\n\t\t<\/section>\n\t\t\t\t<section class=\"elementor-section elementor-top-section elementor-element elementor-element-3a28 elementor-section-stretched elementor-section-height-min-height elementor-section-boxed elementor-section-height-default elementor-section-items-middle\" data-id=\"3a28\" data-element_type=\"section\" data-settings=\"{&quot;stretch_section&quot;:&quot;section-stretched&quot;,&quot;background_background&quot;:&quot;classic&quot;}\">\n\t\t\t\t\t\t<div class=\"elementor-container elementor-column-gap-default\">\n\t\t\t\t\t\t\t<div class=\"elementor-row\">\n\t\t\t\t\t<div class=\"elementor-column elementor-col-100 elementor-top-column elementor-element elementor-element-7385\" data-id=\"7385\" data-element_type=\"column\">\n\t\t\t<div class=\"elementor-column-wrap elementor-element-populated\">\n\t\t\t\t\t\t\t<div class=\"elementor-widget-wrap\">\n\t\t\t\t\t\t<div class=\"elementor-element elementor-element-0d4377f elementor-widget elementor-widget-heading\" data-id=\"0d4377f\" data-element_type=\"widget\" data-widget_type=\"heading.default\">\n\t\t\t\t<div class=\"elementor-widget-container\">\n\t\t\t<h2 class=\"elementor-heading-title elementor-size-default\">Donar Criptomonedas<\/h2>\t\t<\/div>\n\t\t\t\t<\/div>\n\t\t\t\t<div class=\"elementor-element elementor-element-811d377 elementor-widget elementor-widget-text-editor\" data-id=\"811d377\" data-element_type=\"widget\" data-widget_type=\"text-editor.default\">\n\t\t\t\t<div class=\"elementor-widget-container\">\n\t\t\t\t\t\t\t\t<div class=\"elementor-text-editor elementor-clearfix\">\n\t\t\t\t<p style=\"text-align: left;\">Al contribuir con criptomonedas a Willow House, su deducci\u00f3n de impuestos y donaciones caritativas pueden aumentar. Las organizaciones ben\u00e9ficas est\u00e1n exentas de pagar ganancias de capital por la venta de activos, por lo que el valor total de su regalo permanece intacto.<\/p>\n<p style=\"text-align: left;\">Willow House existe porque creemos que ning\u00fan ni\u00f1o, el adolescente o la familia deben llorar solos. Gracias por ayudarnos a continuar haciendo posible Willow House. Haga clic a continuaci\u00f3n para donar ahora:<\/p>\n\t\t\t\t\t<\/div>\n\t\t\t\t\t\t<\/div>\n\t\t\t\t<\/div>\n\t\t\t\t<div class=\"elementor-element elementor-element-3b60933 elementor-widget elementor-widget-html\" data-id=\"3b60933\" data-element_type=\"widget\" data-widget_type=\"html.default\">\n\t\t\t\t<div class=\"elementor-widget-container\">\n\t\t\t<div>\r\n    <center>\r\n  <a class=\"donate-with-crypto\"\r\n     href=\"https:\/\/commerce.coinbase.com\/checkout\/2c2de35b-3f55-4465-8ecf-451801506e76\">\r\n    Donar con Crypto\r\n  <\/a>\r\n  <script src=\"https:\/\/commerce.coinbase.com\/v1\/checkout.js?version=201807\">\r\n  <\/script>\r\n  <\/center>\r\n<\/div>\t\t<\/div>\n\t\t\t\t<\/div>\n\t\t\t\t<div class=\"elementor-element elementor-element-3653bb9 elementor-widget elementor-widget-spacer\" data-id=\"3653bb9\" data-element_type=\"widget\" data-widget_type=\"spacer.default\">\n\t\t\t\t<div class=\"elementor-widget-container\">\n\t\t\t\t\t<div class=\"elementor-spacer\">\n\t\t\t<div class=\"elementor-spacer-inner\"><\/div>\n\t\t<\/div>\n\t\t\t\t<\/div>\n\t\t\t\t<\/div>\n\t\t\t\t<div class=\"elementor-element elementor-element-469a837 elementor-widget elementor-widget-text-editor\" data-id=\"469a837\" data-element_type=\"widget\" data-widget_type=\"text-editor.default\">\n\t\t\t\t<div class=\"elementor-widget-container\">\n\t\t\t\t\t\t\t\t<div class=\"elementor-text-editor elementor-clearfix\">\n\t\t\t\t<p><span style=\"font-size: 16px;\">Si tiene alguna pregunta o desea donar una criptomoneda diferente, comun\u00edquese con <\/span><a style=\"font-size: 16px; background-color: #ffffff;\" href=\"mailto:finance@willowhouse.org\">finance@willowhouse.org<\/a><span style=\"font-size: 16px;\">.<\/span><\/p>\n\t\t\t\t\t<\/div>\n\t\t\t\t\t\t<\/div>\n\t\t\t\t<\/div>\n\t\t\t\t<div class=\"elementor-element elementor-element-4a90fcf elementor-widget-divider--view-line elementor-widget elementor-widget-divider\" data-id=\"4a90fcf\" data-element_type=\"widget\" data-widget_type=\"divider.default\">\n\t\t\t\t<div class=\"elementor-widget-container\">\n\t\t\t\t\t<div class=\"elementor-divider\">\n\t\t\t<span class=\"elementor-divider-separator\">\n\t\t\t\t\t\t<\/span>\n\t\t<\/div>\n\t\t\t\t<\/div>\n\t\t\t\t<\/div>\n\t\t\t\t<div class=\"elementor-element elementor-element-ac57a1c elementor-widget elementor-widget-text-editor\" data-id=\"ac57a1c\" data-element_type=\"widget\" data-widget_type=\"text-editor.default\">\n\t\t\t\t<div class=\"elementor-widget-container\">\n\t\t\t\t\t\t\t\t<div class=\"elementor-text-editor elementor-clearfix\">\n\t\t\t\t<p style=\"text-align: left;\">Willow House es una organizaci\u00f3n sin fines de lucro 501 (c) (3). Su donaci\u00f3n es deducible de impuestos, seg\u00fan lo permita la ley. Nuestro n\u00famero de identificaci\u00f3n fiscal es 36-4236306. Para recibir un comprobante de recepci\u00f3n de sus registros fiscales, env\u00ede tambi\u00e9n el formulario a continuaci\u00f3n:<\/p>\n\t\t\t\t\t<\/div>\n\t\t\t\t\t\t<\/div>\n\t\t\t\t<\/div>\n\t\t\t\t<div class=\"elementor-element elementor-element-84065db elementor-widget elementor-widget-text-editor\" data-id=\"84065db\" data-element_type=\"widget\" data-widget_type=\"text-editor.default\">\n\t\t\t\t<div class=\"elementor-widget-container\">\n\t\t\t\t\t\t\t\t<div class=\"elementor-text-editor elementor-clearfix\">\n\t\t\t\t<p><iframe src=\"https:\/\/docs.google.com\/forms\/d\/e\/1FAIpQLSda-sx6VP59kbrRXHHfCIO1CKGHmOqnFQLARarBjjem8GoOYw\/viewform?embedded=true\" width=\"100%\" height=\"1000\" frameborder=\"0\" marginwidth=\"0\" marginheight=\"0\">Loading&#8230;<\/iframe><\/p>\n\t\t\t\t\t<\/div>\n\t\t\t\t\t\t<\/div>\n\t\t\t\t<\/div>\n\t\t\t\t\t\t<\/div>\n\t\t\t\t\t<\/div>\n\t\t<\/div>\n\t\t\t\t\t\t\t\t<\/div>\n\t\t\t\t\t<\/div>\n\t\t<\/section>\n\t\t\t\t\t\t\t\t\t<\/div>\n\t\t\t<\/div>\n\t\t\t\t\t<\/div>\n\t\t","protected":false},"excerpt":{"rendered":"<p>Donar Bitcoin Donar Criptomonedas Al contribuir con criptomonedas a Willow House, su deducci\u00f3n de impuestos y donaciones caritativas pueden aumentar. Las organizaciones ben\u00e9ficas est\u00e1n exentas&hellip;<\/p>\n","protected":false},"author":2,"featured_media":4290,"parent":0,"menu_order":0,"comment_status":"closed","ping_status":"closed","template":"","meta":[],"yoast_head":"<!-- This site is optimized with the Yoast SEO plugin v19.3 - https:\/\/yoast.com\/wordpress\/plugins\/seo\/ -->\n<title>Donar Bitcoin<\/title>\n<meta name=\"description\" content=\"Contribuir con bitcoins a Willow House significa que su deducci\u00f3n de impuestos y su donaci\u00f3n caritativa pueden aumentar. Las organizaciones ben\u00e9ficas est\u00e1n exentas de pagar ganancias de capital.\" \/>\n<meta name=\"robots\" content=\"index, follow, max-snippet:-1, max-image-preview:large, max-video-preview:-1\" \/>\n<link rel=\"canonical\" href=\"https:\/\/original.willowhouse.org\/es\/donar-bitcoin\/\" \/>\n<meta property=\"og:locale\" content=\"es_ES\" \/>\n<meta property=\"og:type\" content=\"article\" \/>\n<meta property=\"og:title\" content=\"Donar Bitcoin\" \/>\n<meta property=\"og:description\" content=\"Contribuir con bitcoins a Willow House significa que su deducci\u00f3n de impuestos y su donaci\u00f3n caritativa pueden aumentar. Las organizaciones ben\u00e9ficas est\u00e1n exentas de pagar ganancias de capital.\" \/>\n<meta property=\"og:url\" content=\"https:\/\/original.willowhouse.org\/es\/donar-bitcoin\/\" \/>\n<meta property=\"og:site_name\" content=\"Willow House\" \/>\n<meta property=\"article:modified_time\" content=\"2020-11-28T21:31:30+00:00\" \/>\n<meta property=\"og:image\" content=\"https:\/\/original.willowhouse.org\/wp-content\/uploads\/2019\/04\/Meta_Tag_Banner-01-1024x538.png\" \/>\n\t<meta property=\"og:image:width\" content=\"1024\" \/>\n\t<meta property=\"og:image:height\" content=\"538\" \/>\n\t<meta property=\"og:image:type\" content=\"image\/png\" \/>\n<meta name=\"twitter:card\" content=\"summary_large_image\" \/>\n<meta name=\"twitter:label1\" content=\"Tiempo de lectura\" \/>\n\t<meta name=\"twitter:data1\" content=\"1 minuto\" \/>\n<!-- \/ Yoast SEO plugin. -->","yoast_head_json":{"title":"Donar Bitcoin","description":"Contribuir con bitcoins a Willow House significa que su deducci\u00f3n de impuestos y su donaci\u00f3n caritativa pueden aumentar. Las organizaciones ben\u00e9ficas est\u00e1n exentas de pagar ganancias de capital.","robots":{"index":"index","follow":"follow","max-snippet":"max-snippet:-1","max-image-preview":"max-image-preview:large","max-video-preview":"max-video-preview:-1"},"canonical":"https:\/\/original.willowhouse.org\/es\/donar-bitcoin\/","og_locale":"es_ES","og_type":"article","og_title":"Donar Bitcoin","og_description":"Contribuir con bitcoins a Willow House significa que su deducci\u00f3n de impuestos y su donaci\u00f3n caritativa pueden aumentar. Las organizaciones ben\u00e9ficas est\u00e1n exentas de pagar ganancias de capital.","og_url":"https:\/\/original.willowhouse.org\/es\/donar-bitcoin\/","og_site_name":"Willow House","article_modified_time":"2020-11-28T21:31:30+00:00","og_image":[{"width":1024,"height":538,"url":"https:\/\/original.willowhouse.org\/wp-content\/uploads\/2019\/04\/Meta_Tag_Banner-01-1024x538.png","type":"image\/png"}],"twitter_card":"summary_large_image","twitter_misc":{"Tiempo de lectura":"1 minuto"},"schema":{"@context":"https:\/\/schema.org","@graph":[{"@type":"Organization","@id":"https:\/\/original.willowhouse.org\/#organization","name":"Willow House","url":"https:\/\/original.willowhouse.org\/","sameAs":[],"logo":{"@type":"ImageObject","inLanguage":"es","@id":"https:\/\/original.willowhouse.org\/#\/schema\/logo\/image\/","url":"https:\/\/original.willowhouse.org\/wp-content\/uploads\/2019\/04\/WH_Logo_Horiz_tagline-1.png","contentUrl":"https:\/\/original.willowhouse.org\/wp-content\/uploads\/2019\/04\/WH_Logo_Horiz_tagline-1.png","width":1947,"height":576,"caption":"Willow House"},"image":{"@id":"https:\/\/original.willowhouse.org\/#\/schema\/logo\/image\/"}},{"@type":"WebSite","@id":"https:\/\/original.willowhouse.org\/#website","url":"https:\/\/original.willowhouse.org\/","name":"Willow House","description":"Where HOPE lives and HEALING begins.","publisher":{"@id":"https:\/\/original.willowhouse.org\/#organization"},"potentialAction":[{"@type":"SearchAction","target":{"@type":"EntryPoint","urlTemplate":"https:\/\/original.willowhouse.org\/?s={search_term_string}"},"query-input":"required name=search_term_string"}],"inLanguage":"es"},{"@type":"ImageObject","inLanguage":"es","@id":"https:\/\/original.willowhouse.org\/es\/donar-bitcoin\/#primaryimage","url":"https:\/\/original.willowhouse.org\/wp-content\/uploads\/2019\/04\/Meta_Tag_Banner-01.png","contentUrl":"https:\/\/original.willowhouse.org\/wp-content\/uploads\/2019\/04\/Meta_Tag_Banner-01.png","width":5000,"height":2625,"caption":"Willow House"},{"@type":"WebPage","@id":"https:\/\/original.willowhouse.org\/es\/donar-bitcoin\/","url":"https:\/\/original.willowhouse.org\/es\/donar-bitcoin\/","name":"Donar Bitcoin","isPartOf":{"@id":"https:\/\/original.willowhouse.org\/#website"},"primaryImageOfPage":{"@id":"https:\/\/original.willowhouse.org\/es\/donar-bitcoin\/#primaryimage"},"datePublished":"2020-11-25T19:40:04+00:00","dateModified":"2020-11-28T21:31:30+00:00","description":"Contribuir con bitcoins a Willow House significa que su deducci\u00f3n de impuestos y su donaci\u00f3n caritativa pueden aumentar. Las organizaciones ben\u00e9ficas est\u00e1n exentas de pagar ganancias de capital.","breadcrumb":{"@id":"https:\/\/original.willowhouse.org\/es\/donar-bitcoin\/#breadcrumb"},"inLanguage":"es","potentialAction":[{"@type":"ReadAction","target":["https:\/\/original.willowhouse.org\/es\/donar-bitcoin\/"]}]},{"@type":"BreadcrumbList","@id":"https:\/\/original.willowhouse.org\/es\/donar-bitcoin\/#breadcrumb","itemListElement":[{"@type":"ListItem","position":1,"name":"Home","item":"https:\/\/original.willowhouse.org\/es\/"},{"@type":"ListItem","position":2,"name":"Donar Bitcoin"}]}]}},"_links":{"self":[{"href":"https:\/\/original.willowhouse.org\/es\/wp-json\/wp\/v2\/pages\/4719"}],"collection":[{"href":"https:\/\/original.willowhouse.org\/es\/wp-json\/wp\/v2\/pages"}],"about":[{"href":"https:\/\/original.willowhouse.org\/es\/wp-json\/wp\/v2\/types\/page"}],"author":[{"embeddable":true,"href":"https:\/\/original.willowhouse.org\/es\/wp-json\/wp\/v2\/users\/2"}],"replies":[{"embeddable":true,"href":"https:\/\/original.willowhouse.org\/es\/wp-json\/wp\/v2\/comments?post=4719"}],"version-history":[{"count":9,"href":"https:\/\/original.willowhouse.org\/es\/wp-json\/wp\/v2\/pages\/4719\/revisions"}],"predecessor-version":[{"id":5290,"href":"https:\/\/original.willowhouse.org\/es\/wp-json\/wp\/v2\/pages\/4719\/revisions\/5290"}],"wp:featuredmedia":[{"embeddable":true,"href":"https:\/\/original.willowhouse.org\/es\/wp-json\/wp\/v2\/media\/4290"}],"wp:attachment":[{"href":"https:\/\/original.willowhouse.org\/es\/wp-json\/wp\/v2\/media?parent=4719"}],"curies":[{"name":"wp","href":"https:\/\/api.w.org\/{rel}","templated":true}]}}