{"id":4706,"date":"2020-11-25T13:00:34","date_gmt":"2020-11-25T19:00:34","guid":{"rendered":"https:\/\/willowhouse.org\/sobrellevar-el-dolor-durante-las-vacaciones\/"},"modified":"2020-11-28T14:33:39","modified_gmt":"2020-11-28T20:33:39","slug":"sobrellevar-el-dolor-durante-las-vacaciones","status":"publish","type":"page","link":"https:\/\/original.willowhouse.org\/es\/sobrellevar-el-dolor-durante-las-vacaciones\/","title":{"rendered":"Sobrellevar el dolor durante las vacaciones"},"content":{"rendered":"\t\t<div data-elementor-type=\"wp-post\" data-elementor-id=\"4706\" class=\"elementor elementor-4706 elementor-833\">\n\t\t\t\t\t\t<div class=\"elementor-inner\">\n\t\t\t\t<div class=\"elementor-section-wrap\">\n\t\t\t\t\t\t\t\t\t<section class=\"elementor-section elementor-top-section elementor-element elementor-element-58cc elementor-section-stretched elementor-section-full_width elementor-section-height-min-height elementor-section-height-default elementor-section-items-middle\" data-id=\"58cc\" data-element_type=\"section\" data-settings=\"{&quot;stretch_section&quot;:&quot;section-stretched&quot;,&quot;background_background&quot;:&quot;classic&quot;}\">\n\t\t\t\t\t\t<div class=\"elementor-container elementor-column-gap-default\">\n\t\t\t\t\t\t\t<div class=\"elementor-row\">\n\t\t\t\t\t<div class=\"elementor-column elementor-col-100 elementor-top-column elementor-element elementor-element-1fc5\" data-id=\"1fc5\" data-element_type=\"column\">\n\t\t\t<div class=\"elementor-column-wrap elementor-element-populated\">\n\t\t\t\t\t\t\t<div class=\"elementor-widget-wrap\">\n\t\t\t\t\t\t<div class=\"elementor-element elementor-element-7a11 elementor-widget elementor-widget-heading\" data-id=\"7a11\" data-element_type=\"widget\" data-widget_type=\"heading.default\">\n\t\t\t\t<div class=\"elementor-widget-container\">\n\t\t\t<h1 class=\"elementor-heading-title elementor-size-default\">Sobrellevar el dolor durante las vacaciones<\/h1>\t\t<\/div>\n\t\t\t\t<\/div>\n\t\t\t\t\t\t<\/div>\n\t\t\t\t\t<\/div>\n\t\t<\/div>\n\t\t\t\t\t\t\t\t<\/div>\n\t\t\t\t\t<\/div>\n\t\t<\/section>\n\t\t\t\t<section class=\"elementor-section elementor-top-section elementor-element elementor-element-3a28 elementor-section-stretched elementor-section-height-min-height elementor-section-boxed elementor-section-height-default elementor-section-items-middle\" data-id=\"3a28\" data-element_type=\"section\" data-settings=\"{&quot;stretch_section&quot;:&quot;section-stretched&quot;,&quot;background_background&quot;:&quot;classic&quot;}\">\n\t\t\t\t\t\t<div class=\"elementor-container elementor-column-gap-default\">\n\t\t\t\t\t\t\t<div class=\"elementor-row\">\n\t\t\t\t\t<div class=\"elementor-column elementor-col-100 elementor-top-column elementor-element elementor-element-7385\" data-id=\"7385\" data-element_type=\"column\">\n\t\t\t<div class=\"elementor-column-wrap elementor-element-populated\">\n\t\t\t\t\t\t\t<div class=\"elementor-widget-wrap\">\n\t\t\t\t\t\t<div class=\"elementor-element elementor-element-fb721a1 elementor-widget elementor-widget-heading\" data-id=\"fb721a1\" data-element_type=\"widget\" data-widget_type=\"heading.default\">\n\t\t\t\t<div class=\"elementor-widget-container\">\n\t\t\t<h2 class=\"elementor-heading-title elementor-size-default\">Habla de tu dolor y de tu ser querido<\/h2>\t\t<\/div>\n\t\t\t\t<\/div>\n\t\t\t\t<div class=\"elementor-element elementor-element-277 elementor-widget elementor-widget-text-editor\" data-id=\"277\" data-element_type=\"widget\" data-widget_type=\"text-editor.default\">\n\t\t\t\t<div class=\"elementor-widget-container\">\n\t\t\t\t\t\t\t\t<div class=\"elementor-text-editor elementor-clearfix\">\n\t\t\t\t<p>Durante la temporada navide\u00f1a, no tema expresar sus sentimientos de dolor. Ignorar tu dolor no har\u00e1 que el dolor desaparezca y hablar de \u00e9l abiertamente te har\u00e1 sentir mejor&#8230;<\/p>\n\t\t\t\t\t<\/div>\n\t\t\t\t\t\t<\/div>\n\t\t\t\t<\/div>\n\t\t\t\t<div class=\"elementor-element elementor-element-d5988c8 elementor-widget elementor-widget-text-editor\" data-id=\"d5988c8\" data-element_type=\"widget\" data-widget_type=\"text-editor.default\">\n\t\t\t\t<div class=\"elementor-widget-container\">\n\t\t\t\t\t\t\t\t<div class=\"elementor-text-editor elementor-clearfix\">\n\t\t\t\t<p>Pasar tanto tiempo como <img class=\"alignleft wp-image-4000 size-full\" src=\"https:\/\/willowhouse.org\/\/wp-content\/uploads\/2019\/02\/4086367-orig.jpg\" alt=\"\" width=\"400\" height=\"267\" srcset=\"https:\/\/original.willowhouse.org\/wp-content\/uploads\/2019\/02\/4086367-orig.jpg 400w, https:\/\/original.willowhouse.org\/wp-content\/uploads\/2019\/02\/4086367-orig-300x200.jpg 300w\" sizes=\"(max-width: 400px) 100vw, 400px\" \/>posible con amigos y familiares puede ayudarlo a sentirse comprendido y validado en su dolor. Incluya el nombre de su ser querido en sus conversaciones durante las vacaciones. Si puede hablar abiertamente, es posible que otras personas reconozcan su necesidad de recordar a su ser querido que ha fallecido y poder hablar sobre \u00e9l tambi\u00e9n. Si le parece bien, t\u00f3mese un tiempo para compartir recuerdos, contar historias y mirar \u00e1lbumes de fotos. <\/p>\n<\/p>\n<h2><span style=\"font-size: 40px; font-family: atami; font-weight: normal; color: #005bac;\">Rod\u00e9ate de personas que te quieran y apoyen <\/span><\/h2>\n<p>Identifica a aquellos amigos y familiares que entienden que la temporada navide\u00f1a puede aumentar tu sensaci\u00f3n de p\u00e9rdida y que le permitir\u00e1 hablar abiertamente sobre sus sentimientos. Encuentra a esas personas que te animen a ser t\u00fa mismo y a aceptar todos tus sentimientos.<\/p>\n<\/p>\n<h2><span style=\"font-size: 40px; font-family: atami; font-weight: normal; color: #005bac;\">F\u00edjese expectativas realistas <\/span><\/h2>\n<p><img class=\"alignright wp-image-4002 size-medium\" src=\"https:\/\/willowhouse.org\/wp-content\/uploads\/2019\/02\/5396013-orig_orig-300x200.jpg\" alt=\"\" width=\"300\" height=\"200\" srcset=\"https:\/\/original.willowhouse.org\/wp-content\/uploads\/2019\/02\/5396013-orig_orig-300x200.jpg 300w, https:\/\/original.willowhouse.org\/wp-content\/uploads\/2019\/02\/5396013-orig_orig-768x513.jpg 768w, https:\/\/original.willowhouse.org\/wp-content\/uploads\/2019\/02\/5396013-orig_orig.jpg 1000w\" sizes=\"(max-width: 300px) 100vw, 300px\" \/><br \/>Recuerda que este a\u00f1o ser\u00e1 diferente. Decida si puede manejar las mismas responsabilidades que tuvo en el pasado y, de no ser as\u00ed, acepte los esfuerzos de otros para ayudar. Los sentimientos de p\u00e9rdida pueden dejarlo fatigado. Su bajo nivel de energ\u00eda puede ralentizarlo naturalmente. Escuche lo que su cuerpo y mente le est\u00e1n diciendo. Cu\u00eddese, f\u00edsica y emocionalmente, y reduzca sus propias expectativas sobre sus capacidades f\u00edsicas y emocionales durante la temporada navide\u00f1a. <\/p>\n<\/p>\n<h2><span style=\"font-size: 40px; font-family: atami; font-weight: normal; color: #005bac;\">Trate de evitar cancelar las vacaciones a pesar de la tentaci\u00f3n<\/span><\/h2>\n<p>Es posible que ya se sienta estresado, as\u00ed que trate de no extenderse demasiado . Evite aislarse y al mismo tiempo reconozca su necesidad de tener un tiempo especial para usted. Est\u00e1 bien evitar algunas circunstancias que no se siente preparado para afrontar. Comprenda tambi\u00e9n que simplemente &#8220;mantenerse ocupado&#8221; no lo distraer\u00e1 realmente de su dolor, sino que puede aumentar el estr\u00e9s y posponer la necesidad real de expresar sus pensamientos y sentimientos relacionados con su dolor. <\/p>\n<\/p>\n<h2><span style=\"font-size: 40px; font-family: atami; font-weight: normal; color: #005bac;\">Haz lo que te parezca adecuado durante las vacaciones<\/span><\/h2>\n<p>Familiares y amigos bien intencionados a menudo tratan de recetarle lo que es bueno para usted durante las vacaciones. En lugar de seguir sus planes, conc\u00e9ntrese en lo que quiere hacer. Habla de tus deseos con un amigo de confianza y cari\u00f1oso. Hablar de esos deseos puede ayudarte a aclarar qu\u00e9 necesitas y qu\u00e9 quieres hacer durante las vacaciones.<\/p>\n<\/p>\n<h2><span style=\"font-size: 40px; font-family: atami; font-weight: normal; color: #005bac;\">Planifique con anticipaci\u00f3n las reuniones familiares<\/span><\/h2>\n<p><img class=\"alignleft wp-image-3922 size-full\" src=\"https:\/\/willowhouse.org\/\/wp-content\/uploads\/2019\/02\/8659175-orig.jpg\" alt=\"\" width=\"400\" height=\"267\" srcset=\"https:\/\/original.willowhouse.org\/wp-content\/uploads\/2019\/02\/8659175-orig.jpg 400w, https:\/\/original.willowhouse.org\/wp-content\/uploads\/2019\/02\/8659175-orig-300x200.jpg 300w\" sizes=\"(max-width: 400px) 100vw, 400px\" \/>Decida qu\u00e9 tradiciones familiares desea continuar este a\u00f1o y considere nuevos rituales y tradiciones que le gustar\u00eda comenzar luego de la muerte de su ser querido. Algunas personas encuentran consuelo en las viejas tradiciones y otras las encuentran insoportablemente dolorosas. Si cree que es mejor dejar algunas tradiciones en el pasado, aseg\u00farese de incluir a otras familias en esos cambios. Esto le ayudar\u00e1 a anticipar las actividades, en lugar de simplemente reaccionar ante lo que suceda. Ser tomado por sorpresa puede crear sentimientos de p\u00e1nico, miedo y ansiedad durante un momento en el que sus sentimientos de dolor ya est\u00e1n intensificados. Cuando se trata de asistir a eventos, preguntas como &#8220;\u00bfQui\u00e9n estar\u00e1 all\u00ed&#8221; y &#8220;\u00bfCu\u00e1nto tiempo se supone que durar\u00e1 el evento?&#8221; para prepararse a\u00fan m\u00e1s. Hacer una lluvia de ideas sobre algunas formas de responder a las preguntas dif\u00edciles que se le pueden hacer tambi\u00e9n puede aliviar su mente cuando se trata de asistir a estas reuniones.<\/p>\n<\/p>\n<h2><span style=\"font-size: 40px; font-family: atami; font-weight: normal; color: #005bac;\">Abraza tus recuerdos<\/span><\/h2>\n<p>Los recuerdos son uno de los mejores legados que tenemos despu\u00e9s de la muerte de un ser querido y las vacaciones siempre nos recuerdan tiempos pasados. En lugar de ignorar estos recuerdos, comp\u00e1rtalos con tu familia y amigos. Sepa que sus recuerdos pueden estar entretejidos con muchos sentimientos, incluida la felicidad y la tristeza. Sus recuerdos pueden provocar risas y l\u00e1grimas; cada uno de ellos es una emoci\u00f3n real y honesta que merece ser expresada. Los recuerdos de la persona que muri\u00f3 se hicieron con amor y necesitan ser honrados, atesorados y afirmados.<\/p>\n<\/p>\n<h2><span style=\"font-size: 40px; font-family: atami; font-weight: normal; color: #005bac;\">Date permiso para sentirte <img class=\"alignright wp-image-3822 size-medium\" src=\"https:\/\/willowhouse.org\/wp-content\/uploads\/2019\/02\/holiday-gathering_orig-300x200.jpg\" alt=\"\" width=\"300\" height=\"200\" srcset=\"https:\/\/original.willowhouse.org\/wp-content\/uploads\/2019\/02\/holiday-gathering_orig-300x200.jpg 300w, https:\/\/original.willowhouse.org\/wp-content\/uploads\/2019\/02\/holiday-gathering_orig.jpg 529w\" sizes=\"(max-width: 300px) 100vw, 300px\" \/><\/span><\/h2>\n<p>Perm\u00edtete sentir alegr\u00eda, tristeza, ira , etc. Ninguna emoci\u00f3n es mejor que la otra y no se castigue por sentir una sensaci\u00f3n de felicidad durante las vacaciones. Evite automedicarse con cosas como alcohol. Si necesita un impulso, salga a correr, pasee al perro o incluso escriba en un diario.<\/p>\n<\/p>\n<h2><span style=\"font-size: 40px; font-family: atami; font-weight: normal; color: #005bac;\">Expresa tus creencias espirituales<\/span><\/h2>\n<p>Durante las vacaciones, puedes encontrar un sentido renovado de espiritualidad o fe o descubrir una nuevo conjunto de creencias. As\u00f3ciese con personas que comprendan y respeten su necesidad de hablar sobre estas creencias. Puede que le resulte reconfortante asistir a un servicio festivo o una ceremonia religiosa especial. <\/p>\n<\/p>\n<h2><span style=\"font-size: 40px; font-family: atami; font-weight: normal; color: #005bac;\">Explore formas de reconocer y honrar la memoria de su ser querido<\/span><\/h2>\n<div class=\"paragraph\">\n<p>A continuaci\u00f3n se presentan algunas ideas para considerar:<\/p>\n<ul>\n<li>Encienda una vela conmemorativa; considere incorporar su olor o color favorito<\/li>\n<li>Cuelgue una decoraci\u00f3n especial en memoria de su ser querido<\/li>\n<li>Mantenga un lugar para ellos durante una comida navide\u00f1a<\/li>\n<li>Compre un regale a su ser querido que hubiera disfrutado y d\u00f3nelo a una organizaci\u00f3n ben\u00e9fica local<\/li>\n<\/ul>\n<p>&nbsp;<\/p>\n<\/div>\n<div class=\"paragraph\" style=\"text-align: left;\"><em><span style=\"font-size: small;\">Adaptado de Alan Wolfelt, The Dougy Center y Robin Fiorelli <\/span><\/em><\/div>\n\t\t\t\t\t<\/div>\n\t\t\t\t\t\t<\/div>\n\t\t\t\t<\/div>\n\t\t\t\t\t\t<\/div>\n\t\t\t\t\t<\/div>\n\t\t<\/div>\n\t\t\t\t\t\t\t\t<\/div>\n\t\t\t\t\t<\/div>\n\t\t<\/section>\n\t\t\t\t\t\t\t\t\t<\/div>\n\t\t\t<\/div>\n\t\t\t\t\t<\/div>\n\t\t","protected":false},"excerpt":{"rendered":"<p>Sobrellevar el dolor durante las vacaciones Habla de tu dolor y de tu ser querido Durante la temporada navide\u00f1a, no tema expresar sus sentimientos de&hellip;<\/p>\n","protected":false},"author":2,"featured_media":4290,"parent":0,"menu_order":0,"comment_status":"closed","ping_status":"closed","template":"","meta":[],"yoast_head":"<!-- This site is optimized with the Yoast SEO plugin v19.3 - https:\/\/yoast.com\/wordpress\/plugins\/seo\/ -->\n<title>Sobrellevar el dolor durante las vacaciones<\/title>\n<meta name=\"description\" content=\"No tenga miedo de expresar sus sentimientos de dolor durante las vacaciones. Ignorarlo no har\u00e1 que el dolor desaparezca y hablar de \u00e9l te har\u00e1 sentir mejor.\" \/>\n<meta name=\"robots\" content=\"index, follow, max-snippet:-1, max-image-preview:large, max-video-preview:-1\" \/>\n<link rel=\"canonical\" href=\"https:\/\/original.willowhouse.org\/es\/sobrellevar-el-dolor-durante-las-vacaciones\/\" \/>\n<meta property=\"og:locale\" content=\"es_ES\" \/>\n<meta property=\"og:type\" content=\"article\" \/>\n<meta property=\"og:title\" content=\"Sobrellevar el dolor durante las vacaciones\" \/>\n<meta property=\"og:description\" content=\"No tenga miedo de expresar sus sentimientos de dolor durante las vacaciones. Ignorarlo no har\u00e1 que el dolor desaparezca y hablar de \u00e9l te har\u00e1 sentir mejor.\" \/>\n<meta property=\"og:url\" content=\"https:\/\/original.willowhouse.org\/es\/sobrellevar-el-dolor-durante-las-vacaciones\/\" \/>\n<meta property=\"og:site_name\" content=\"Willow House\" \/>\n<meta property=\"article:modified_time\" content=\"2020-11-28T20:33:39+00:00\" \/>\n<meta property=\"og:image\" content=\"https:\/\/original.willowhouse.org\/wp-content\/uploads\/2019\/04\/Meta_Tag_Banner-01-1024x538.png\" \/>\n\t<meta property=\"og:image:width\" content=\"1024\" \/>\n\t<meta property=\"og:image:height\" content=\"538\" \/>\n\t<meta property=\"og:image:type\" content=\"image\/png\" \/>\n<meta name=\"twitter:card\" content=\"summary_large_image\" \/>\n<meta name=\"twitter:label1\" content=\"Tiempo de lectura\" \/>\n\t<meta name=\"twitter:data1\" content=\"4 minutos\" \/>\n<!-- \/ Yoast SEO plugin. -->","yoast_head_json":{"title":"Sobrellevar el dolor durante las vacaciones","description":"No tenga miedo de expresar sus sentimientos de dolor durante las vacaciones. Ignorarlo no har\u00e1 que el dolor desaparezca y hablar de \u00e9l te har\u00e1 sentir mejor.","robots":{"index":"index","follow":"follow","max-snippet":"max-snippet:-1","max-image-preview":"max-image-preview:large","max-video-preview":"max-video-preview:-1"},"canonical":"https:\/\/original.willowhouse.org\/es\/sobrellevar-el-dolor-durante-las-vacaciones\/","og_locale":"es_ES","og_type":"article","og_title":"Sobrellevar el dolor durante las vacaciones","og_description":"No tenga miedo de expresar sus sentimientos de dolor durante las vacaciones. Ignorarlo no har\u00e1 que el dolor desaparezca y hablar de \u00e9l te har\u00e1 sentir mejor.","og_url":"https:\/\/original.willowhouse.org\/es\/sobrellevar-el-dolor-durante-las-vacaciones\/","og_site_name":"Willow House","article_modified_time":"2020-11-28T20:33:39+00:00","og_image":[{"width":1024,"height":538,"url":"https:\/\/original.willowhouse.org\/wp-content\/uploads\/2019\/04\/Meta_Tag_Banner-01-1024x538.png","type":"image\/png"}],"twitter_card":"summary_large_image","twitter_misc":{"Tiempo de lectura":"4 minutos"},"schema":{"@context":"https:\/\/schema.org","@graph":[{"@type":"Organization","@id":"https:\/\/original.willowhouse.org\/#organization","name":"Willow House","url":"https:\/\/original.willowhouse.org\/","sameAs":[],"logo":{"@type":"ImageObject","inLanguage":"es","@id":"https:\/\/original.willowhouse.org\/#\/schema\/logo\/image\/","url":"https:\/\/original.willowhouse.org\/wp-content\/uploads\/2019\/04\/WH_Logo_Horiz_tagline-1.png","contentUrl":"https:\/\/original.willowhouse.org\/wp-content\/uploads\/2019\/04\/WH_Logo_Horiz_tagline-1.png","width":1947,"height":576,"caption":"Willow House"},"image":{"@id":"https:\/\/original.willowhouse.org\/#\/schema\/logo\/image\/"}},{"@type":"WebSite","@id":"https:\/\/original.willowhouse.org\/#website","url":"https:\/\/original.willowhouse.org\/","name":"Willow House","description":"Where HOPE lives and HEALING begins.","publisher":{"@id":"https:\/\/original.willowhouse.org\/#organization"},"potentialAction":[{"@type":"SearchAction","target":{"@type":"EntryPoint","urlTemplate":"https:\/\/original.willowhouse.org\/?s={search_term_string}"},"query-input":"required name=search_term_string"}],"inLanguage":"es"},{"@type":"ImageObject","inLanguage":"es","@id":"https:\/\/original.willowhouse.org\/es\/sobrellevar-el-dolor-durante-las-vacaciones\/#primaryimage","url":"https:\/\/original.willowhouse.org\/wp-content\/uploads\/2019\/04\/Meta_Tag_Banner-01.png","contentUrl":"https:\/\/original.willowhouse.org\/wp-content\/uploads\/2019\/04\/Meta_Tag_Banner-01.png","width":5000,"height":2625,"caption":"Willow House"},{"@type":"WebPage","@id":"https:\/\/original.willowhouse.org\/es\/sobrellevar-el-dolor-durante-las-vacaciones\/","url":"https:\/\/original.willowhouse.org\/es\/sobrellevar-el-dolor-durante-las-vacaciones\/","name":"Sobrellevar el dolor durante las vacaciones","isPartOf":{"@id":"https:\/\/original.willowhouse.org\/#website"},"primaryImageOfPage":{"@id":"https:\/\/original.willowhouse.org\/es\/sobrellevar-el-dolor-durante-las-vacaciones\/#primaryimage"},"datePublished":"2020-11-25T19:00:34+00:00","dateModified":"2020-11-28T20:33:39+00:00","description":"No tenga miedo de expresar sus sentimientos de dolor durante las vacaciones. Ignorarlo no har\u00e1 que el dolor desaparezca y hablar de \u00e9l te har\u00e1 sentir mejor.","breadcrumb":{"@id":"https:\/\/original.willowhouse.org\/es\/sobrellevar-el-dolor-durante-las-vacaciones\/#breadcrumb"},"inLanguage":"es","potentialAction":[{"@type":"ReadAction","target":["https:\/\/original.willowhouse.org\/es\/sobrellevar-el-dolor-durante-las-vacaciones\/"]}]},{"@type":"BreadcrumbList","@id":"https:\/\/original.willowhouse.org\/es\/sobrellevar-el-dolor-durante-las-vacaciones\/#breadcrumb","itemListElement":[{"@type":"ListItem","position":1,"name":"Home","item":"https:\/\/original.willowhouse.org\/es\/"},{"@type":"ListItem","position":2,"name":"Sobrellevar el dolor durante las vacaciones"}]}]}},"_links":{"self":[{"href":"https:\/\/original.willowhouse.org\/es\/wp-json\/wp\/v2\/pages\/4706"}],"collection":[{"href":"https:\/\/original.willowhouse.org\/es\/wp-json\/wp\/v2\/pages"}],"about":[{"href":"https:\/\/original.willowhouse.org\/es\/wp-json\/wp\/v2\/types\/page"}],"author":[{"embeddable":true,"href":"https:\/\/original.willowhouse.org\/es\/wp-json\/wp\/v2\/users\/2"}],"replies":[{"embeddable":true,"href":"https:\/\/original.willowhouse.org\/es\/wp-json\/wp\/v2\/comments?post=4706"}],"version-history":[{"count":10,"href":"https:\/\/original.willowhouse.org\/es\/wp-json\/wp\/v2\/pages\/4706\/revisions"}],"predecessor-version":[{"id":5260,"href":"https:\/\/original.willowhouse.org\/es\/wp-json\/wp\/v2\/pages\/4706\/revisions\/5260"}],"wp:featuredmedia":[{"embeddable":true,"href":"https:\/\/original.willowhouse.org\/es\/wp-json\/wp\/v2\/media\/4290"}],"wp:attachment":[{"href":"https:\/\/original.willowhouse.org\/es\/wp-json\/wp\/v2\/media?parent=4706"}],"curies":[{"name":"wp","href":"https:\/\/api.w.org\/{rel}","templated":true}]}}