{"id":4702,"date":"2020-11-25T12:56:24","date_gmt":"2020-11-25T18:56:24","guid":{"rendered":"https:\/\/willowhouse.org\/servicios-comunitarios\/"},"modified":"2020-11-28T14:18:14","modified_gmt":"2020-11-28T20:18:14","slug":"servicios-comunitarios","status":"publish","type":"page","link":"https:\/\/original.willowhouse.org\/es\/servicios-comunitarios\/","title":{"rendered":"Servicios comunitarios"},"content":{"rendered":"\t\t<div data-elementor-type=\"wp-post\" data-elementor-id=\"4702\" class=\"elementor elementor-4702 elementor-1232\">\n\t\t\t\t\t\t<div class=\"elementor-inner\">\n\t\t\t\t<div class=\"elementor-section-wrap\">\n\t\t\t\t\t\t\t\t\t<section class=\"elementor-section elementor-top-section elementor-element elementor-element-522 elementor-section-stretched elementor-section-full_width elementor-section-height-min-height elementor-section-height-default elementor-section-items-middle\" data-id=\"522\" data-element_type=\"section\" data-settings=\"{&quot;stretch_section&quot;:&quot;section-stretched&quot;,&quot;background_background&quot;:&quot;classic&quot;}\">\n\t\t\t\t\t\t<div class=\"elementor-container elementor-column-gap-default\">\n\t\t\t\t\t\t\t<div class=\"elementor-row\">\n\t\t\t\t\t<div class=\"elementor-column elementor-col-100 elementor-top-column elementor-element elementor-element-6553\" data-id=\"6553\" data-element_type=\"column\">\n\t\t\t<div class=\"elementor-column-wrap elementor-element-populated\">\n\t\t\t\t\t\t\t<div class=\"elementor-widget-wrap\">\n\t\t\t\t\t\t<div class=\"elementor-element elementor-element-4017 elementor-widget elementor-widget-heading\" data-id=\"4017\" data-element_type=\"widget\" data-widget_type=\"heading.default\">\n\t\t\t\t<div class=\"elementor-widget-container\">\n\t\t\t<h1 class=\"elementor-heading-title elementor-size-default\">Servicios de apoyo basados en la comunidad<\/h1>\t\t<\/div>\n\t\t\t\t<\/div>\n\t\t\t\t\t\t<\/div>\n\t\t\t\t\t<\/div>\n\t\t<\/div>\n\t\t\t\t\t\t\t\t<\/div>\n\t\t\t\t\t<\/div>\n\t\t<\/section>\n\t\t\t\t<section class=\"elementor-section elementor-top-section elementor-element elementor-element-3cebec8 elementor-section-stretched elementor-section-boxed elementor-section-height-default elementor-section-height-default\" data-id=\"3cebec8\" data-element_type=\"section\" data-settings=\"{&quot;stretch_section&quot;:&quot;section-stretched&quot;,&quot;background_background&quot;:&quot;classic&quot;}\">\n\t\t\t\t\t\t<div class=\"elementor-container elementor-column-gap-default\">\n\t\t\t\t\t\t\t<div class=\"elementor-row\">\n\t\t\t\t\t<div class=\"elementor-column elementor-col-100 elementor-top-column elementor-element elementor-element-d3cd63e\" data-id=\"d3cd63e\" data-element_type=\"column\">\n\t\t\t<div class=\"elementor-column-wrap elementor-element-populated\">\n\t\t\t\t\t\t\t<div class=\"elementor-widget-wrap\">\n\t\t\t\t\t\t<div class=\"elementor-element elementor-element-750b004 elementor-widget elementor-widget-text-editor\" data-id=\"750b004\" data-element_type=\"widget\" data-widget_type=\"text-editor.default\">\n\t\t\t\t<div class=\"elementor-widget-container\">\n\t\t\t\t\t\t\t\t<div class=\"elementor-text-editor elementor-clearfix\">\n\t\t\t\t<h6>Actualizaci\u00f3n de COVID-19<\/h6>\n<p>Debido a COVID-19, Willow House llevar\u00e1 a cabo todos los servicios virtualmente o por tel\u00e9fono. Seguiremos estando disponibles para las escuelas y comunidades que busquen apoyo. Para obtener m\u00e1s informaci\u00f3n, <strong><a href=\"https:\/\/willowhouse.org\/es\/contacta-con-nosotros\/\">cont\u00e1ctenos<\/a><\/strong> o <a href=\"https:\/\/willowhouse.org\/es\/recursos-y-actualizaciones-de-covid-19-para-el-duelo\/\"><strong>obt\u00e9n m\u00e1s informaci\u00f3n sobre nuestros servicios<\/strong><\/a> durante este momento desafiante.<\/p>\n\t\t\t\t\t<\/div>\n\t\t\t\t\t\t<\/div>\n\t\t\t\t<\/div>\n\t\t\t\t<div class=\"elementor-element elementor-element-e7a53f7 elementor-blockquote--skin-quotation elementor-blockquote--button-color-official elementor-widget elementor-widget-blockquote\" data-id=\"e7a53f7\" data-element_type=\"widget\" data-widget_type=\"blockquote.default\">\n\t\t\t\t<div class=\"elementor-widget-container\">\n\t\t\t\t\t<blockquote class=\"elementor-blockquote\">\n\t\t\t<p class=\"elementor-blockquote__content\">\n\t\t\t\tWillow House se esfuerza por defender a los ni\u00f1os, adolescentes y familias en duelo aumentando la conciencia dentro de una amplia variedad de entornos comunitarios. Brindamos apoyo educativo y de intervenci\u00f3n en crisis a muchas escuelas, grupos comunitarios, corporaciones y otras organizaciones locales. El objetivo de llegar a nuestra comunidad es educar y capacitar a quienes trabajan con, cuidan y apoyan a las personas en duelo. Desafortunadamente, es inevitable que la muerte toque a nuestra comunidad. Willow House est\u00e1 aqu\u00ed para ayudarlo a prepararse y responder a esta inevitabilidad desafiante.\t\t\t<\/p>\n\t\t\t\t\t<\/blockquote>\n\t\t\t\t<\/div>\n\t\t\t\t<\/div>\n\t\t\t\t<div class=\"elementor-element elementor-element-9ca15e0 elementor-widget elementor-widget-heading\" data-id=\"9ca15e0\" data-element_type=\"widget\" data-widget_type=\"heading.default\">\n\t\t\t\t<div class=\"elementor-widget-container\">\n\t\t\t<h2 class=\"elementor-heading-title elementor-size-default\">Consulta, intervenci\u00f3n en crisis y educaci\u00f3n sobre el duelo<\/h2>\t\t<\/div>\n\t\t\t\t<\/div>\n\t\t\t\t<div class=\"elementor-element elementor-element-076ad9d elementor-widget elementor-widget-text-editor\" data-id=\"076ad9d\" data-element_type=\"widget\" data-widget_type=\"text-editor.default\">\n\t\t\t\t<div class=\"elementor-widget-container\">\n\t\t\t\t\t\t\t\t<div class=\"elementor-text-editor elementor-clearfix\">\n\t\t\t\t<p>Willow House ofrece una gama completa de servicios de consultor\u00eda para aquellos que buscan informaci\u00f3n o apoyo m\u00e1s completo, que incluyen:<\/p>\n<ul>\n<li>Reuniones en el vecindario y la comunidad en respuesta a una muerte o muerte inminente<\/li>\n<li>Consulta educativa<\/li>\n<li>Facilitaci\u00f3n y desarrollo de programas y pol\u00edticas<\/li>\n<li>En servicios y talleres para profesionales<\/li>\n<li>Suministro de recursos y materiales educativos<\/li>\n<li>Referencias a otros profesionales de la salud mental cuando sea necesario<\/li>\n<\/ul>\n\t\t\t\t\t<\/div>\n\t\t\t\t\t\t<\/div>\n\t\t\t\t<\/div>\n\t\t\t\t<div class=\"elementor-element elementor-element-3748e35 elementor-widget elementor-widget-text-editor\" data-id=\"3748e35\" data-element_type=\"widget\" data-widget_type=\"text-editor.default\">\n\t\t\t\t<div class=\"elementor-widget-container\">\n\t\t\t\t\t\t\t\t<div class=\"elementor-text-editor elementor-clearfix\">\n\t\t\t\t<p>Willow House ofrece consultas y referencias a quienes apoyan y cuidan a ni\u00f1os y familias en duelo, en su hogar, lugar de trabajo u otros entornos comunitarios, as\u00ed como en el entorno terap\u00e9utico. Nuestro personal cl\u00ednico mantiene un archivo actualizado de referencias de profesionales de la salud mental en toda el \u00e1rea de Chicago que tienen experiencia trabajando con ni\u00f1os, adolescentes y familias en duelo. Los recursos sirven como referencias para los miembros del grupo de Willow House, los miembros de la comunidad y los profesionales que piden ayuda.<\/p>\n<p>Si hay una presentaci\u00f3n particular o una oportunidad de consulta que busca de Willow House, haga clic en el bot\u00f3n a continuaci\u00f3n para completar una solicitud de presentaci\u00f3n. Comun\u00edquese con nosotros si tiene alguna pregunta o desea obtener informaci\u00f3n adicional: <strong><a href=\"tel:8472369300\">(847) 236-9300<\/a><\/strong> o <strong><a href=\"mailto:info @ willowhouse.org\">info@willowhouse.org<\/a><\/strong>.<\/p>\n\t\t\t\t\t<\/div>\n\t\t\t\t\t\t<\/div>\n\t\t\t\t<\/div>\n\t\t\t\t<div class=\"elementor-element elementor-element-0aac63d elementor-align-center elementor-widget elementor-widget-button\" data-id=\"0aac63d\" data-element_type=\"widget\" data-widget_type=\"button.default\">\n\t\t\t\t<div class=\"elementor-widget-container\">\n\t\t\t\t\t<div class=\"elementor-button-wrapper\">\n\t\t\t<a href=\"https:\/\/willowhouse.org\/es\/formulario-de-solicitud-de-presentacion\/\" class=\"elementor-button-link elementor-button elementor-size-md\" role=\"button\">\n\t\t\t\t\t\t<span class=\"elementor-button-content-wrapper\">\n\t\t\t\t\t\t<span class=\"elementor-button-text\">Solicitud de presentaci\u00f3n<\/span>\n\t\t<\/span>\n\t\t\t\t\t<\/a>\n\t\t<\/div>\n\t\t\t\t<\/div>\n\t\t\t\t<\/div>\n\t\t\t\t<div class=\"elementor-element elementor-element-43630e8 elementor-widget elementor-widget-spacer\" data-id=\"43630e8\" data-element_type=\"widget\" data-widget_type=\"spacer.default\">\n\t\t\t\t<div class=\"elementor-widget-container\">\n\t\t\t\t\t<div class=\"elementor-spacer\">\n\t\t\t<div class=\"elementor-spacer-inner\"><\/div>\n\t\t<\/div>\n\t\t\t\t<\/div>\n\t\t\t\t<\/div>\n\t\t\t\t<div class=\"elementor-element elementor-element-f256971 elementor-widget elementor-widget-text-editor\" data-id=\"f256971\" data-element_type=\"widget\" data-widget_type=\"text-editor.default\">\n\t\t\t\t<div class=\"elementor-widget-container\">\n\t\t\t\t\t\t\t\t<div class=\"elementor-text-editor elementor-clearfix\">\n\t\t\t\t<p>A continuaci\u00f3n se muestran solo algunas de las organizaciones comunitarias con las que Willow House ha colaborado:<\/p>\n\t\t\t\t\t<\/div>\n\t\t\t\t\t\t<\/div>\n\t\t\t\t<\/div>\n\t\t\t\t<section class=\"elementor-section elementor-inner-section elementor-element elementor-element-ddc626d elementor-section-boxed elementor-section-height-default elementor-section-height-default\" data-id=\"ddc626d\" data-element_type=\"section\">\n\t\t\t\t\t\t<div class=\"elementor-container elementor-column-gap-default\">\n\t\t\t\t\t\t\t<div class=\"elementor-row\">\n\t\t\t\t\t<div class=\"elementor-column elementor-col-50 elementor-inner-column elementor-element elementor-element-0db3d2b\" data-id=\"0db3d2b\" data-element_type=\"column\">\n\t\t\t<div class=\"elementor-column-wrap elementor-element-populated\">\n\t\t\t\t\t\t\t<div class=\"elementor-widget-wrap\">\n\t\t\t\t\t\t<div class=\"elementor-element elementor-element-78b2761 elementor-widget elementor-widget-text-editor\" data-id=\"78b2761\" data-element_type=\"widget\" data-widget_type=\"text-editor.default\">\n\t\t\t\t<div class=\"elementor-widget-container\">\n\t\t\t\t\t\t\t\t<div class=\"elementor-text-editor elementor-clearfix\">\n\t\t\t\t<p>Oficina Federal de Investigaciones (FBI)<br \/>Especialista en v\u00edctimas del FBI de Chicago<br \/>Asociaci\u00f3n de Directores de Funerales de Illinois<br \/>Heartlight &#8211; Lurie Children&#8217;s Hospital<br \/>Beth Chaverim Humanistic Jewish Community<br \/>American Foundation para la prevenci\u00f3n del suicidio (AFSP)<br \/><a href=\"https:\/\/childrengrieve.org\/\" target=\"_blank\" rel=\"noopener\">Alianza Nacional para Ni\u00f1os Afligidos<\/a><br \/>Escuela de Illinois Asociaci\u00f3n de Consejeros (ISCA)<br \/>Gilda&#8217;s Club Chicago<br \/><a href=\"https:\/\/www.ansheemet.org\/\" target=\"_blank\" rel=\"noopener\">Sinagoga Anshe Emet<\/a><br \/>Condado de McHenry &#8211; Junta de Salud Mental<br \/>Marca de confianza<br \/>Bernie&#8217;s Book Bank<br \/>Universidad Nacional de Louis<br \/>Academia de Danza de Lincolnshire<br \/>Festival de Arte de Port Clinton<\/p>\n\t\t\t\t\t<\/div>\n\t\t\t\t\t\t<\/div>\n\t\t\t\t<\/div>\n\t\t\t\t\t\t<\/div>\n\t\t\t\t\t<\/div>\n\t\t<\/div>\n\t\t\t\t<div class=\"elementor-column elementor-col-50 elementor-inner-column elementor-element elementor-element-d366960\" data-id=\"d366960\" data-element_type=\"column\">\n\t\t\t<div class=\"elementor-column-wrap elementor-element-populated\">\n\t\t\t\t\t\t\t<div class=\"elementor-widget-wrap\">\n\t\t\t\t\t\t<div class=\"elementor-element elementor-element-c54a3c2 elementor-widget elementor-widget-text-editor\" data-id=\"c54a3c2\" data-element_type=\"widget\" data-widget_type=\"text-editor.default\">\n\t\t\t\t<div class=\"elementor-widget-container\">\n\t\t\t\t\t\t\t\t<div class=\"elementor-text-editor elementor-clearfix\">\n\t\t\t\t<p>Northshore University HealthSystem<br \/>Compass Health Center<br \/>Goldman Funeral Group<br \/>Temple Chai<br \/><a href=\"http:\/\/www.fpcah.org\/\" target=\"_blank\" rel=\"noopener\">Primera Iglesia Presbiteriana de Arlington Heights<\/a><br \/>Escuelas P\u00fablicas de Chicago<br \/>Comunidad Cat\u00f3lica de Northbrook<br \/>Club de Paratriatl\u00f3n Dare2tri<br \/>Los Amigos Compasivos<br \/><a href=\"http:\/\/www.holycrosschurch.org\/\" target=\"_blank\" rel=\"noopener\"> Iglesia Luterana de la Santa Cruz <\/a><br \/>Equipo Acu\u00e1tico CATS<br \/>Municipio de Ela<br \/>Univ. of Illinois &#8211; Escuela de Trabajo Social Jane Adams<br \/>Escuela secundaria Stevenson<br \/>Village of Northbrook<br \/>Universidad de Loyola<\/p>\n\t\t\t\t\t<\/div>\n\t\t\t\t\t\t<\/div>\n\t\t\t\t<\/div>\n\t\t\t\t\t\t<\/div>\n\t\t\t\t\t<\/div>\n\t\t<\/div>\n\t\t\t\t\t\t\t\t<\/div>\n\t\t\t\t\t<\/div>\n\t\t<\/section>\n\t\t\t\t\t\t<\/div>\n\t\t\t\t\t<\/div>\n\t\t<\/div>\n\t\t\t\t\t\t\t\t<\/div>\n\t\t\t\t\t<\/div>\n\t\t<\/section>\n\t\t\t\t<section class=\"elementor-section elementor-top-section elementor-element elementor-element-2e3d573 elementor-section-stretched elementor-section-boxed elementor-section-height-default elementor-section-height-default\" data-id=\"2e3d573\" data-element_type=\"section\" data-settings=\"{&quot;stretch_section&quot;:&quot;section-stretched&quot;,&quot;background_background&quot;:&quot;classic&quot;}\">\n\t\t\t\t\t\t<div class=\"elementor-container elementor-column-gap-default\">\n\t\t\t\t\t\t\t<div class=\"elementor-row\">\n\t\t\t\t\t<div class=\"elementor-column elementor-col-100 elementor-top-column elementor-element elementor-element-0a1fe82\" data-id=\"0a1fe82\" data-element_type=\"column\">\n\t\t\t<div class=\"elementor-column-wrap elementor-element-populated\">\n\t\t\t\t\t\t\t<div class=\"elementor-widget-wrap\">\n\t\t\t\t\t\t<div class=\"elementor-element elementor-element-161de66 elementor-blockquote--skin-quotation elementor-blockquote--button-color-official elementor-widget elementor-widget-blockquote\" data-id=\"161de66\" data-element_type=\"widget\" data-widget_type=\"blockquote.default\">\n\t\t\t\t<div class=\"elementor-widget-container\">\n\t\t\t\t\t<blockquote class=\"elementor-blockquote\">\n\t\t\t<p class=\"elementor-blockquote__content\">\n\t\t\t\tEn nombre del Departamento de Educaci\u00f3n para la Salud de Glenbrook South High School, gracias por su \"desempe\u00f1o marat\u00f3n\". Su presentaci\u00f3n sobre el suicidio ayud\u00f3 a nuestros estudiantes a comprender las complejidades emocionales detr\u00e1s de este problema. Tambi\u00e9n les dio la oportunidad de hacer preguntas y expresar sus sentimientos en un ambiente seguro. Espero muchas m\u00e1s oportunidades en el futuro para trabajar con usted y Willow House a fin de brindar la mejor educaci\u00f3n sobre salud mental para nuestros estudiantes. Nuevamente, muchas gracias por su tiempo y dedicaci\u00f3n. <br>\t\t\t<\/p>\n\t\t\t\t\t\t\t<footer>\n\t\t\t\t\t\t\t\t\t\t\t<cite class=\"elementor-blockquote__author\">- Glenbrook South High School, Glenview, IL<\/cite>\n\t\t\t\t\t\t\t\t\t\t\t\t\t\t<\/footer>\n\t\t\t\t\t<\/blockquote>\n\t\t\t\t<\/div>\n\t\t\t\t<\/div>\n\t\t\t\t\t\t<\/div>\n\t\t\t\t\t<\/div>\n\t\t<\/div>\n\t\t\t\t\t\t\t\t<\/div>\n\t\t\t\t\t<\/div>\n\t\t<\/section>\n\t\t\t\t<section class=\"elementor-section elementor-top-section elementor-element elementor-element-fca46b5 elementor-section-stretched elementor-section-boxed elementor-section-height-default elementor-section-height-default\" data-id=\"fca46b5\" data-element_type=\"section\" data-settings=\"{&quot;stretch_section&quot;:&quot;section-stretched&quot;,&quot;background_background&quot;:&quot;classic&quot;}\">\n\t\t\t\t\t\t<div class=\"elementor-container elementor-column-gap-default\">\n\t\t\t\t\t\t\t<div class=\"elementor-row\">\n\t\t\t\t\t<div class=\"elementor-column elementor-col-100 elementor-top-column elementor-element elementor-element-94becbe\" data-id=\"94becbe\" data-element_type=\"column\">\n\t\t\t<div class=\"elementor-column-wrap elementor-element-populated\">\n\t\t\t\t\t\t\t<div class=\"elementor-widget-wrap\">\n\t\t\t\t\t\t<div class=\"elementor-element elementor-element-c9efc68 elementor-widget elementor-widget-heading\" data-id=\"c9efc68\" data-element_type=\"widget\" data-widget_type=\"heading.default\">\n\t\t\t\t<div class=\"elementor-widget-container\">\n\t\t\t<h2 class=\"elementor-heading-title elementor-size-default\">Talleres y capacitaciones<\/h2>\t\t<\/div>\n\t\t\t\t<\/div>\n\t\t\t\t<div class=\"elementor-element elementor-element-3baddbd elementor-widget elementor-widget-text-editor\" data-id=\"3baddbd\" data-element_type=\"widget\" data-widget_type=\"text-editor.default\">\n\t\t\t\t<div class=\"elementor-widget-container\">\n\t\t\t\t\t\t\t\t<div class=\"elementor-text-editor elementor-clearfix\">\n\t\t\t\t<p>Tambi\u00e9n se ofrecen talleres especiales con temas y actividades de particular inter\u00e9s para quienes enfrentan el dolor en la comunidad. Si es una organizaci\u00f3n comunitaria y tiene una solicitud espec\u00edfica, env\u00ede un correo electr\u00f3nico a <strong><a href=\"mailto:info@willowhouse.org\">info@willowhouse.org<\/a><\/strong> o llame a <strong><a href=\"tel:8472369300\">(847) 236-9300<\/a><\/strong>.<\/p>\n<p>Anualmente, Willow House organiza un programa integral de capacitaci\u00f3n de 20 horas para que los miembros de la comunidad se conviertan en facilitadores voluntarios en nuestros <strong><a href=\"https:\/\/willowhouse.org\/es\/grupo-de-apoyo\/\">grupos de apoyo entre pares<\/a><\/strong> por la noche. El programa de formaci\u00f3n se ofrece generalmente una o dos veces al a\u00f1o. Se proporcionar\u00e1 m\u00e1s informaci\u00f3n sobre el pr\u00f3ximo programa de capacitaci\u00f3n a los candidatos que env\u00eden una solicitud de voluntario e indiquen que est\u00e1n interesados \u200b\u200ben convertirse en facilitadores de voluntarios. Tambi\u00e9n se espera que los facilitadores asistan a servicios internos adicionales como se presenta.<strong><a href=\"https:\/\/willowhouse.org\/es\/voluntario-en-willow-house\/\">Haga clic aqu\u00ed para obtener m\u00e1s informaci\u00f3n sobre c\u00f3mo convertirse en facilitador voluntario.<\/a><\/strong><\/p>\n\t\t\t\t\t<\/div>\n\t\t\t\t\t\t<\/div>\n\t\t\t\t<\/div>\n\t\t\t\t\t\t<\/div>\n\t\t\t\t\t<\/div>\n\t\t<\/div>\n\t\t\t\t\t\t\t\t<\/div>\n\t\t\t\t\t<\/div>\n\t\t<\/section>\n\t\t\t\t\t\t\t\t\t<\/div>\n\t\t\t<\/div>\n\t\t\t\t\t<\/div>\n\t\t","protected":false},"excerpt":{"rendered":"<p>Servicios de apoyo basados en la comunidad Actualizaci\u00f3n de COVID-19 Debido a COVID-19, Willow House llevar\u00e1 a cabo todos los servicios virtualmente o por tel\u00e9fono.&hellip;<\/p>\n","protected":false},"author":2,"featured_media":4290,"parent":0,"menu_order":0,"comment_status":"closed","ping_status":"closed","template":"","meta":[],"yoast_head":"<!-- This site is optimized with the Yoast SEO plugin v19.3 - https:\/\/yoast.com\/wordpress\/plugins\/seo\/ -->\n<title>Servicios de apoyo basados en la comunidad<\/title>\n<meta name=\"description\" content=\"Willow House ofrece servicios de apoyo de intervenci\u00f3n en crisis y educaci\u00f3n a muchas escuelas, grupos comunitarios, corporaciones y otras organizaciones locales.\" \/>\n<meta name=\"robots\" content=\"index, follow, max-snippet:-1, max-image-preview:large, max-video-preview:-1\" \/>\n<link rel=\"canonical\" href=\"https:\/\/original.willowhouse.org\/es\/servicios-comunitarios\/\" \/>\n<meta property=\"og:locale\" content=\"es_ES\" \/>\n<meta property=\"og:type\" content=\"article\" \/>\n<meta property=\"og:title\" content=\"Servicios de apoyo basados en la comunidad\" \/>\n<meta property=\"og:description\" content=\"Willow House ofrece servicios de apoyo de intervenci\u00f3n en crisis y educaci\u00f3n a muchas escuelas, grupos comunitarios, corporaciones y otras organizaciones locales.\" \/>\n<meta property=\"og:url\" content=\"https:\/\/original.willowhouse.org\/es\/servicios-comunitarios\/\" \/>\n<meta property=\"og:site_name\" content=\"Willow House\" \/>\n<meta property=\"article:modified_time\" content=\"2020-11-28T20:18:14+00:00\" \/>\n<meta property=\"og:image\" content=\"https:\/\/original.willowhouse.org\/wp-content\/uploads\/2019\/04\/Meta_Tag_Banner-01-1024x538.png\" \/>\n\t<meta property=\"og:image:width\" content=\"1024\" \/>\n\t<meta property=\"og:image:height\" content=\"538\" \/>\n\t<meta property=\"og:image:type\" content=\"image\/png\" \/>\n<meta name=\"twitter:card\" content=\"summary_large_image\" \/>\n<meta name=\"twitter:label1\" content=\"Tiempo de lectura\" \/>\n\t<meta name=\"twitter:data1\" content=\"4 minutos\" \/>\n<!-- \/ Yoast SEO plugin. -->","yoast_head_json":{"title":"Servicios de apoyo basados en la comunidad","description":"Willow House ofrece servicios de apoyo de intervenci\u00f3n en crisis y educaci\u00f3n a muchas escuelas, grupos comunitarios, corporaciones y otras organizaciones locales.","robots":{"index":"index","follow":"follow","max-snippet":"max-snippet:-1","max-image-preview":"max-image-preview:large","max-video-preview":"max-video-preview:-1"},"canonical":"https:\/\/original.willowhouse.org\/es\/servicios-comunitarios\/","og_locale":"es_ES","og_type":"article","og_title":"Servicios de apoyo basados en la comunidad","og_description":"Willow House ofrece servicios de apoyo de intervenci\u00f3n en crisis y educaci\u00f3n a muchas escuelas, grupos comunitarios, corporaciones y otras organizaciones locales.","og_url":"https:\/\/original.willowhouse.org\/es\/servicios-comunitarios\/","og_site_name":"Willow House","article_modified_time":"2020-11-28T20:18:14+00:00","og_image":[{"width":1024,"height":538,"url":"https:\/\/original.willowhouse.org\/wp-content\/uploads\/2019\/04\/Meta_Tag_Banner-01-1024x538.png","type":"image\/png"}],"twitter_card":"summary_large_image","twitter_misc":{"Tiempo de lectura":"4 minutos"},"schema":{"@context":"https:\/\/schema.org","@graph":[{"@type":"Organization","@id":"https:\/\/original.willowhouse.org\/#organization","name":"Willow House","url":"https:\/\/original.willowhouse.org\/","sameAs":[],"logo":{"@type":"ImageObject","inLanguage":"es","@id":"https:\/\/original.willowhouse.org\/#\/schema\/logo\/image\/","url":"https:\/\/original.willowhouse.org\/wp-content\/uploads\/2019\/04\/WH_Logo_Horiz_tagline-1.png","contentUrl":"https:\/\/original.willowhouse.org\/wp-content\/uploads\/2019\/04\/WH_Logo_Horiz_tagline-1.png","width":1947,"height":576,"caption":"Willow House"},"image":{"@id":"https:\/\/original.willowhouse.org\/#\/schema\/logo\/image\/"}},{"@type":"WebSite","@id":"https:\/\/original.willowhouse.org\/#website","url":"https:\/\/original.willowhouse.org\/","name":"Willow House","description":"Where HOPE lives and HEALING begins.","publisher":{"@id":"https:\/\/original.willowhouse.org\/#organization"},"potentialAction":[{"@type":"SearchAction","target":{"@type":"EntryPoint","urlTemplate":"https:\/\/original.willowhouse.org\/?s={search_term_string}"},"query-input":"required name=search_term_string"}],"inLanguage":"es"},{"@type":"ImageObject","inLanguage":"es","@id":"https:\/\/original.willowhouse.org\/es\/servicios-comunitarios\/#primaryimage","url":"https:\/\/original.willowhouse.org\/wp-content\/uploads\/2019\/04\/Meta_Tag_Banner-01.png","contentUrl":"https:\/\/original.willowhouse.org\/wp-content\/uploads\/2019\/04\/Meta_Tag_Banner-01.png","width":5000,"height":2625,"caption":"Willow House"},{"@type":"WebPage","@id":"https:\/\/original.willowhouse.org\/es\/servicios-comunitarios\/","url":"https:\/\/original.willowhouse.org\/es\/servicios-comunitarios\/","name":"Servicios de apoyo basados en la comunidad","isPartOf":{"@id":"https:\/\/original.willowhouse.org\/#website"},"primaryImageOfPage":{"@id":"https:\/\/original.willowhouse.org\/es\/servicios-comunitarios\/#primaryimage"},"datePublished":"2020-11-25T18:56:24+00:00","dateModified":"2020-11-28T20:18:14+00:00","description":"Willow House ofrece servicios de apoyo de intervenci\u00f3n en crisis y educaci\u00f3n a muchas escuelas, grupos comunitarios, corporaciones y otras organizaciones locales.","breadcrumb":{"@id":"https:\/\/original.willowhouse.org\/es\/servicios-comunitarios\/#breadcrumb"},"inLanguage":"es","potentialAction":[{"@type":"ReadAction","target":["https:\/\/original.willowhouse.org\/es\/servicios-comunitarios\/"]}]},{"@type":"BreadcrumbList","@id":"https:\/\/original.willowhouse.org\/es\/servicios-comunitarios\/#breadcrumb","itemListElement":[{"@type":"ListItem","position":1,"name":"Home","item":"https:\/\/original.willowhouse.org\/es\/"},{"@type":"ListItem","position":2,"name":"Servicios comunitarios"}]}]}},"_links":{"self":[{"href":"https:\/\/original.willowhouse.org\/es\/wp-json\/wp\/v2\/pages\/4702"}],"collection":[{"href":"https:\/\/original.willowhouse.org\/es\/wp-json\/wp\/v2\/pages"}],"about":[{"href":"https:\/\/original.willowhouse.org\/es\/wp-json\/wp\/v2\/types\/page"}],"author":[{"embeddable":true,"href":"https:\/\/original.willowhouse.org\/es\/wp-json\/wp\/v2\/users\/2"}],"replies":[{"embeddable":true,"href":"https:\/\/original.willowhouse.org\/es\/wp-json\/wp\/v2\/comments?post=4702"}],"version-history":[{"count":10,"href":"https:\/\/original.willowhouse.org\/es\/wp-json\/wp\/v2\/pages\/4702\/revisions"}],"predecessor-version":[{"id":5250,"href":"https:\/\/original.willowhouse.org\/es\/wp-json\/wp\/v2\/pages\/4702\/revisions\/5250"}],"wp:featuredmedia":[{"embeddable":true,"href":"https:\/\/original.willowhouse.org\/es\/wp-json\/wp\/v2\/media\/4290"}],"wp:attachment":[{"href":"https:\/\/original.willowhouse.org\/es\/wp-json\/wp\/v2\/media?parent=4702"}],"curies":[{"name":"wp","href":"https:\/\/api.w.org\/{rel}","templated":true}]}}