{"id":4692,"date":"2020-11-25T12:37:29","date_gmt":"2020-11-25T18:37:29","guid":{"rendered":"https:\/\/willowhouse.org\/oportunidades-profesionales\/"},"modified":"2020-11-28T13:41:18","modified_gmt":"2020-11-28T19:41:18","slug":"oportunidades-profesionales","status":"publish","type":"page","link":"https:\/\/original.willowhouse.org\/es\/oportunidades-profesionales\/","title":{"rendered":"Oportunidades profesionales"},"content":{"rendered":"\t\t<div data-elementor-type=\"wp-post\" data-elementor-id=\"4692\" class=\"elementor elementor-4692 elementor-3199\">\n\t\t\t\t\t\t<div class=\"elementor-inner\">\n\t\t\t\t<div class=\"elementor-section-wrap\">\n\t\t\t\t\t\t\t\t\t<section class=\"elementor-section elementor-top-section elementor-element elementor-element-194c elementor-section-stretched elementor-section-full_width elementor-section-height-min-height elementor-section-height-default elementor-section-items-middle\" data-id=\"194c\" data-element_type=\"section\" data-settings=\"{&quot;stretch_section&quot;:&quot;section-stretched&quot;,&quot;background_background&quot;:&quot;classic&quot;}\">\n\t\t\t\t\t\t<div class=\"elementor-container elementor-column-gap-default\">\n\t\t\t\t\t\t\t<div class=\"elementor-row\">\n\t\t\t\t\t<div class=\"elementor-column elementor-col-100 elementor-top-column elementor-element elementor-element-4428\" data-id=\"4428\" data-element_type=\"column\">\n\t\t\t<div class=\"elementor-column-wrap elementor-element-populated\">\n\t\t\t\t\t\t\t<div class=\"elementor-widget-wrap\">\n\t\t\t\t\t\t<div class=\"elementor-element elementor-element-2aae elementor-widget elementor-widget-heading\" data-id=\"2aae\" data-element_type=\"widget\" data-widget_type=\"heading.default\">\n\t\t\t\t<div class=\"elementor-widget-container\">\n\t\t\t<h1 class=\"elementor-heading-title elementor-size-default\">Oportunidades profesionales<\/h1>\t\t<\/div>\n\t\t\t\t<\/div>\n\t\t\t\t\t\t<\/div>\n\t\t\t\t\t<\/div>\n\t\t<\/div>\n\t\t\t\t\t\t\t\t<\/div>\n\t\t\t\t\t<\/div>\n\t\t<\/section>\n\t\t\t\t<section class=\"elementor-section elementor-top-section elementor-element elementor-element-518a elementor-section-stretched elementor-section-height-min-height elementor-section-boxed elementor-section-height-default elementor-section-items-middle\" data-id=\"518a\" data-element_type=\"section\" data-settings=\"{&quot;stretch_section&quot;:&quot;section-stretched&quot;,&quot;background_background&quot;:&quot;classic&quot;}\">\n\t\t\t\t\t\t<div class=\"elementor-container elementor-column-gap-default\">\n\t\t\t\t\t\t\t<div class=\"elementor-row\">\n\t\t\t\t\t<div class=\"elementor-column elementor-col-100 elementor-top-column elementor-element elementor-element-72c5aee\" data-id=\"72c5aee\" data-element_type=\"column\">\n\t\t\t<div class=\"elementor-column-wrap elementor-element-populated\">\n\t\t\t\t\t\t\t<div class=\"elementor-widget-wrap\">\n\t\t\t\t\t\t<div class=\"elementor-element elementor-element-987d571 elementor-widget elementor-widget-html\" data-id=\"987d571\" data-element_type=\"widget\" data-widget_type=\"html.default\">\n\t\t\t\t<div class=\"elementor-widget-container\">\n\t\t\t<div class=\"indeedjobs-widget\" data-id=\"9e7d8cbed6ef0e6de208\" data-theme=\"light\" data-height=\"250\"><\/div> <script> (function(d, id) { if (d.getElementById(id)) return; var js = d.createElement('script'); js.id = id; js.src = 'https:\/\/www.indeedjobs.com\/widget.js'; d.head.appendChild(js); })(document, 'indeedjobs-js'); <\/script>\t\t<\/div>\n\t\t\t\t<\/div>\n\t\t\t\t<div class=\"elementor-element elementor-element-4e3ff64 elementor-widget elementor-widget-html\" data-id=\"4e3ff64\" data-element_type=\"widget\" data-widget_type=\"html.default\">\n\t\t\t\t<div class=\"elementor-widget-container\">\n\t\t\t<div class=\"indeedjobs-widget\" data-id=\"9d150998b2dac3f8f8f1\" data-theme=\"light\" data-height=\"250\"><\/div> <script> (function(d, id) { if (d.getElementById(id)) return; var js = d.createElement('script'); js.id = id; js.src = 'https:\/\/www.indeedjobs.com\/widget.js'; d.head.appendChild(js); })(document, 'indeedjobs-js'); <\/script>\t\t<\/div>\n\t\t\t\t<\/div>\n\t\t\t\t<div class=\"elementor-element elementor-element-2198919 elementor-widget elementor-widget-text-editor\" data-id=\"2198919\" data-element_type=\"widget\" data-widget_type=\"text-editor.default\">\n\t\t\t\t<div class=\"elementor-widget-container\">\n\t\t\t\t\t\t\t\t<div class=\"elementor-text-editor elementor-clearfix\">\n\t\t\t\t<p>Willow House siempre est\u00e1 interesada en candidatos excepcionales. Si no hay una vacante disponible actualmente, env\u00ede su curr\u00edculum vitae a <a href=\"mailto:info@willowhouse.org\">info@willowhouse.org<\/a> y podemos mantenerlo en nuestros archivos cuando haya una vacante disponible.<\/p>\n\t\t\t\t\t<\/div>\n\t\t\t\t\t\t<\/div>\n\t\t\t\t<\/div>\n\t\t\t\t\t\t<\/div>\n\t\t\t\t\t<\/div>\n\t\t<\/div>\n\t\t\t\t\t\t\t\t<\/div>\n\t\t\t\t\t<\/div>\n\t\t<\/section>\n\t\t\t\t\t\t\t\t\t<\/div>\n\t\t\t<\/div>\n\t\t\t\t\t<\/div>\n\t\t","protected":false},"excerpt":{"rendered":"<p>Oportunidades profesionales Willow House siempre est\u00e1 interesada en candidatos excepcionales. Si no hay una vacante disponible actualmente, env\u00ede su curr\u00edculum vitae a info@willowhouse.org y podemos&hellip;<\/p>\n","protected":false},"author":2,"featured_media":4290,"parent":0,"menu_order":0,"comment_status":"closed","ping_status":"closed","template":"","meta":[],"yoast_head":"<!-- This site is optimized with the Yoast SEO plugin v19.3 - https:\/\/yoast.com\/wordpress\/plugins\/seo\/ -->\n<title>Oportunidades profesionales<\/title>\n<meta name=\"description\" content=\"Willow House, una organizaci\u00f3n sin fines de lucro ubicada en Bannockburn, Illinois, brinda servicios de apoyo cl\u00ednico para ni\u00f1os y familias en duelo en todo el \u00e1rea metropolitana de Chicago. Obtenga m\u00e1s informaci\u00f3n sobre las oportunidades profesionales con Willow House.\" \/>\n<meta name=\"robots\" content=\"index, follow, max-snippet:-1, max-image-preview:large, max-video-preview:-1\" \/>\n<link rel=\"canonical\" href=\"https:\/\/original.willowhouse.org\/es\/oportunidades-profesionales\/\" \/>\n<meta property=\"og:locale\" content=\"es_ES\" \/>\n<meta property=\"og:type\" content=\"article\" \/>\n<meta property=\"og:title\" content=\"Oportunidades profesionales\" \/>\n<meta property=\"og:description\" content=\"Willow House, una organizaci\u00f3n sin fines de lucro ubicada en Bannockburn, Illinois, brinda servicios de apoyo cl\u00ednico para ni\u00f1os y familias en duelo en todo el \u00e1rea metropolitana de Chicago. Obtenga m\u00e1s informaci\u00f3n sobre las oportunidades profesionales con Willow House.\" \/>\n<meta property=\"og:url\" content=\"https:\/\/original.willowhouse.org\/es\/oportunidades-profesionales\/\" \/>\n<meta property=\"og:site_name\" content=\"Willow House\" \/>\n<meta property=\"article:modified_time\" content=\"2020-11-28T19:41:18+00:00\" \/>\n<meta property=\"og:image\" content=\"https:\/\/original.willowhouse.org\/wp-content\/uploads\/2019\/04\/Meta_Tag_Banner-01-1024x538.png\" \/>\n\t<meta property=\"og:image:width\" content=\"1024\" \/>\n\t<meta property=\"og:image:height\" content=\"538\" \/>\n\t<meta property=\"og:image:type\" content=\"image\/png\" \/>\n<meta name=\"twitter:card\" content=\"summary_large_image\" \/>\n<!-- \/ Yoast SEO plugin. -->","yoast_head_json":{"title":"Oportunidades profesionales","description":"Willow House, una organizaci\u00f3n sin fines de lucro ubicada en Bannockburn, Illinois, brinda servicios de apoyo cl\u00ednico para ni\u00f1os y familias en duelo en todo el \u00e1rea metropolitana de Chicago. Obtenga m\u00e1s informaci\u00f3n sobre las oportunidades profesionales con Willow House.","robots":{"index":"index","follow":"follow","max-snippet":"max-snippet:-1","max-image-preview":"max-image-preview:large","max-video-preview":"max-video-preview:-1"},"canonical":"https:\/\/original.willowhouse.org\/es\/oportunidades-profesionales\/","og_locale":"es_ES","og_type":"article","og_title":"Oportunidades profesionales","og_description":"Willow House, una organizaci\u00f3n sin fines de lucro ubicada en Bannockburn, Illinois, brinda servicios de apoyo cl\u00ednico para ni\u00f1os y familias en duelo en todo el \u00e1rea metropolitana de Chicago. Obtenga m\u00e1s informaci\u00f3n sobre las oportunidades profesionales con Willow House.","og_url":"https:\/\/original.willowhouse.org\/es\/oportunidades-profesionales\/","og_site_name":"Willow House","article_modified_time":"2020-11-28T19:41:18+00:00","og_image":[{"width":1024,"height":538,"url":"https:\/\/original.willowhouse.org\/wp-content\/uploads\/2019\/04\/Meta_Tag_Banner-01-1024x538.png","type":"image\/png"}],"twitter_card":"summary_large_image","schema":{"@context":"https:\/\/schema.org","@graph":[{"@type":"Organization","@id":"https:\/\/original.willowhouse.org\/#organization","name":"Willow House","url":"https:\/\/original.willowhouse.org\/","sameAs":[],"logo":{"@type":"ImageObject","inLanguage":"es","@id":"https:\/\/original.willowhouse.org\/#\/schema\/logo\/image\/","url":"https:\/\/original.willowhouse.org\/wp-content\/uploads\/2019\/04\/WH_Logo_Horiz_tagline-1.png","contentUrl":"https:\/\/original.willowhouse.org\/wp-content\/uploads\/2019\/04\/WH_Logo_Horiz_tagline-1.png","width":1947,"height":576,"caption":"Willow House"},"image":{"@id":"https:\/\/original.willowhouse.org\/#\/schema\/logo\/image\/"}},{"@type":"WebSite","@id":"https:\/\/original.willowhouse.org\/#website","url":"https:\/\/original.willowhouse.org\/","name":"Willow House","description":"Where HOPE lives and HEALING begins.","publisher":{"@id":"https:\/\/original.willowhouse.org\/#organization"},"potentialAction":[{"@type":"SearchAction","target":{"@type":"EntryPoint","urlTemplate":"https:\/\/original.willowhouse.org\/?s={search_term_string}"},"query-input":"required name=search_term_string"}],"inLanguage":"es"},{"@type":"ImageObject","inLanguage":"es","@id":"https:\/\/original.willowhouse.org\/es\/oportunidades-profesionales\/#primaryimage","url":"https:\/\/original.willowhouse.org\/wp-content\/uploads\/2019\/04\/Meta_Tag_Banner-01.png","contentUrl":"https:\/\/original.willowhouse.org\/wp-content\/uploads\/2019\/04\/Meta_Tag_Banner-01.png","width":5000,"height":2625,"caption":"Willow House"},{"@type":"WebPage","@id":"https:\/\/original.willowhouse.org\/es\/oportunidades-profesionales\/","url":"https:\/\/original.willowhouse.org\/es\/oportunidades-profesionales\/","name":"Oportunidades profesionales","isPartOf":{"@id":"https:\/\/original.willowhouse.org\/#website"},"primaryImageOfPage":{"@id":"https:\/\/original.willowhouse.org\/es\/oportunidades-profesionales\/#primaryimage"},"datePublished":"2020-11-25T18:37:29+00:00","dateModified":"2020-11-28T19:41:18+00:00","description":"Willow House, una organizaci\u00f3n sin fines de lucro ubicada en Bannockburn, Illinois, brinda servicios de apoyo cl\u00ednico para ni\u00f1os y familias en duelo en todo el \u00e1rea metropolitana de Chicago. Obtenga m\u00e1s informaci\u00f3n sobre las oportunidades profesionales con Willow House.","breadcrumb":{"@id":"https:\/\/original.willowhouse.org\/es\/oportunidades-profesionales\/#breadcrumb"},"inLanguage":"es","potentialAction":[{"@type":"ReadAction","target":["https:\/\/original.willowhouse.org\/es\/oportunidades-profesionales\/"]}]},{"@type":"BreadcrumbList","@id":"https:\/\/original.willowhouse.org\/es\/oportunidades-profesionales\/#breadcrumb","itemListElement":[{"@type":"ListItem","position":1,"name":"Home","item":"https:\/\/original.willowhouse.org\/es\/"},{"@type":"ListItem","position":2,"name":"Oportunidades profesionales"}]}]}},"_links":{"self":[{"href":"https:\/\/original.willowhouse.org\/es\/wp-json\/wp\/v2\/pages\/4692"}],"collection":[{"href":"https:\/\/original.willowhouse.org\/es\/wp-json\/wp\/v2\/pages"}],"about":[{"href":"https:\/\/original.willowhouse.org\/es\/wp-json\/wp\/v2\/types\/page"}],"author":[{"embeddable":true,"href":"https:\/\/original.willowhouse.org\/es\/wp-json\/wp\/v2\/users\/2"}],"replies":[{"embeddable":true,"href":"https:\/\/original.willowhouse.org\/es\/wp-json\/wp\/v2\/comments?post=4692"}],"version-history":[{"count":5,"href":"https:\/\/original.willowhouse.org\/es\/wp-json\/wp\/v2\/pages\/4692\/revisions"}],"predecessor-version":[{"id":5232,"href":"https:\/\/original.willowhouse.org\/es\/wp-json\/wp\/v2\/pages\/4692\/revisions\/5232"}],"wp:featuredmedia":[{"embeddable":true,"href":"https:\/\/original.willowhouse.org\/es\/wp-json\/wp\/v2\/media\/4290"}],"wp:attachment":[{"href":"https:\/\/original.willowhouse.org\/es\/wp-json\/wp\/v2\/media?parent=4692"}],"curies":[{"name":"wp","href":"https:\/\/api.w.org\/{rel}","templated":true}]}}