{"id":3702,"date":"2020-11-24T15:11:27","date_gmt":"2020-11-24T21:11:27","guid":{"rendered":"https:\/\/willowhouse.org\/muro-conmemorativo-virtual\/"},"modified":"2020-11-29T00:03:14","modified_gmt":"2020-11-29T06:03:14","slug":"muro-conmemorativo-virtual","status":"publish","type":"page","link":"https:\/\/original.willowhouse.org\/es\/muro-conmemorativo-virtual\/","title":{"rendered":"Muro conmemorativo virtual"},"content":{"rendered":"\t\t<div data-elementor-type=\"wp-page\" data-elementor-id=\"3702\" class=\"elementor elementor-3702 elementor-3417\">\n\t\t\t\t\t\t<div class=\"elementor-inner\">\n\t\t\t\t<div class=\"elementor-section-wrap\">\n\t\t\t\t\t\t\t\t\t<section class=\"elementor-section elementor-top-section elementor-element elementor-element-88ba6c1 elementor-section-boxed elementor-section-height-default elementor-section-height-default\" data-id=\"88ba6c1\" data-element_type=\"section\">\n\t\t\t\t\t\t<div class=\"elementor-container elementor-column-gap-default\">\n\t\t\t\t\t\t\t<div class=\"elementor-row\">\n\t\t\t\t\t<div class=\"elementor-column elementor-col-100 elementor-top-column elementor-element elementor-element-80e58b9\" data-id=\"80e58b9\" data-element_type=\"column\">\n\t\t\t<div class=\"elementor-column-wrap elementor-element-populated\">\n\t\t\t\t\t\t\t<div class=\"elementor-widget-wrap\">\n\t\t\t\t\t\t<div class=\"elementor-element elementor-element-a4384ec elementor-widget elementor-widget-spacer\" data-id=\"a4384ec\" data-element_type=\"widget\" data-widget_type=\"spacer.default\">\n\t\t\t\t<div class=\"elementor-widget-container\">\n\t\t\t\t\t<div class=\"elementor-spacer\">\n\t\t\t<div class=\"elementor-spacer-inner\"><\/div>\n\t\t<\/div>\n\t\t\t\t<\/div>\n\t\t\t\t<\/div>\n\t\t\t\t<div class=\"elementor-element elementor-element-fccbade elementor-widget elementor-widget-heading\" data-id=\"fccbade\" data-element_type=\"widget\" data-widget_type=\"heading.default\">\n\t\t\t\t<div class=\"elementor-widget-container\">\n\t\t\t<h1 class=\"elementor-heading-title elementor-size-xxl\">Muro conmemorativo virtual<\/h1>\t\t<\/div>\n\t\t\t\t<\/div>\n\t\t\t\t\t\t<\/div>\n\t\t\t\t\t<\/div>\n\t\t<\/div>\n\t\t\t\t\t\t\t\t<\/div>\n\t\t\t\t\t<\/div>\n\t\t<\/section>\n\t\t\t\t<section class=\"elementor-section elementor-top-section elementor-element elementor-element-b6b52f9 elementor-section-boxed elementor-section-height-default elementor-section-height-default\" data-id=\"b6b52f9\" data-element_type=\"section\">\n\t\t\t\t\t\t<div class=\"elementor-container elementor-column-gap-default\">\n\t\t\t\t\t\t\t<div class=\"elementor-row\">\n\t\t\t\t\t<div class=\"elementor-column elementor-col-100 elementor-top-column elementor-element elementor-element-0ed8608\" data-id=\"0ed8608\" data-element_type=\"column\">\n\t\t\t<div class=\"elementor-column-wrap elementor-element-populated\">\n\t\t\t\t\t\t\t<div class=\"elementor-widget-wrap\">\n\t\t\t\t\t\t<div class=\"elementor-element elementor-element-4941d44 elementor-widget elementor-widget-spacer\" data-id=\"4941d44\" data-element_type=\"widget\" data-widget_type=\"spacer.default\">\n\t\t\t\t<div class=\"elementor-widget-container\">\n\t\t\t\t\t<div class=\"elementor-spacer\">\n\t\t\t<div class=\"elementor-spacer-inner\"><\/div>\n\t\t<\/div>\n\t\t\t\t<\/div>\n\t\t\t\t<\/div>\n\t\t\t\t<div class=\"elementor-element elementor-element-1c93a54 elementor-widget elementor-widget-text-editor\" data-id=\"1c93a54\" data-element_type=\"widget\" data-widget_type=\"text-editor.default\">\n\t\t\t\t<div class=\"elementor-widget-container\">\n\t\t\t\t\t\t\t\t<div class=\"elementor-text-editor elementor-clearfix\">\n\t\t\t\t<p>El Virtual Memorial Wall de Willow House es una forma para que las familias transmitan que los recuerdos y las im\u00e1genes de nuestros seres queridos durar\u00e1n toda la vida y seguir\u00e1n viviendo en nuestros corazones y mentes.<\/p>\n<p>Las im\u00e1genes son una forma maravillosa de mantener cerca a los seres queridos que hemos perdido y recordar su importancia en nuestras vidas.<\/p>\n<p>Uno de los aspectos m\u00e1s conmovedores del Virtual Memorial Wall es que dura para siempre y est\u00e1 dise\u00f1ado para traer recuerdos felices, al tiempo que expresa que aquellos que hemos perdido siempre ser\u00e1n honrados y amados.<\/p>\n<p style=\"text-align: center;\">Haga clic en las im\u00e1genes a continuaci\u00f3n para ver m\u00e1s informaci\u00f3n sobre los seres queridos honrados aqu\u00ed.<\/p>\n\t\t\t\t\t<\/div>\n\t\t\t\t\t\t<\/div>\n\t\t\t\t<\/div>\n\t\t\t\t<div class=\"elementor-element elementor-element-98864f6 elementor-widget elementor-widget-spacer\" data-id=\"98864f6\" data-element_type=\"widget\" data-widget_type=\"spacer.default\">\n\t\t\t\t<div class=\"elementor-widget-container\">\n\t\t\t\t\t<div class=\"elementor-spacer\">\n\t\t\t<div class=\"elementor-spacer-inner\"><\/div>\n\t\t<\/div>\n\t\t\t\t<\/div>\n\t\t\t\t<\/div>\n\t\t\t\t\t\t<\/div>\n\t\t\t\t\t<\/div>\n\t\t<\/div>\n\t\t\t\t\t\t\t\t<\/div>\n\t\t\t\t\t<\/div>\n\t\t<\/section>\n\t\t\t\t<section class=\"elementor-section elementor-top-section elementor-element elementor-element-90fa0a2 elementor-section-boxed elementor-section-height-default elementor-section-height-default\" data-id=\"90fa0a2\" data-element_type=\"section\">\n\t\t\t\t\t\t<div class=\"elementor-container elementor-column-gap-default\">\n\t\t\t\t\t\t\t<div class=\"elementor-row\">\n\t\t\t\t\t<div class=\"elementor-column elementor-col-100 elementor-top-column elementor-element elementor-element-df490f8\" data-id=\"df490f8\" data-element_type=\"column\">\n\t\t\t<div class=\"elementor-column-wrap elementor-element-populated\">\n\t\t\t\t\t\t\t<div class=\"elementor-widget-wrap\">\n\t\t\t\t\t\t<div class=\"elementor-element elementor-element-5eea0f7 elementor-widget elementor-widget-spacer\" data-id=\"5eea0f7\" data-element_type=\"widget\" data-widget_type=\"spacer.default\">\n\t\t\t\t<div class=\"elementor-widget-container\">\n\t\t\t\t\t<div class=\"elementor-spacer\">\n\t\t\t<div class=\"elementor-spacer-inner\"><\/div>\n\t\t<\/div>\n\t\t\t\t<\/div>\n\t\t\t\t<\/div>\n\t\t\t\t\t\t<\/div>\n\t\t\t\t\t<\/div>\n\t\t<\/div>\n\t\t\t\t\t\t\t\t<\/div>\n\t\t\t\t\t<\/div>\n\t\t<\/section>\n\t\t\t\t<section class=\"elementor-section elementor-top-section elementor-element elementor-element-4eba35b elementor-section-boxed elementor-section-height-default elementor-section-height-default\" data-id=\"4eba35b\" data-element_type=\"section\">\n\t\t\t\t\t\t<div class=\"elementor-container elementor-column-gap-default\">\n\t\t\t\t\t\t\t<div class=\"elementor-row\">\n\t\t\t\t\t<div class=\"elementor-column elementor-col-100 elementor-top-column elementor-element elementor-element-8ac4ab6\" data-id=\"8ac4ab6\" data-element_type=\"column\">\n\t\t\t<div class=\"elementor-column-wrap elementor-element-populated\">\n\t\t\t\t\t\t\t<div class=\"elementor-widget-wrap\">\n\t\t\t\t\t\t<div class=\"elementor-element elementor-element-8cb52e9 elementor-widget elementor-widget-text-editor\" data-id=\"8cb52e9\" data-element_type=\"widget\" data-widget_type=\"text-editor.default\">\n\t\t\t\t<div class=\"elementor-widget-container\">\n\t\t\t\t\t\t\t\t<div class=\"elementor-text-editor elementor-clearfix\">\n\t\t\t\t<p style=\"text-align: center;\">Si desea que su ser querido sea incluido en el Virtual Memorial Wall de Willow House, env\u00edenos un correo electr\u00f3nico a <a href=\"mailto:info@willowhouse.org\" target=\"_blank\" rel=\"noopener\"><span style=\"text-decoration: underline; color: #00ccff;\">info@willowhouse.org<\/span><\/a>.<\/p>\n\t\t\t\t\t<\/div>\n\t\t\t\t\t\t<\/div>\n\t\t\t\t<\/div>\n\t\t\t\t\t\t<\/div>\n\t\t\t\t\t<\/div>\n\t\t<\/div>\n\t\t\t\t\t\t\t\t<\/div>\n\t\t\t\t\t<\/div>\n\t\t<\/section>\n\t\t\t\t\t\t\t\t\t<\/div>\n\t\t\t<\/div>\n\t\t\t\t\t<\/div>\n\t\t","protected":false},"excerpt":{"rendered":"<p>Muro conmemorativo virtual El Virtual Memorial Wall de Willow House es una forma para que las familias transmitan que los recuerdos y las im\u00e1genes de&hellip;<\/p>\n","protected":false},"author":6,"featured_media":0,"parent":0,"menu_order":0,"comment_status":"closed","ping_status":"closed","template":"elementor_header_footer","meta":[],"yoast_head":"<!-- This site is optimized with the Yoast SEO plugin v19.3 - https:\/\/yoast.com\/wordpress\/plugins\/seo\/ -->\n<title>Muro conmemorativo virtual - Willow House<\/title>\n<meta name=\"description\" content=\"El Virtual Memorial Wall de Willow House es una manera para que las familias transmitan que los recuerdos y las im\u00e1genes de nuestros seres queridos durar\u00e1n toda la vida y seguir\u00e1n viviendo en nuestros corazones y mentes. recordar su importancia en nuestras vidas.\" \/>\n<meta name=\"robots\" content=\"index, follow, max-snippet:-1, max-image-preview:large, max-video-preview:-1\" \/>\n<link rel=\"canonical\" href=\"https:\/\/original.willowhouse.org\/es\/muro-conmemorativo-virtual\/\" \/>\n<meta property=\"og:locale\" content=\"es_ES\" \/>\n<meta property=\"og:type\" content=\"article\" \/>\n<meta property=\"og:title\" content=\"Muro conmemorativo virtual - Willow House\" \/>\n<meta property=\"og:description\" content=\"El Virtual Memorial Wall de Willow House es una manera para que las familias transmitan que los recuerdos y las im\u00e1genes de nuestros seres queridos durar\u00e1n toda la vida y seguir\u00e1n viviendo en nuestros corazones y mentes. recordar su importancia en nuestras vidas.\" \/>\n<meta property=\"og:url\" content=\"https:\/\/original.willowhouse.org\/es\/muro-conmemorativo-virtual\/\" \/>\n<meta property=\"og:site_name\" content=\"Willow House\" \/>\n<meta property=\"article:modified_time\" content=\"2020-11-29T06:03:14+00:00\" \/>\n<meta name=\"twitter:card\" content=\"summary_large_image\" \/>\n<meta name=\"twitter:label1\" content=\"Tiempo de lectura\" \/>\n\t<meta name=\"twitter:data1\" content=\"1 minuto\" \/>\n<!-- \/ Yoast SEO plugin. -->","yoast_head_json":{"title":"Muro conmemorativo virtual - Willow House","description":"El Virtual Memorial Wall de Willow House es una manera para que las familias transmitan que los recuerdos y las im\u00e1genes de nuestros seres queridos durar\u00e1n toda la vida y seguir\u00e1n viviendo en nuestros corazones y mentes. recordar su importancia en nuestras vidas.","robots":{"index":"index","follow":"follow","max-snippet":"max-snippet:-1","max-image-preview":"max-image-preview:large","max-video-preview":"max-video-preview:-1"},"canonical":"https:\/\/original.willowhouse.org\/es\/muro-conmemorativo-virtual\/","og_locale":"es_ES","og_type":"article","og_title":"Muro conmemorativo virtual - Willow House","og_description":"El Virtual Memorial Wall de Willow House es una manera para que las familias transmitan que los recuerdos y las im\u00e1genes de nuestros seres queridos durar\u00e1n toda la vida y seguir\u00e1n viviendo en nuestros corazones y mentes. recordar su importancia en nuestras vidas.","og_url":"https:\/\/original.willowhouse.org\/es\/muro-conmemorativo-virtual\/","og_site_name":"Willow House","article_modified_time":"2020-11-29T06:03:14+00:00","twitter_card":"summary_large_image","twitter_misc":{"Tiempo de lectura":"1 minuto"},"schema":{"@context":"https:\/\/schema.org","@graph":[{"@type":"Organization","@id":"https:\/\/original.willowhouse.org\/#organization","name":"Willow House","url":"https:\/\/original.willowhouse.org\/","sameAs":[],"logo":{"@type":"ImageObject","inLanguage":"es","@id":"https:\/\/original.willowhouse.org\/#\/schema\/logo\/image\/","url":"https:\/\/original.willowhouse.org\/wp-content\/uploads\/2019\/04\/WH_Logo_Horiz_tagline-1.png","contentUrl":"https:\/\/original.willowhouse.org\/wp-content\/uploads\/2019\/04\/WH_Logo_Horiz_tagline-1.png","width":1947,"height":576,"caption":"Willow House"},"image":{"@id":"https:\/\/original.willowhouse.org\/#\/schema\/logo\/image\/"}},{"@type":"WebSite","@id":"https:\/\/original.willowhouse.org\/#website","url":"https:\/\/original.willowhouse.org\/","name":"Willow House","description":"Where HOPE lives and HEALING begins.","publisher":{"@id":"https:\/\/original.willowhouse.org\/#organization"},"potentialAction":[{"@type":"SearchAction","target":{"@type":"EntryPoint","urlTemplate":"https:\/\/original.willowhouse.org\/?s={search_term_string}"},"query-input":"required name=search_term_string"}],"inLanguage":"es"},{"@type":"WebPage","@id":"https:\/\/original.willowhouse.org\/es\/muro-conmemorativo-virtual\/","url":"https:\/\/original.willowhouse.org\/es\/muro-conmemorativo-virtual\/","name":"Muro conmemorativo virtual - Willow House","isPartOf":{"@id":"https:\/\/original.willowhouse.org\/#website"},"datePublished":"2020-11-24T21:11:27+00:00","dateModified":"2020-11-29T06:03:14+00:00","description":"El Virtual Memorial Wall de Willow House es una manera para que las familias transmitan que los recuerdos y las im\u00e1genes de nuestros seres queridos durar\u00e1n toda la vida y seguir\u00e1n viviendo en nuestros corazones y mentes. recordar su importancia en nuestras vidas.","breadcrumb":{"@id":"https:\/\/original.willowhouse.org\/es\/muro-conmemorativo-virtual\/#breadcrumb"},"inLanguage":"es","potentialAction":[{"@type":"ReadAction","target":["https:\/\/original.willowhouse.org\/es\/muro-conmemorativo-virtual\/"]}]},{"@type":"BreadcrumbList","@id":"https:\/\/original.willowhouse.org\/es\/muro-conmemorativo-virtual\/#breadcrumb","itemListElement":[{"@type":"ListItem","position":1,"name":"Home","item":"https:\/\/original.willowhouse.org\/es\/"},{"@type":"ListItem","position":2,"name":"Muro conmemorativo virtual"}]}]}},"_links":{"self":[{"href":"https:\/\/original.willowhouse.org\/es\/wp-json\/wp\/v2\/pages\/3702"}],"collection":[{"href":"https:\/\/original.willowhouse.org\/es\/wp-json\/wp\/v2\/pages"}],"about":[{"href":"https:\/\/original.willowhouse.org\/es\/wp-json\/wp\/v2\/types\/page"}],"author":[{"embeddable":true,"href":"https:\/\/original.willowhouse.org\/es\/wp-json\/wp\/v2\/users\/6"}],"replies":[{"embeddable":true,"href":"https:\/\/original.willowhouse.org\/es\/wp-json\/wp\/v2\/comments?post=3702"}],"version-history":[{"count":4,"href":"https:\/\/original.willowhouse.org\/es\/wp-json\/wp\/v2\/pages\/3702\/revisions"}],"predecessor-version":[{"id":5455,"href":"https:\/\/original.willowhouse.org\/es\/wp-json\/wp\/v2\/pages\/3702\/revisions\/5455"}],"wp:attachment":[{"href":"https:\/\/original.willowhouse.org\/es\/wp-json\/wp\/v2\/media?parent=3702"}],"curies":[{"name":"wp","href":"https:\/\/api.w.org\/{rel}","templated":true}]}}